{"id":100,"date":"2008-06-24T16:19:48","date_gmt":"2008-06-24T14:19:48","guid":{"rendered":"http:\/\/e-business-unternehmensberatung.com\/blog\/?page_id=100"},"modified":"2011-11-10T17:27:48","modified_gmt":"2011-11-10T15:27:48","slug":"unternehmensberatung-regensburg","status":"publish","type":"page","link":"https:\/\/www.e-business-unternehmensberatung.com\/blog\/beratung-verzeichnis\/unternehmensberatungen\/unternehmensberatung-regensburg\/","title":{"rendered":"Unternehmensberatung Regensburg"},"content":{"rendered":"<h4>Consulting Informationen und Beratungsangebote der e-Business Unternehmensberatung und weiterer Unternehmensberater in Regensburg<\/h4>\n<p>.<\/p>\n<div id=\"attachment_1578\" style=\"width: 310px\" class=\"wp-caption alignleft\"><a href=\"https:\/\/www.e-business-unternehmensberatung.com\/blog\/wp-content\/uploads\/2008\/06\/Regensburg-Unternehmensberatungen.jpg\"><img loading=\"lazy\" decoding=\"async\" aria-describedby=\"caption-attachment-1578\" class=\"size-medium wp-image-1578\" title=\"Regensburg Unternehmensberatungen\" src=\"https:\/\/www.e-business-unternehmensberatung.com\/blog\/wp-content\/uploads\/2008\/06\/Regensburg-Unternehmensberatungen-300x199.jpg\" alt=\"Regensburg Unternehmensberatungen\" width=\"300\" height=\"199\" srcset=\"https:\/\/www.e-business-unternehmensberatung.com\/blog\/wp-content\/uploads\/2008\/06\/Regensburg-Unternehmensberatungen-300x199.jpg 300w, https:\/\/www.e-business-unternehmensberatung.com\/blog\/wp-content\/uploads\/2008\/06\/Regensburg-Unternehmensberatungen.jpg 425w\" sizes=\"auto, (max-width: 300px) 100vw, 300px\" \/><\/a><p id=\"caption-attachment-1578\" class=\"wp-caption-text\">Regensburg Dom mit Steinerner Br\u00fccke HDR \u00a9 Rainer Leidl Fotolia<\/p><\/div>\n<p>Regensburg, die ostbayerische Stadt mit etwa 133.000 Einwohnern ist mit seiner Altstadt Teil des UNESCO Weltkulturerbes und die viertgr\u00f6\u00dfte Stadt Bayerns. Regensburg ist stark vom verarbeitenden Gewerbe gepr\u00e4gt. So findet man hier den Automobilbau, Maschinenbau, Elektrotechnik, Mikroelektronik und auch Dienstleister rund um die wirtschaftlichen Kernbereiche. Die bekanntesten Unternehmen in Regensburg sind zum Beispiel BMW, Continental Automotive, Siemens, Infineon, Osram Opto Semiconductors, BSH Bosch und Siemens Hausger\u00e4te E.ON, Maschinenfabrik Reinhausen, SGB Starkstrom-Ger\u00e4tebau und nat\u00fcrlich auch einige bekannte Brauereien wie die F\u00fcrstliche Brauerei Thurn und Taxis. Unternehmensberatungen in Regensburg finden hier einen attraktiven Standort mit viel Potential.<\/p>\n<p>Wenn Sie selbst Unternehmensberater in Regensburg und Umgebung sind und als Netzwerkpartner der e-Business Unternehmensberatung eine eigene erfolgreiche Pr\u00e4sentationsseite \/ Verlinkung im Bereich Unternehmensberatung Regensburg nutzen m\u00f6chten, lesen Sie bitte die Informationen auf unserer Seite <a title=\"Unternehmensberatung Partner  werden\" href=\"https:\/\/www.e-business-unternehmensberatung.com\/blog\/netzwerk-partner-werden\/\" target=\"_blank\">Netzwerkpartner werden<\/a>.<\/p>\n<p>Finden Sie hier weitere Ansprechpartner f\u00fcr ihre Region.<\/p>\n<p><a href=\"https:\/\/www.e-business-unternehmensberatung.com\/blog\/beratung-verzeichnis\/unternehmensberatungen\/unternehmensberatung-regensburg\/webdesign-internet-beratung-regensburg\/\">e-Business Unternehmensberatung Regensburg<\/a><\/p>\n<p><a href=\"https:\/\/www.e-business-unternehmensberatung.com\/blog\/beratung-verzeichnis\/unternehmensberatungen\/unternehmensberatung-regensburg\/ihk-regensburg\/\">IHK Regensburg<\/a><\/p>\n","protected":false},"excerpt":{"rendered":"<p>Consulting Informationen und Beratungsangebote der e-Business Unternehmensberatung und weiterer Unternehmensberater in Regensburg . Regensburg, die ostbayerische Stadt mit etwa 133.000 Einwohnern ist mit seiner Altstadt Teil des UNESCO Weltkulturerbes und die viertgr\u00f6\u00dfte Stadt Bayerns. Regensburg ist stark vom verarbeitenden Gewerbe gepr\u00e4gt. So findet man hier den Automobilbau, Maschinenbau, Elektrotechnik, Mikroelektronik und auch Dienstleister rund um [&hellip;]<\/p>\n","protected":false},"author":1,"featured_media":0,"parent":23,"menu_order":38,"comment_status":"open","ping_status":"open","template":"","meta":{"_monsterinsights_skip_tracking":false,"_monsterinsights_sitenote_active":false,"_monsterinsights_sitenote_note":"","_monsterinsights_sitenote_category":0,"footnotes":""},"class_list":["post-100","page","type-page","status-publish","hentry"],"aioseo_notices":[],"_links":{"self":[{"href":"https:\/\/www.e-business-unternehmensberatung.com\/blog\/wp-json\/wp\/v2\/pages\/100","targetHints":{"allow":["GET"]}}],"collection":[{"href":"https:\/\/www.e-business-unternehmensberatung.com\/blog\/wp-json\/wp\/v2\/pages"}],"about":[{"href":"https:\/\/www.e-business-unternehmensberatung.com\/blog\/wp-json\/wp\/v2\/types\/page"}],"author":[{"embeddable":true,"href":"https:\/\/www.e-business-unternehmensberatung.com\/blog\/wp-json\/wp\/v2\/users\/1"}],"replies":[{"embeddable":true,"href":"https:\/\/www.e-business-unternehmensberatung.com\/blog\/wp-json\/wp\/v2\/comments?post=100"}],"version-history":[{"count":0,"href":"https:\/\/www.e-business-unternehmensberatung.com\/blog\/wp-json\/wp\/v2\/pages\/100\/revisions"}],"up":[{"embeddable":true,"href":"https:\/\/www.e-business-unternehmensberatung.com\/blog\/wp-json\/wp\/v2\/pages\/23"}],"wp:attachment":[{"href":"https:\/\/www.e-business-unternehmensberatung.com\/blog\/wp-json\/wp\/v2\/media?parent=100"}],"curies":[{"name":"wp","href":"https:\/\/api.w.org\/{rel}","templated":true}]}}