{"id":104,"date":"2008-06-24T16:26:35","date_gmt":"2008-06-24T14:26:35","guid":{"rendered":"http:\/\/e-business-unternehmensberatung.com\/blog\/?page_id=104"},"modified":"2011-11-10T17:28:45","modified_gmt":"2011-11-10T15:28:45","slug":"unternehmensberatung-rostock","status":"publish","type":"page","link":"https:\/\/www.e-business-unternehmensberatung.com\/blog\/beratung-verzeichnis\/unternehmensberatungen\/unternehmensberatung-rostock\/","title":{"rendered":"Unternehmensberatung Rostock"},"content":{"rendered":"<h4>Consulting Informationen und Beratungsangebote der e-Business Unternehmensberatung und weiterer Unternehmensberater in Rostock<\/h4>\n<p>.<\/p>\n<div id=\"attachment_1584\" style=\"width: 310px\" class=\"wp-caption alignleft\"><a href=\"https:\/\/www.e-business-unternehmensberatung.com\/blog\/wp-content\/uploads\/2008\/06\/Rostock-Unternehmensberatungen.jpg\"><img loading=\"lazy\" decoding=\"async\" aria-describedby=\"caption-attachment-1584\" class=\"size-medium wp-image-1584\" title=\"Rostock Unternehmensberatungen\" src=\"https:\/\/www.e-business-unternehmensberatung.com\/blog\/wp-content\/uploads\/2008\/06\/Rostock-Unternehmensberatungen-300x225.jpg\" alt=\"Rostock Unternehmensberatungen\" width=\"300\" height=\"225\" srcset=\"https:\/\/www.e-business-unternehmensberatung.com\/blog\/wp-content\/uploads\/2008\/06\/Rostock-Unternehmensberatungen-300x225.jpg 300w, https:\/\/www.e-business-unternehmensberatung.com\/blog\/wp-content\/uploads\/2008\/06\/Rostock-Unternehmensberatungen.jpg 400w\" sizes=\"auto, (max-width: 300px) 100vw, 300px\" \/><\/a><p id=\"caption-attachment-1584\" class=\"wp-caption-text\">Rostock Stadhafen \u00a9 Rent a Drone MV Fotolia<\/p><\/div>\n<p>Rostock, die Ostseemetropole mit gut 200.000 Einwohnern die gr\u00f6\u00dfte Stadt in Mecklenburg-Vorpommern und wichtigster Wirtschaftsstandort direkt an der Ostsee. Mit dem Ostseehafen ist Rostock einer der bedeutenden Kreuzfahrth\u00e4fen und G\u00fcterumschlagort in Deutschland. Mit dem Schiffbau, der Schiffahrt und dem Tourismus ist auch die Universit\u00e4t in Rostock ein starker Impulsgeber f\u00fcr die \u00f6rtliche Wirtschaft. Mit der Hanse und Backsteingotik bietet Rostock f\u00fcr viele Unternehmen ein besonders attraktives Umfeld. Zu den bekannten Unternehmen in Rostock z\u00e4hlen zum Beispiel die Neptun Werft und Warnow Werft, Liebherr, Caterpillar, DSR-Gruppe, Scandlines oder die AIDA Cruises sowie zahlreiche andere Unternehmen. Unternehmensberatungen haben in Rostock ein attraktives Umfeld und den nat\u00fcrlichen Charme einer besonders reizvollen Umgebung.<\/p>\n<p>Wenn Sie selbst Unternehmensberater in Rostock und Umgebung sind und als Netzwerkpartner der e-Business Unternehmensberatung eine eigene erfolgreiche Pr\u00e4sentationsseite \/ Verlinkung im Bereich Unternehmensberatung Rostock nutzen m\u00f6chten, lesen Sie bitte die Informationen auf unserer Seite <a title=\"Unternehmensberatung Partner  werden\" href=\"https:\/\/www.e-business-unternehmensberatung.com\/blog\/netzwerk-partner-werden\/\" target=\"_blank\">Netzwerkpartner werden<\/a>.<\/p>\n<p>Finden Sie hier weitere Ansprechpartner f\u00fcr ihre Region.<\/p>\n<p><a href=\"https:\/\/www.e-business-unternehmensberatung.com\/blog\/beratung-verzeichnis\/unternehmensberatungen\/unternehmensberatung-rostock\/beratung-fuer-webdesign-rostock\/\">e-Business Unternehmensberatung Rostock<\/a><\/p>\n<p><a href=\"https:\/\/www.e-business-unternehmensberatung.com\/blog\/beratung-verzeichnis\/unternehmensberatungen\/unternehmensberatung-rostock\/ihk-rostock\/\">IHK Rostock<\/a><\/p>\n<p><span><br \/>\n<\/span><\/p>\n","protected":false},"excerpt":{"rendered":"<p>Consulting Informationen und Beratungsangebote der e-Business Unternehmensberatung und weiterer Unternehmensberater in Rostock . Rostock, die Ostseemetropole mit gut 200.000 Einwohnern die gr\u00f6\u00dfte Stadt in Mecklenburg-Vorpommern und wichtigster Wirtschaftsstandort direkt an der Ostsee. Mit dem Ostseehafen ist Rostock einer der bedeutenden Kreuzfahrth\u00e4fen und G\u00fcterumschlagort in Deutschland. Mit dem Schiffbau, der Schiffahrt und dem Tourismus ist auch [&hellip;]<\/p>\n","protected":false},"author":1,"featured_media":0,"parent":23,"menu_order":40,"comment_status":"open","ping_status":"open","template":"","meta":{"_monsterinsights_skip_tracking":false,"_monsterinsights_sitenote_active":false,"_monsterinsights_sitenote_note":"","_monsterinsights_sitenote_category":0,"footnotes":""},"class_list":["post-104","page","type-page","status-publish","hentry"],"aioseo_notices":[],"_links":{"self":[{"href":"https:\/\/www.e-business-unternehmensberatung.com\/blog\/wp-json\/wp\/v2\/pages\/104","targetHints":{"allow":["GET"]}}],"collection":[{"href":"https:\/\/www.e-business-unternehmensberatung.com\/blog\/wp-json\/wp\/v2\/pages"}],"about":[{"href":"https:\/\/www.e-business-unternehmensberatung.com\/blog\/wp-json\/wp\/v2\/types\/page"}],"author":[{"embeddable":true,"href":"https:\/\/www.e-business-unternehmensberatung.com\/blog\/wp-json\/wp\/v2\/users\/1"}],"replies":[{"embeddable":true,"href":"https:\/\/www.e-business-unternehmensberatung.com\/blog\/wp-json\/wp\/v2\/comments?post=104"}],"version-history":[{"count":0,"href":"https:\/\/www.e-business-unternehmensberatung.com\/blog\/wp-json\/wp\/v2\/pages\/104\/revisions"}],"up":[{"embeddable":true,"href":"https:\/\/www.e-business-unternehmensberatung.com\/blog\/wp-json\/wp\/v2\/pages\/23"}],"wp:attachment":[{"href":"https:\/\/www.e-business-unternehmensberatung.com\/blog\/wp-json\/wp\/v2\/media?parent=104"}],"curies":[{"name":"wp","href":"https:\/\/api.w.org\/{rel}","templated":true}]}}