{"id":112,"date":"2008-06-24T17:41:12","date_gmt":"2008-06-24T15:41:12","guid":{"rendered":"http:\/\/e-business-unternehmensberatung.com\/blog\/?page_id=112"},"modified":"2011-11-10T17:30:28","modified_gmt":"2011-11-10T15:30:28","slug":"unternehmensberatung-ulm","status":"publish","type":"page","link":"https:\/\/www.e-business-unternehmensberatung.com\/blog\/beratung-verzeichnis\/unternehmensberatungen\/unternehmensberatung-ulm\/","title":{"rendered":"Unternehmensberatung Ulm"},"content":{"rendered":"<h4>Consulting Informationen und Beratungsangebote der e-Business Unternehmensberatung und weiterer Unternehmensberater in Ulm<\/h4>\n<p>.<\/p>\n<div id=\"attachment_1593\" style=\"width: 310px\" class=\"wp-caption alignleft\"><a href=\"https:\/\/www.e-business-unternehmensberatung.com\/blog\/wp-content\/uploads\/2008\/06\/Ulm-Unternehmensberatungen.jpg\"><img loading=\"lazy\" decoding=\"async\" aria-describedby=\"caption-attachment-1593\" class=\"size-medium wp-image-1593\" title=\"Ulm Unternehmensberatungen\" src=\"https:\/\/www.e-business-unternehmensberatung.com\/blog\/wp-content\/uploads\/2008\/06\/Ulm-Unternehmensberatungen-300x225.jpg\" alt=\"Ulm Unternehmensberatungen\" width=\"300\" height=\"225\" srcset=\"https:\/\/www.e-business-unternehmensberatung.com\/blog\/wp-content\/uploads\/2008\/06\/Ulm-Unternehmensberatungen-300x225.jpg 300w, https:\/\/www.e-business-unternehmensberatung.com\/blog\/wp-content\/uploads\/2008\/06\/Ulm-Unternehmensberatungen.jpg 400w\" sizes=\"auto, (max-width: 300px) 100vw, 300px\" \/><\/a><p id=\"caption-attachment-1593\" class=\"wp-caption-text\">Ulm bei Nacht \u00a9 Commander Fotolia<\/p><\/div>\n<p>Ulm, die Universit\u00e4tsstadt mit etwa 120.000 Einwohnern am s\u00fcd\u00f6stlichen Rand der Schw\u00e4bischen Alb ist ein bedeutender Standort f\u00fcr der elektronischen Industrie und der Waffenherstellung sowie der Nutzfahrzeugindustrie. Zu den bekannten Unternehmen in Ulm geh\u00f6ren AEG ID, J. G. Ansch\u00fctz, Atmel Germany, Beurer, Brauerei Gold Ochsen, Daimler AG, Deutz AG, EADS, Gardena, IVECO, H. Krieghoff, Liqui Moly, MairDumont, Merckle Unternehmensgruppe, Ratiopharm, Takata, Uzin Utz und viele andere Firmen. Unternehmensberatungen finden in Ulm eine breite Basis an mittelst\u00e4ndischen Unternehmen die auch international erfolgeich sind.<\/p>\n<p>Wenn Sie selbst Unternehmensberater in Ulm und Umgebung sind und als Netzwerkpartner der e-Business Unternehmensberatung eine eigene erfolgreiche Pr\u00e4sentationsseite \/ Verlinkung im Bereich Unternehmensberatung Ulm nutzen m\u00f6chten, lesen Sie bitte die Informationen auf unserer Seite <a title=\"Unternehmensberatung Partner  werden\" href=\"https:\/\/www.e-business-unternehmensberatung.com\/blog\/netzwerk-partner-werden\/\" target=\"_blank\">Netzwerkpartner werden<\/a>.<\/p>\n<p>Finden Sie hier weitere Ansprechpartner f\u00fcr ihre Region.<\/p>\n<p><a href=\"https:\/\/www.e-business-unternehmensberatung.com\/blog\/beratung-verzeichnis\/unternehmensberatungen\/unternehmensberatung-ulm\/suchmaschinen-marketing-internetmarketing-ulm\/\">e-Business Unternehmensberatung Ulm<\/a><\/p>\n<p><a href=\"https:\/\/www.e-business-unternehmensberatung.com\/blog\/beratung-verzeichnis\/unternehmensberatungen\/unternehmensberatung-ulm\/ihk-ulm\/\">IHK Ulm<\/a><\/p>\n","protected":false},"excerpt":{"rendered":"<p>Consulting Informationen und Beratungsangebote der e-Business Unternehmensberatung und weiterer Unternehmensberater in Ulm . Ulm, die Universit\u00e4tsstadt mit etwa 120.000 Einwohnern am s\u00fcd\u00f6stlichen Rand der Schw\u00e4bischen Alb ist ein bedeutender Standort f\u00fcr der elektronischen Industrie und der Waffenherstellung sowie der Nutzfahrzeugindustrie. Zu den bekannten Unternehmen in Ulm geh\u00f6ren AEG ID, J. G. Ansch\u00fctz, Atmel Germany, Beurer, [&hellip;]<\/p>\n","protected":false},"author":1,"featured_media":0,"parent":23,"menu_order":44,"comment_status":"open","ping_status":"open","template":"","meta":{"_monsterinsights_skip_tracking":false,"_monsterinsights_sitenote_active":false,"_monsterinsights_sitenote_note":"","_monsterinsights_sitenote_category":0,"footnotes":""},"class_list":["post-112","page","type-page","status-publish","hentry"],"aioseo_notices":[],"_links":{"self":[{"href":"https:\/\/www.e-business-unternehmensberatung.com\/blog\/wp-json\/wp\/v2\/pages\/112","targetHints":{"allow":["GET"]}}],"collection":[{"href":"https:\/\/www.e-business-unternehmensberatung.com\/blog\/wp-json\/wp\/v2\/pages"}],"about":[{"href":"https:\/\/www.e-business-unternehmensberatung.com\/blog\/wp-json\/wp\/v2\/types\/page"}],"author":[{"embeddable":true,"href":"https:\/\/www.e-business-unternehmensberatung.com\/blog\/wp-json\/wp\/v2\/users\/1"}],"replies":[{"embeddable":true,"href":"https:\/\/www.e-business-unternehmensberatung.com\/blog\/wp-json\/wp\/v2\/comments?post=112"}],"version-history":[{"count":0,"href":"https:\/\/www.e-business-unternehmensberatung.com\/blog\/wp-json\/wp\/v2\/pages\/112\/revisions"}],"up":[{"embeddable":true,"href":"https:\/\/www.e-business-unternehmensberatung.com\/blog\/wp-json\/wp\/v2\/pages\/23"}],"wp:attachment":[{"href":"https:\/\/www.e-business-unternehmensberatung.com\/blog\/wp-json\/wp\/v2\/media?parent=112"}],"curies":[{"name":"wp","href":"https:\/\/api.w.org\/{rel}","templated":true}]}}