{"id":120,"date":"2008-06-24T18:58:57","date_gmt":"2008-06-24T16:58:57","guid":{"rendered":"http:\/\/e-business-unternehmensberatung.com\/blog\/?page_id=120"},"modified":"2026-02-09T23:59:36","modified_gmt":"2026-02-09T21:59:36","slug":"netzwerk-partner-werden","status":"publish","type":"page","link":"https:\/\/www.e-business-unternehmensberatung.com\/blog\/netzwerk-partner-werden\/","title":{"rendered":"Netzwerk-Partner werden"},"content":{"rendered":"<p>Sie sind Unternehmensberater und bieten in Ihrem Fachgebiet eine ausgepr\u00e4gte Kompetenz f\u00fcr kleine und mittelst\u00e4ndische Unternehmen KMU an? Sie suchen einen starken Partner, der Ihre Beratungskompetenz in der Sichtbarkeit im Internet deutlich nach vorne bringt und f\u00fcr alle Fragen des e-Business innovative L\u00f6sungen und Erfolgsstrategien f\u00fcr Sie und Ihre Kunden hat?<\/p>\n<p><strong>Dann sollten Sie Netzwerkpartner der e-Business Unternehmensberatung werden!<\/strong><\/p>\n<p>Die e-Business Unternehmensberatung expandiert und sucht laufend weitere selbstst\u00e4ndige Unternehmensberater \/ Netzwerkpartner, die gemeinsam mit uns die Basis unserer anspruchsvollen Beratungs- und Dienstleistungsqualit\u00e4t ausbauen und als Spezialist Kundenprojekte, die nicht unser Fachgebiet betreffen, begleiten.<\/p>\n<p>Als Netzwerkpartner der e-Business Unternehmensberatung profitieren Sie von einer starken Pr\u00e4senz im Internet und einer umfassenden Know How Basis mit weitreichenden Kontakten.<\/p>\n<p>Als Premium-Netzwerkpartner erhalten Sie eine <strong>eigene Pr\u00e4sentationsseite<\/strong> in unserem Internetauftritt mit <strong>top Indexierungen<\/strong> bei allen relevanten Suchmaschinen und k\u00f6nnen, <strong>so oft Sie wollen, Artikel mit ebenfalls erstklassigen Indexierungen \u00fcber unser Blogsystem ver\u00f6ffentlichen<\/strong>. Dies ist eine \u00e4u\u00dferst effektive und reichweitenstarke Unterst\u00fctzung f\u00fcr Ihr Marketing und nat\u00fcrlich eine <strong>deutliche Verbesserung der Indexierung sowie Auffindbarkeit Ihrer eigenen Internetseite<\/strong> bei den Suchmaschinen.<\/p>\n<p>Den Service f\u00fcr die <strong>laufende Vermittlung von Interessentenanfragen<\/strong>, die Gestaltung und Betreuung Ihrer Internetseite bei uns sowie die Beratung zur Optimierung von Indexierungen Ihrer Fachartikel unterst\u00fctzen unsere Premium-Netzwerkpartner mit einer monatlichen Pauschale von nur \u20ac 49,95&#8211; zzgl. MwSt. In Kombination mit dem obligatorischen Link \/ Backlink von Ihrer Internetseite auf www.e-business-unternehmensberatung.com nutzen Sie vom ersten Tag einer Netzwerk-Partnerschaft eine der effizientesten Informations- und Pr\u00e4sentationsm\u00f6glichkeiten \u00fcberhaupt. Mit <strong>unbegrenzter Kontaktgenerierung<\/strong> \u00fcber Ihre ver\u00f6ffentlichten Inhalte auf der e-Business Unternehmensberatung.<\/p>\n<p>Testen Sie diese M\u00f6glichkeiten und Sie werden staunen, wie schnell eine Seite 1 Indexierung z.B. bei Google zu konkreten Auftr\u00e4gen f\u00fchren kann.<\/p>\n<p>Hier k\u00f6nnen Sie das pdf. Anmeldeformular f\u00fcr Ihre eigene Premium-Netzwerkpartner Internetseite und die unbegrenzte Nutzung unseres Artikel \/ Blogsystems f\u00fcr Ihre eigenen Fachartikel und Ver\u00f6ffentlichungen downloaden. Bitte senden Sie uns das ausgef\u00fcllte und unterschriebene pdf. Formular per Telefax oder Post zur\u00fcck.<\/p>\n<p style=\"text-align: left;\">Als <strong>Alternative zur Premium-Netzwerkpartnerschaft<\/strong> mit ansonsten gleichen Rahmenbedingungen k\u00f6nnen Sie auch einen <strong>kostenlosen einfachen Linkverweis<\/strong> aus unserer jeweiligen St\u00e4dte Verzeichnisseite f\u00fcr Netzwerkpartner erhalten. Die Nutzung unseres Blogsystems mit Verlinkungsm\u00f6glichkeit auf Ihre eigene Internetseite sowie eine eigene top indexierte Pr\u00e4sentationsseite mit deutlich st\u00e4rkeren Suchmaschinenvorteilen ist hier nicht m\u00f6glich.<\/p>\n<p style=\"text-align: center;\"><strong><a href=\"https:\/\/www.e-business-unternehmensberatung.com\/blog\/artikel-schreiben\/\">Weitere Informationen zum ver\u00f6ffentlichen von Artikeln bei uns lesen Sie hier.<\/a><\/strong><\/p>\n<p>Wenn Sie Interesse an einer Partnerschaft mit der e-Business Unternehmensberatung haben, k\u00f6nnen Sie uns gerne ansprechen.<\/p>\n<p>Tel. 0049 (0) 571 \/ 9519960<\/p>\n<p>oder info(at)e-business-unternehmensberatung.com<\/p>\n","protected":false},"excerpt":{"rendered":"<p>Sie sind Unternehmensberater und bieten in Ihrem Fachgebiet eine ausgepr\u00e4gte Kompetenz f\u00fcr kleine und mittelst\u00e4ndische Unternehmen KMU an? Sie suchen einen starken Partner, der Ihre Beratungskompetenz in der Sichtbarkeit im Internet deutlich nach vorne bringt und f\u00fcr alle Fragen des e-Business innovative L\u00f6sungen und Erfolgsstrategien f\u00fcr Sie und Ihre Kunden hat? Dann sollten Sie Netzwerkpartner [&hellip;]<\/p>\n","protected":false},"author":1,"featured_media":0,"parent":0,"menu_order":4,"comment_status":"open","ping_status":"open","template":"","meta":{"_monsterinsights_skip_tracking":false,"_monsterinsights_sitenote_active":false,"_monsterinsights_sitenote_note":"","_monsterinsights_sitenote_category":0,"footnotes":""},"class_list":["post-120","page","type-page","status-publish","hentry"],"aioseo_notices":[],"_links":{"self":[{"href":"https:\/\/www.e-business-unternehmensberatung.com\/blog\/wp-json\/wp\/v2\/pages\/120","targetHints":{"allow":["GET"]}}],"collection":[{"href":"https:\/\/www.e-business-unternehmensberatung.com\/blog\/wp-json\/wp\/v2\/pages"}],"about":[{"href":"https:\/\/www.e-business-unternehmensberatung.com\/blog\/wp-json\/wp\/v2\/types\/page"}],"author":[{"embeddable":true,"href":"https:\/\/www.e-business-unternehmensberatung.com\/blog\/wp-json\/wp\/v2\/users\/1"}],"replies":[{"embeddable":true,"href":"https:\/\/www.e-business-unternehmensberatung.com\/blog\/wp-json\/wp\/v2\/comments?post=120"}],"version-history":[{"count":1,"href":"https:\/\/www.e-business-unternehmensberatung.com\/blog\/wp-json\/wp\/v2\/pages\/120\/revisions"}],"predecessor-version":[{"id":4519,"href":"https:\/\/www.e-business-unternehmensberatung.com\/blog\/wp-json\/wp\/v2\/pages\/120\/revisions\/4519"}],"wp:attachment":[{"href":"https:\/\/www.e-business-unternehmensberatung.com\/blog\/wp-json\/wp\/v2\/media?parent=120"}],"curies":[{"name":"wp","href":"https:\/\/api.w.org\/{rel}","templated":true}]}}