{"id":122,"date":"2008-06-24T21:32:36","date_gmt":"2008-06-24T19:32:36","guid":{"rendered":"http:\/\/e-business-unternehmensberatung.com\/blog\/?page_id=122"},"modified":"2018-09-11T11:53:01","modified_gmt":"2018-09-11T09:53:01","slug":"ueber-uns","status":"publish","type":"page","link":"https:\/\/www.e-business-unternehmensberatung.com\/blog\/ueber-uns\/","title":{"rendered":"\u00dcber mich"},"content":{"rendered":"<p>&nbsp;<\/p>\n<p style=\"text-align: center;\"><span style=\"font-family: Arial,sans-serif;\"><span style=\"font-size: medium;\">Ein gutes Konzept + gute Organisation + Leidenschaft = Erfolg<\/span><\/span><strong><span style=\"font-family: Arial,sans-serif;\"><span style=\"font-size: medium;\"><br \/>\n<\/span><\/span><\/strong><\/p>\n<p style=\"text-align: center;\"><strong>\u00a0<\/strong><\/p>\n<p>Dies ist die einfache Maxime der e-Business Unternehmensberatung von Dirk Boelsems.<\/p>\n<p><a href=\"https:\/\/www.e-business-unternehmensberatung.com\/blog\/ueber-uns\/dirk-business\/\"><img loading=\"lazy\" decoding=\"async\" class=\"alignright wp-image-4491 size-medium\" title=\"Dirk Boelsems\" src=\"https:\/\/www.e-business-unternehmensberatung.com\/blog\/wp-content\/uploads\/2018\/09\/Dirk-Business-200x300.jpg\" alt=\"\" width=\"200\" height=\"300\" srcset=\"https:\/\/www.e-business-unternehmensberatung.com\/blog\/wp-content\/uploads\/2018\/09\/Dirk-Business-200x300.jpg 200w, https:\/\/www.e-business-unternehmensberatung.com\/blog\/wp-content\/uploads\/2018\/09\/Dirk-Business-768x1151.jpg 768w, https:\/\/www.e-business-unternehmensberatung.com\/blog\/wp-content\/uploads\/2018\/09\/Dirk-Business-683x1024.jpg 683w, https:\/\/www.e-business-unternehmensberatung.com\/blog\/wp-content\/uploads\/2018\/09\/Dirk-Business.jpg 982w\" sizes=\"auto, (max-width: 200px) 100vw, 200px\" \/><\/a><\/p>\n<p>Unter dem Dach der porta HAUS GmbH habe ich als gesch\u00e4ftsf\u00fchrender Gesellschafter verschiedene Internetprojekte entwickelt und aufgebaut, die unabh\u00e4ngig voneinander das Know How eines erfolgreichen Internet-Marketing Unternehmens wiederspiegeln.<\/p>\n<p>Erg\u00e4nzend (und eher aus reiner Leidenschaft f\u00fcr das Reisen) wurde ein neues Contentangebot im Reisemarkt unter <a href=\"http:\/\/www.reiseberichte-blog.com\" target=\"_blank\" rel=\"noopener\">www.reiseberichte-blog.com<\/a> im Oktober 2008 online gestellt.<\/p>\n<p>Dieses Angebot an Reiseanbieter und private Globetrotter wurde innerhalb von nur 18 Monaten zu einer der erfolgreichsten Seiten ihrer Art. Der Fokus auf beste Qualit\u00e4t an Inhalten und Benutzerfreundlichkeit, erg\u00e4nzt um pers\u00f6nliche Beratung von Autoren hochwertiger Reiseinformationen hat sich absolut best\u00e4tigt.<\/p>\n<p>&nbsp;<\/p>\n<p>Als Unternehmensberater und Unternehmer mit unterschiedlichen Engagements verf\u00fcge ich \u00fcber genau die Erfahrungen, die Sie ben\u00f6tigen um auf direktem Weg an ihr Ziel zu kommen.\u00a0<span style=\"text-align: center;\">Mobil, flexibel und in Partnerschaft mit meinem Spezialisten-Netzwerk k\u00fcmmere ich mich um das Wesentliche:<\/span><\/p>\n<p>&nbsp;<\/p>\n<p style=\"text-align: center;\"><span style=\"font-family: Arial,sans-serif;\"><span style=\"font-size: medium;\">Ihre Zufriedenheit durch erreichen der vereinbarten Ziele !<\/span><\/span><strong><span style=\"font-family: Arial,sans-serif;\"><span style=\"font-size: medium;\"><br \/>\n<\/span><\/span><\/strong><\/p>\n<p style=\"text-align: center;\"><strong>\u00a0<\/strong><\/p>\n<p>Sie erhalten sofort ein Feedback, ob Ihr Projekt oder Ihre Idee Potential hat bzw. welche Ma\u00dfnahmen n\u00f6tig sind, um die ersten Schritte in Richtung Erfolg zu gehen.<\/p>\n<p>&nbsp;<\/p>\n<p style=\"text-align: center;\"><span style=\"font-family: Arial,sans-serif;\"><span style=\"font-size: medium;\">Von Unternehmer zu Unternehmer<\/span><br \/>\n<\/span><\/p>\n<p style=\"text-align: center;\"><span style=\"font-family: Arial,sans-serif;\"><span style=\"font-size: medium;\">Rufen Sie an Tel. 0571 &#8211; 9519960 <\/span><\/span><\/p>\n<p style=\"text-align: center;\"><span style=\"font-family: Arial,sans-serif;\"><span style=\"font-size: medium;\">oder <\/span><\/span><\/p>\n<p style=\"text-align: center;\"><span style=\"font-family: Arial,sans-serif;\"><span style=\"font-size: medium;\">info(@)e-business-unternehmensberatung.com<\/span><\/span><\/p>\n<p style=\"text-align: left;\"><strong><span style=\"font-family: Arial, sans-serif; font-size: small;\"><br \/>\n<\/span> <\/strong><\/p>\n<p><strong>\u00a0<\/strong><\/p>\n<p><strong><a title=\"Unternehmensberatung Leistungen\" href=\"https:\/\/www.e-business-unternehmensberatung.com\/blog\/unsere-beratungsleistungen\/\">Meine Beratungsleistungen sehen Sie hier<\/a><br \/>\n<\/strong><\/p>\n","protected":false},"excerpt":{"rendered":"<p>&nbsp; Ein gutes Konzept + gute Organisation + Leidenschaft = Erfolg \u00a0 Dies ist die einfache Maxime der e-Business Unternehmensberatung von Dirk Boelsems. Unter dem Dach der porta HAUS GmbH habe ich als gesch\u00e4ftsf\u00fchrender Gesellschafter verschiedene Internetprojekte entwickelt und aufgebaut, die unabh\u00e4ngig voneinander das Know How eines erfolgreichen Internet-Marketing Unternehmens wiederspiegeln. Erg\u00e4nzend (und eher aus [&hellip;]<\/p>\n","protected":false},"author":1,"featured_media":0,"parent":0,"menu_order":5,"comment_status":"closed","ping_status":"open","template":"","meta":{"_monsterinsights_skip_tracking":false,"_monsterinsights_sitenote_active":false,"_monsterinsights_sitenote_note":"","_monsterinsights_sitenote_category":0,"footnotes":""},"class_list":["post-122","page","type-page","status-publish","hentry"],"aioseo_notices":[],"_links":{"self":[{"href":"https:\/\/www.e-business-unternehmensberatung.com\/blog\/wp-json\/wp\/v2\/pages\/122","targetHints":{"allow":["GET"]}}],"collection":[{"href":"https:\/\/www.e-business-unternehmensberatung.com\/blog\/wp-json\/wp\/v2\/pages"}],"about":[{"href":"https:\/\/www.e-business-unternehmensberatung.com\/blog\/wp-json\/wp\/v2\/types\/page"}],"author":[{"embeddable":true,"href":"https:\/\/www.e-business-unternehmensberatung.com\/blog\/wp-json\/wp\/v2\/users\/1"}],"replies":[{"embeddable":true,"href":"https:\/\/www.e-business-unternehmensberatung.com\/blog\/wp-json\/wp\/v2\/comments?post=122"}],"version-history":[{"count":2,"href":"https:\/\/www.e-business-unternehmensberatung.com\/blog\/wp-json\/wp\/v2\/pages\/122\/revisions"}],"predecessor-version":[{"id":4493,"href":"https:\/\/www.e-business-unternehmensberatung.com\/blog\/wp-json\/wp\/v2\/pages\/122\/revisions\/4493"}],"wp:attachment":[{"href":"https:\/\/www.e-business-unternehmensberatung.com\/blog\/wp-json\/wp\/v2\/media?parent=122"}],"curies":[{"name":"wp","href":"https:\/\/api.w.org\/{rel}","templated":true}]}}