{"id":131,"date":"2008-07-04T15:38:52","date_gmt":"2008-07-04T13:38:52","guid":{"rendered":"http:\/\/www.e-business-unternehmensberatung.com\/blog\/?page_id=131"},"modified":"2009-02-17T23:21:40","modified_gmt":"2009-02-17T21:21:40","slug":"partnerprogramm","status":"publish","type":"page","link":"https:\/\/www.e-business-unternehmensberatung.com\/blog\/partnerprogramm\/","title":{"rendered":"Partnerprogramm"},"content":{"rendered":"<p>Partnerprogramme oder auch Affiliate Marketing genannt, geh\u00f6ren abh\u00e4ngig von der Zielgruppe oder dem angebotenen Produkt oder der Dienstleistung zu den interessanten Bausteinen des Internet-Marketing.<\/p>\n<p>Um Ihnen selbst die M\u00f6glichkeit zu geben eigene Erfahrungen als Affiliate (Affiliates blenden auf ihren eigenen Internetseiten die Werbemittel i.d.R. Werbebanner des Partnerprogrammanbieter -Merchant ein) mit einem seri\u00f6sen Angebot zu geben, bieten wir selbst ein Partnerprogramm f\u00fcr den Verkauf von 2 B\u00e4nden Profi Strategien, die als e-Book per pdf. Download angeboten werden, an.<\/p>\n<p>Unser Partnerprogramm Dienstleister ist die Firma adbutler, die die Abrechnung von Provisionen f\u00fcr Sie sowie die Erfolgsauswertungen etc. zur Verf\u00fcgung stellt.<\/p>\n<p><strong>Probieren Sie es einfach aus und melden sich hier bei unserem f\u00fcr Sie v\u00f6llig risikolosen Partnerprogramm bei <\/strong><\/p>\n<p style=\"text-align: center;\"><a href=\"http:\/\/www.adbutler.de\/index.php?(60,14485)\" target=\"_blank\">adutler.de<\/a><\/p>\n<p><strong>an!<\/strong><\/p>\n","protected":false},"excerpt":{"rendered":"<p>Partnerprogramme oder auch Affiliate Marketing genannt, geh\u00f6ren abh\u00e4ngig von der Zielgruppe oder dem angebotenen Produkt oder der Dienstleistung zu den interessanten Bausteinen des Internet-Marketing. Um Ihnen selbst die M\u00f6glichkeit zu geben eigene Erfahrungen als Affiliate (Affiliates blenden auf ihren eigenen Internetseiten die Werbemittel i.d.R. Werbebanner des Partnerprogrammanbieter -Merchant ein) mit einem seri\u00f6sen Angebot zu geben, [&hellip;]<\/p>\n","protected":false},"author":1,"featured_media":0,"parent":0,"menu_order":0,"comment_status":"closed","ping_status":"open","template":"","meta":{"_monsterinsights_skip_tracking":false,"_monsterinsights_sitenote_active":false,"_monsterinsights_sitenote_note":"","_monsterinsights_sitenote_category":0,"footnotes":""},"class_list":["post-131","page","type-page","status-publish","hentry"],"aioseo_notices":[],"_links":{"self":[{"href":"https:\/\/www.e-business-unternehmensberatung.com\/blog\/wp-json\/wp\/v2\/pages\/131","targetHints":{"allow":["GET"]}}],"collection":[{"href":"https:\/\/www.e-business-unternehmensberatung.com\/blog\/wp-json\/wp\/v2\/pages"}],"about":[{"href":"https:\/\/www.e-business-unternehmensberatung.com\/blog\/wp-json\/wp\/v2\/types\/page"}],"author":[{"embeddable":true,"href":"https:\/\/www.e-business-unternehmensberatung.com\/blog\/wp-json\/wp\/v2\/users\/1"}],"replies":[{"embeddable":true,"href":"https:\/\/www.e-business-unternehmensberatung.com\/blog\/wp-json\/wp\/v2\/comments?post=131"}],"version-history":[{"count":0,"href":"https:\/\/www.e-business-unternehmensberatung.com\/blog\/wp-json\/wp\/v2\/pages\/131\/revisions"}],"wp:attachment":[{"href":"https:\/\/www.e-business-unternehmensberatung.com\/blog\/wp-json\/wp\/v2\/media?parent=131"}],"curies":[{"name":"wp","href":"https:\/\/api.w.org\/{rel}","templated":true}]}}