{"id":1381,"date":"2010-06-29T12:42:33","date_gmt":"2010-06-29T10:42:33","guid":{"rendered":"http:\/\/www.e-business-unternehmensberatung.com\/blog\/?page_id=1381"},"modified":"2011-02-22T19:13:59","modified_gmt":"2011-02-22T17:13:59","slug":"pr-agentur-berlin-public-relations-oeffentlichkeitsarbeit-mit-medienarbeiten-de","status":"publish","type":"page","link":"https:\/\/www.e-business-unternehmensberatung.com\/blog\/beratung-verzeichnis\/unternehmensberatungen\/unternehmensberatung-berlin\/pr-agentur-berlin-public-relations-oeffentlichkeitsarbeit-mit-medienarbeiten-de\/","title":{"rendered":"PR-Agentur Berlin Public Relations &#8211; \u00d6ffentlichkeitsarbeit"},"content":{"rendered":"<p style=\"text-align: center;\"><a href=\"https:\/\/www.e-business-unternehmensberatung.com\/blog\/wp-content\/uploads\/2010\/06\/PR-Agentur-Berlin.gif\"><a href=\"https:\/\/www.e-business-unternehmensberatung.com\/blog\/wp-content\/uploads\/2010\/06\/PR-Agentur-Berlin.jpg\"><img loading=\"lazy\" decoding=\"async\" class=\"aligncenter size-full wp-image-2620\" title=\"PR Agentur Berlin\" src=\"https:\/\/www.e-business-unternehmensberatung.com\/blog\/wp-content\/uploads\/2010\/06\/PR-Agentur-Berlin.jpg\" alt=\"PR Agentur Berlin\" width=\"190\" height=\"120\" \/><\/a><br \/>\n<\/a><\/p>\n<p><strong>Mit PR-Agentur Berlin optimal zu Public Relations und \u00d6ffentlichkeitsarbeit<\/strong><\/p>\n<p>Seit 2000 ber\u00e4t und betreut die PR-Agentur Berlin als inhabergef\u00fchrte Fullservice Agentur bundesweit renommierte  Organisationen \/ Unternehmen und ihre Produkte in der B2B und B2C Kommunikation. Die  PR-Agentur Berlin bietet neben den Kernkompetenzen in Public Relations das gesamte Portfolio zeitgem\u00e4\u00dfer PR-Instrumentarien zur optimalen  \u00d6ffentlichkeitsarbeit: Alles rund um die Kommunikation mit strategischer Beratung, klassischer Pressearbeit und Texten unter Einbindung interner und externer  Netzwerkpartner.<\/p>\n<p><a href=\"https:\/\/www.e-business-unternehmensberatung.com\/blog\/wp-content\/uploads\/2010\/06\/Oeffentlichkeitsarbeit.jpg\"><img loading=\"lazy\" decoding=\"async\" class=\"alignleft size-full wp-image-1385\" title=\"Oeffentlichkeitsarbeit Berlin\" src=\"https:\/\/www.e-business-unternehmensberatung.com\/blog\/wp-content\/uploads\/2010\/06\/Oeffentlichkeitsarbeit.jpg\" alt=\"\u00d6ffentlichkeitsarbeit Berlin\" width=\"225\" height=\"131\" \/><\/a>Die PR-Agentur Berlin ist Ihr kompetenter, kreativer und zuverl\u00e4ssiger Partner in Sachen Public  Relations, \u00d6ffentlichkeitsarbeit, Krisen-PR, Kommunikationsberatung und -training, Coaching, Corporate Social Resposibility (CRM), Social Media und  Online-PR. Mit maximalem Engagement und jahrelanger Erfahrung unterst\u00fctzen wir Sie in  allen PR-Bereichen und verschaffen Ihrem Unternehmen, Ihrer Initiative oder  Ihrer neuen Gesch\u00e4ftsidee mediale Aufmerksamkeit und Zuwachs.<\/p>\n<p>Als PR-Agentur Berlin liegt unser Schwerpunkt auf  Public Relations und \u00d6ffentlichkeitsarbeit. Wir arbeiten in und mit Medien. Wir  kennen die Medien und ihre Multiplikatoren in der Hauptstadt und weltweit. Wir recherchieren Themen, die Sie und Ihr Angebot bekannt machen. Gerne  organisieren wir PR-Events und Kampagnen oder initiieren welche, damit Sie \u201etalk of  the town\u201c zielgruppengenau, punktuell oder einfach bekannt(er) werden.  Akzeptanz und ein gutes Image sind das \u201eA\u201c und \u201eO\u201c.<\/p>\n<p><a href=\"https:\/\/www.e-business-unternehmensberatung.com\/blog\/wp-content\/uploads\/2010\/06\/Public-Relations.jpg\"><img loading=\"lazy\" decoding=\"async\" class=\"alignright size-medium wp-image-1389\" title=\"Public Relations Berlin\" src=\"https:\/\/www.e-business-unternehmensberatung.com\/blog\/wp-content\/uploads\/2010\/06\/Public-Relations-225x300.jpg\" alt=\"Public Relations Berlin\" width=\"225\" height=\"300\" srcset=\"https:\/\/www.e-business-unternehmensberatung.com\/blog\/wp-content\/uploads\/2010\/06\/Public-Relations-225x300.jpg 225w, https:\/\/www.e-business-unternehmensberatung.com\/blog\/wp-content\/uploads\/2010\/06\/Public-Relations.jpg 580w\" sizes=\"auto, (max-width: 225px) 100vw, 225px\" \/><\/a>Die Berliner \u00d6ffentlichkeitsarbeiter sind PR-Lotsen rund um  ma\u00dfgeschneiderte Kommunikation. Wir unterst\u00fctzen Sie in ihrer \u00d6ffentlichkeitsarbeit mit: Schreiben von Pressemitteilungen und \u2013texten, Aufbau eines  Presseverteilers und Versand an die wichtigsten Presse-Agenturen und \u2013Portale. Zum Leistungsportfolio geh\u00f6ren Individual- und Gruppen-Coachings, sowie  Workshops. Desweiteren individuell abgestimmte Trainings f\u00fcr Auftritte in den  Medien, Veranstaltungen, Verhandlungen und strategische Beratung in der internen  und externen Kommunikation.<\/p>\n<p>Erfolg ist me\u00dfbar: unsere PR-Agentur Berlin weist  Referenzen auf, die von\u00a0 Pressekonferenzen mit VIPs \u00fcber einen Guinness Weltrekord bis zum Going Public reicht. Erfolgreiche Public Relations beginnt mit  unserem Service:\u00a0 Kampagnen, News und anspruchsvolle Artikel aus  unterschiedlichen Themenbereichen, Talk im Internet, Diskussionen in Foren, Pr\u00e4senz bei  Talkshows im TV, aber auch Google, Twitter &amp; Co.<\/p>\n<p>Mit unserer langj\u00e4hriger Erfahrung und unter Ber\u00fccksichtigung Ihrer Firmenphilosophie sprechen unsere Texte und  unsere PR-Aktionen f\u00fcr Sie und Ihr Anliegen &#8211; in Worten und Bildern und immer  mit Erfolg. Guerilla oder klassisch, online oder offline. Wir w\u00e4hlen die  passende Ma\u00dfnahme f\u00fcr die optimale PR. Die PR Agentur Berlin &#8211;  ist Ihr zuverl\u00e4ssiger Partner f\u00fcr Strategie, Public Relations und \u00d6ffentlichkeitsarbeit.<\/p>\n<p><a href=\"https:\/\/www.e-business-unternehmensberatung.com\/blog\/wp-content\/uploads\/2010\/06\/Medienarbeitende.jpg\"><img loading=\"lazy\" decoding=\"async\" class=\"alignleft size-medium wp-image-1391\" title=\"Medienarbeitende Berlin\" src=\"https:\/\/www.e-business-unternehmensberatung.com\/blog\/wp-content\/uploads\/2010\/06\/Medienarbeitende-224x300.jpg\" alt=\"Medienarbeiten Berlin\" width=\"224\" height=\"300\" srcset=\"https:\/\/www.e-business-unternehmensberatung.com\/blog\/wp-content\/uploads\/2010\/06\/Medienarbeitende-224x300.jpg 224w, https:\/\/www.e-business-unternehmensberatung.com\/blog\/wp-content\/uploads\/2010\/06\/Medienarbeitende.jpg 257w\" sizes=\"auto, (max-width: 224px) 100vw, 224px\" \/><\/a>Mit Wurzeln im Entertainment, Kultur, IT-Bereich  und Social Engagement, f\u00fchlt sich die PR Agentur Berlin und mit  nationalen und internationalen Kunden sich in vielen unterschiedlichen Branchen zu  Hause. Das Vertrauen unserer Kunden in unsere Leistungen spiegelt sich in den  durchweg langj\u00e4hrigen, engen Partnerschaften wider. Unser Verst\u00e4ndnis von  moderner Kommunikation und Pressearbeit l\u00e4sst sich am besten daran verdeutlichen,  dass mehr als die H\u00e4lfte unserer Kunden auf Empfehlung von unseren  Bestandkunden und Journalisten den Weg zu uns gefunden haben. Die Inhaber \u00fcber Ihre Agentursphilosophie:\u00a0 \u201eEine Mischung aus kreativen Leidenschaften und professionellem Handwerk \u2013 so verstehe ich meinen Job. Langj\u00e4hrige  Projekte und zufriedene Kunden sind meine Ziele und meine Referenzen.\u201c<\/p>\n<p>Unsere PR-Strategie unterst\u00fctzt das Kundengesch\u00e4ft  und Marketing optimal und passgenau mit Public Relations und \u00d6ffentlichkeitsarbeit\u00a0 &#8211; f\u00fcr das Gesch\u00e4ft um die Ecke oder den Global Player. Unsere Kunden kommen aus Entertainment, Kultur, Social  Engagement, Reise, \u00d6kologie, IT und Utopie.<\/p>\n<p>Alles auf einen Blick:\u00a0 Die PR Agentur Berlin  bietet Public Relations, Pressearbeit, \u00d6ffentlichkeitsarbeit, Offline PR,  Online-PR, PR-Events, PR-Strategie, Guerilla PR, Pressetexte, Presseverteiler, Pressekonferenzen, Hauptversammlungen, News, Content,  Suchmaschinenoptimierung, Social Media PR, Guerilla PR, Image-Kampagnen, Workshops,\u00a0 Seminare und vieles mehr&#8230;<\/p>\n<p>F\u00fcr eine unverbindliche <a title=\"Public Relations Kontakt\" href=\"https:\/\/www.e-business-unternehmensberatung.com\/blog\/kontakt\/\">Kontaktaufnahme<\/a> stehen wir jederzeit gern zur Verf\u00fcgung und freuen uns darauf, Sie bei Ihrer \u00d6ffentlichkeitsarbeit effektiv und erfolgreich zu unterst\u00fctzen.<\/p>\n<p><a href=\"https:\/\/www.e-business-unternehmensberatung.com\/blog\/wp-content\/uploads\/2010\/06\/Pressearbeit.jpg\"><img loading=\"lazy\" decoding=\"async\" class=\"alignright size-medium wp-image-1392\" title=\"Pressearbeit Berlin\" src=\"https:\/\/www.e-business-unternehmensberatung.com\/blog\/wp-content\/uploads\/2010\/06\/Pressearbeit-300x200.jpg\" alt=\"Pressearbeit Berlin\" width=\"300\" height=\"200\" srcset=\"https:\/\/www.e-business-unternehmensberatung.com\/blog\/wp-content\/uploads\/2010\/06\/Pressearbeit-300x200.jpg 300w, https:\/\/www.e-business-unternehmensberatung.com\/blog\/wp-content\/uploads\/2010\/06\/Pressearbeit.jpg 409w\" sizes=\"auto, (max-width: 300px) 100vw, 300px\" \/><\/a><\/p>\n<p>e-Business Unternehmensberatung<\/p>\n<p>Tel. 0571 &#8211; 9519960<\/p>\n","protected":false},"excerpt":{"rendered":"<p>Mit PR-Agentur Berlin optimal zu Public Relations und \u00d6ffentlichkeitsarbeit Seit 2000 ber\u00e4t und betreut die PR-Agentur Berlin als inhabergef\u00fchrte Fullservice Agentur bundesweit renommierte Organisationen \/ Unternehmen und ihre Produkte in der B2B und B2C Kommunikation. Die PR-Agentur Berlin bietet neben den Kernkompetenzen in Public Relations das gesamte Portfolio zeitgem\u00e4\u00dfer PR-Instrumentarien zur optimalen \u00d6ffentlichkeitsarbeit: Alles rund [&hellip;]<\/p>\n","protected":false},"author":1,"featured_media":0,"parent":30,"menu_order":5,"comment_status":"open","ping_status":"open","template":"","meta":{"_monsterinsights_skip_tracking":false,"_monsterinsights_sitenote_active":false,"_monsterinsights_sitenote_note":"","_monsterinsights_sitenote_category":0,"footnotes":""},"class_list":["post-1381","page","type-page","status-publish","hentry"],"aioseo_notices":[],"_links":{"self":[{"href":"https:\/\/www.e-business-unternehmensberatung.com\/blog\/wp-json\/wp\/v2\/pages\/1381","targetHints":{"allow":["GET"]}}],"collection":[{"href":"https:\/\/www.e-business-unternehmensberatung.com\/blog\/wp-json\/wp\/v2\/pages"}],"about":[{"href":"https:\/\/www.e-business-unternehmensberatung.com\/blog\/wp-json\/wp\/v2\/types\/page"}],"author":[{"embeddable":true,"href":"https:\/\/www.e-business-unternehmensberatung.com\/blog\/wp-json\/wp\/v2\/users\/1"}],"replies":[{"embeddable":true,"href":"https:\/\/www.e-business-unternehmensberatung.com\/blog\/wp-json\/wp\/v2\/comments?post=1381"}],"version-history":[{"count":0,"href":"https:\/\/www.e-business-unternehmensberatung.com\/blog\/wp-json\/wp\/v2\/pages\/1381\/revisions"}],"up":[{"embeddable":true,"href":"https:\/\/www.e-business-unternehmensberatung.com\/blog\/wp-json\/wp\/v2\/pages\/30"}],"wp:attachment":[{"href":"https:\/\/www.e-business-unternehmensberatung.com\/blog\/wp-json\/wp\/v2\/media?parent=1381"}],"curies":[{"name":"wp","href":"https:\/\/api.w.org\/{rel}","templated":true}]}}