{"id":148,"date":"2008-07-17T15:27:20","date_gmt":"2008-07-17T13:27:20","guid":{"rendered":"http:\/\/www.e-business-unternehmensberatung.com\/blog\/?page_id=148"},"modified":"2010-04-20T15:02:21","modified_gmt":"2010-04-20T13:02:21","slug":"qualitatsrichtlinien","status":"publish","type":"page","link":"https:\/\/www.e-business-unternehmensberatung.com\/blog\/qualitatsrichtlinien\/","title":{"rendered":"Qualit\u00e4tsrichtlinien"},"content":{"rendered":"<p style=\"text-align: center;\"><strong>Qualit\u00e4tsrichtlinien \/ Guideline<\/strong><br \/>\n<strong>der<\/strong><br \/>\n<strong>e-Business-Unternehmensberatung.com<\/strong><\/p>\n<p style=\"text-align: left;\">Die e-Business-Unternehmensberatung.com publiziert auf seinen Internetseiten in Form von Blog-Artikeln Informationen f\u00fcr Existenzgr\u00fcnder und Mittelstand, die nachhaltig und erfolgreich die kommerziellen M\u00f6glichkeiten des Internet f\u00fcr sich nutzen wollen. Qualitativ hochwertige Informationen sind daf\u00fcr die Basis.<\/p>\n<p>Aus diesem Grund versichert die e-Business-Unternehmensberatung.com sowohl den Besuchern, wie auch den Gastautoren von Inhalten, das jeder Inhalt vor der Freischaltung \/ Ver\u00f6ffentlichung einer redaktionellen Pr\u00fcfung unterzogen wird.<\/p>\n<p>Diese Pr\u00fcfung von Inhalten erfolgt nach den Anforderungen gesetzlicher Regelungen und nach den Qualit\u00e4tsrichtlinien von Wahrheit, Klarheit und Sachdienlichkeit.<\/p>\n<p>Wir laden die Besucher unserer Internetseiten ein, mit eigenen Kommentaren oder Fragen unsere Artikel zu erg\u00e4nzen. Diese Kommentare unterliegen den gleichen Qualit\u00e4tsrichtlinien.<\/p>\n<p>But nobody is perfect: Wir w\u00fcrden uns freuen, wenn Sie evtl. festgestellte Fehler in den Inhalten umgehend mitteilen, damit wir diese sofort korrigieren k\u00f6nnen.<\/p>\n<p>Unsere Beratungsprojekte unterliegen einem strengen Controlling, das die Erreichung von vereinbarten Zwischenzielen vorsieht. Diese Vorgehensweise garantiert unseren Auftraggebern geringe Beratungskosten und maximale Erfolgschancen f\u00fcr ihr Projekt.<\/p>\n<p><strong>Sprechen Sie uns an, wenn Sie f\u00fcr Ihr Projekt mehr dar\u00fcber erfahren m\u00f6chten.<\/strong><\/p>\n<p><strong> <\/strong><\/p>\n<p>Ihr Team der e-Business-Unternehmensberatung.com<\/p>\n","protected":false},"excerpt":{"rendered":"<p>Qualit\u00e4tsrichtlinien \/ Guideline der e-Business-Unternehmensberatung.com Die e-Business-Unternehmensberatung.com publiziert auf seinen Internetseiten in Form von Blog-Artikeln Informationen f\u00fcr Existenzgr\u00fcnder und Mittelstand, die nachhaltig und erfolgreich die kommerziellen M\u00f6glichkeiten des Internet f\u00fcr sich nutzen wollen. Qualitativ hochwertige Informationen sind daf\u00fcr die Basis. Aus diesem Grund versichert die e-Business-Unternehmensberatung.com sowohl den Besuchern, wie auch den Gastautoren von Inhalten, [&hellip;]<\/p>\n","protected":false},"author":8,"featured_media":0,"parent":0,"menu_order":0,"comment_status":"closed","ping_status":"open","template":"","meta":{"_monsterinsights_skip_tracking":false,"_monsterinsights_sitenote_active":false,"_monsterinsights_sitenote_note":"","_monsterinsights_sitenote_category":0,"footnotes":""},"class_list":["post-148","page","type-page","status-publish","hentry"],"aioseo_notices":[],"_links":{"self":[{"href":"https:\/\/www.e-business-unternehmensberatung.com\/blog\/wp-json\/wp\/v2\/pages\/148","targetHints":{"allow":["GET"]}}],"collection":[{"href":"https:\/\/www.e-business-unternehmensberatung.com\/blog\/wp-json\/wp\/v2\/pages"}],"about":[{"href":"https:\/\/www.e-business-unternehmensberatung.com\/blog\/wp-json\/wp\/v2\/types\/page"}],"author":[{"embeddable":true,"href":"https:\/\/www.e-business-unternehmensberatung.com\/blog\/wp-json\/wp\/v2\/users\/8"}],"replies":[{"embeddable":true,"href":"https:\/\/www.e-business-unternehmensberatung.com\/blog\/wp-json\/wp\/v2\/comments?post=148"}],"version-history":[{"count":0,"href":"https:\/\/www.e-business-unternehmensberatung.com\/blog\/wp-json\/wp\/v2\/pages\/148\/revisions"}],"wp:attachment":[{"href":"https:\/\/www.e-business-unternehmensberatung.com\/blog\/wp-json\/wp\/v2\/media?parent=148"}],"curies":[{"name":"wp","href":"https:\/\/api.w.org\/{rel}","templated":true}]}}