{"id":17,"date":"2008-06-23T09:41:38","date_gmt":"2008-06-23T07:41:38","guid":{"rendered":"http:\/\/e-business-unternehmensberatung.com\/blog\/?page_id=17"},"modified":"2018-05-25T14:09:32","modified_gmt":"2018-05-25T12:09:32","slug":"impressum","status":"publish","type":"page","link":"https:\/\/www.e-business-unternehmensberatung.com\/blog\/impressum\/","title":{"rendered":"Impressum"},"content":{"rendered":"<p>Email:info(at)e-business-unternehmensberatung.com<br \/>\nTel:0049 (0)571 &#8211; 9519960<\/p>\n<p>e-Business Unternehmensberatung<br \/>\nH\u00e4verst\u00e4dter Weg 14<br \/>\n32457 Porta Westfalica<\/p>\n<p>Deutschland<\/p>\n<p>Gesch\u00e4ftsf\u00fchrer: Dirk Boelsems<br \/>\nDie e-Business Unternehmensberatung<br \/>\nein Unternehmen der porta HAUS GmbH<br \/>\nHandelsregister HRB 4145 Bad Oeynhausen<\/p>\n<p>Steueridentifikation DE 230837554<br \/>\nSteuer-Nr. 335\/5734\/4686<\/p>\n<p>&nbsp;<\/p>\n<p><strong>Hinweise<\/strong><br \/>\nLinks zu externen Seiten wie folgt. Weitere Informationen <a href=\"https:\/\/www.e-business-unternehmensberatung.com\/blog\/ueber-uns\/\">hier<\/a><br \/>\nVerweise auf andere Internetseiten (&#8222;Links&#8220;) sind im Internet \u00fcblich. Ohne Links w\u00e4re das Internet kein Netz. Diese Links ersparen Ihnen die manuelle Eingabe der Internet-Adressen. Wir haben keinen Einfluss auf die Inhalte externer Seiten. Die Seitenbetreiber haben die M\u00f6glichkeit, Inhalte jederzeit ohne Mitteilung zu \u00e4ndern.<br \/>\nIn regelm\u00e4\u00dfigen Abst\u00e4nden \u00fcberpr\u00fcfen wir alle externen Links und entfernen ggf. solche Links, die auf rechtlich bedenkliche oder unseres Erachtens ethisch fragw\u00fcrdige Inhalte verweisen.<\/p>\n<p>Verwendung gesch\u00fctzter Begriffe<br \/>\nMarkennamen und andere gesch\u00fctzte Begriffe sind entsprechend gekennzeichnet. Die Rechte liegen jeweils bei den Markeninhabern bzw. Eigent\u00fcmern. Eine versehentlich fehlende Kennzeichnung bedeutet nicht, dass ein Begriff frei von Rechten Dritter ist. Bilder stammen u.a. von Fotolia.com<\/p>\n<p>Unsere Bitte an Sie:<br \/>\nBei Problemen im Zusammenhang mit dieser Website bitten wir um eine Nachricht. Nach M\u00f6glichkeit werden wir mitgeteilte Probleme unverz\u00fcglich beseitigen. Bei einem Hinweis auf Marken- oder Gebrauchsmusterverletzungen werden wir sofort t\u00e4tig. Die Einschaltung eines Rechtsbeistandes ist nicht erforderlich. Ohne vorherige Kontaktaufnahme ausgel\u00f6ste Kosten w\u00fcrden wir zur\u00fcckweisen. Hintergrundinfos zu unserem Unternehmen \u00fcbermitteln wir Ihnen gern auch im pers\u00f6nlichen Gespr\u00e4ch.<br \/>\nVielen Dank f\u00fcr Ihre Hilfe!<\/p>\n<p>powered by <a href=\"http:\/\/wordpress.org\">WordPress<\/a><br \/>\nOriginal Theme by RFDN<\/p>\n","protected":false},"excerpt":{"rendered":"<p>Email:info(at)e-business-unternehmensberatung.com Tel:0049 (0)571 &#8211; 9519960 e-Business Unternehmensberatung H\u00e4verst\u00e4dter Weg 14 32457 Porta Westfalica Deutschland Gesch\u00e4ftsf\u00fchrer: Dirk Boelsems Die e-Business Unternehmensberatung ein Unternehmen der porta HAUS GmbH Handelsregister HRB 4145 Bad Oeynhausen Steueridentifikation DE 230837554 Steuer-Nr. 335\/5734\/4686 &nbsp; Hinweise Links zu externen Seiten wie folgt. Weitere Informationen hier Verweise auf andere Internetseiten (&#8222;Links&#8220;) sind im Internet [&hellip;]<\/p>\n","protected":false},"author":1,"featured_media":0,"parent":0,"menu_order":0,"comment_status":"closed","ping_status":"open","template":"","meta":{"_monsterinsights_skip_tracking":false,"_monsterinsights_sitenote_active":false,"_monsterinsights_sitenote_note":"","_monsterinsights_sitenote_category":0,"footnotes":""},"class_list":["post-17","page","type-page","status-publish","hentry"],"aioseo_notices":[],"_links":{"self":[{"href":"https:\/\/www.e-business-unternehmensberatung.com\/blog\/wp-json\/wp\/v2\/pages\/17","targetHints":{"allow":["GET"]}}],"collection":[{"href":"https:\/\/www.e-business-unternehmensberatung.com\/blog\/wp-json\/wp\/v2\/pages"}],"about":[{"href":"https:\/\/www.e-business-unternehmensberatung.com\/blog\/wp-json\/wp\/v2\/types\/page"}],"author":[{"embeddable":true,"href":"https:\/\/www.e-business-unternehmensberatung.com\/blog\/wp-json\/wp\/v2\/users\/1"}],"replies":[{"embeddable":true,"href":"https:\/\/www.e-business-unternehmensberatung.com\/blog\/wp-json\/wp\/v2\/comments?post=17"}],"version-history":[{"count":3,"href":"https:\/\/www.e-business-unternehmensberatung.com\/blog\/wp-json\/wp\/v2\/pages\/17\/revisions"}],"predecessor-version":[{"id":4488,"href":"https:\/\/www.e-business-unternehmensberatung.com\/blog\/wp-json\/wp\/v2\/pages\/17\/revisions\/4488"}],"wp:attachment":[{"href":"https:\/\/www.e-business-unternehmensberatung.com\/blog\/wp-json\/wp\/v2\/media?parent=17"}],"curies":[{"name":"wp","href":"https:\/\/api.w.org\/{rel}","templated":true}]}}