{"id":21,"date":"2008-06-23T23:06:27","date_gmt":"2008-06-23T21:06:27","guid":{"rendered":"http:\/\/e-business-unternehmensberatung.com\/blog\/?page_id=21"},"modified":"2010-06-16T05:59:26","modified_gmt":"2010-06-16T03:59:26","slug":"artikel-schreiben","status":"publish","type":"page","link":"https:\/\/www.e-business-unternehmensberatung.com\/blog\/artikel-schreiben\/","title":{"rendered":"Artikel schreiben"},"content":{"rendered":"<p>Sie sind Unternehmensberater, Internetprofi oder einfach jemand der \u00fcber spannende und interessante Informationen verf\u00fcgt?<\/p>\n<p>Dann lassen Sie andere Menschen als\u00a0 <strong>NETZWERKPARTNER<\/strong> an ihrem Wissen teilhaben und schreiben einfach bei uns einen Artikel \u00fcber ein Thema, zu Ihrem Fachgebiet in Verbindung mit dem Internet. Schaffen Sie sich auf e-business-unternehmensberatung.com ein Forum von tausenden interessierten Besuchern. \u00dcberzeugen Sie mit Kompetenz (und wenn m\u00f6glich mit Witz und Charme) und profitieren Sie von vielen neuen Kontakten aufgrund Ihrer Artikel. Nat\u00fcrlich d\u00fcrfen Sie auch gern auf Ihre eigene Internetseite verlinken und erhalten dadurch alle Vorteile eines Premiumlinks von uns.<\/p>\n<p style=\"text-align: center;\"><a href=\"https:\/\/www.e-business-unternehmensberatung.com\/blog\/wp-login.php?action=register\">Hier k\u00f6nnen Sie sich sofort registrieren.<\/a><\/p>\n<p style=\"text-align: center;\">\n<p>Nach ihrer Registrierung erhalten Sie automatisch eine e-Mail mit ihren Zugangsdaten.<\/p>\n<p>An dieser Stelle m\u00f6chten wir noch einmal auf unser &#8222;nofollow&#8220; freies Umfeld hinweisen. Wir sind der \u00dcberzeugung, das ein ver\u00f6ffentlichter Artikel bei uns so interessant ist, das der Autor selbstverst\u00e4ndlich mit seiner eigenen Seite auch voll Suchmaschinen wirksam verlinkt werden kann. Sehen Sie dies als kleines Dankesch\u00f6n f\u00fcr ihr Engagement.<\/p>\n<p style=\"text-align: left;\"><em><strong>Sie k\u00f6nnen nach Registrierung sofort ihren Artikel auf Wunsch mit Dateien, Bildern, Videos, Audiodateien etc. im Blog verfassen. Nach Fertigstellung dr\u00fccken Sie den entsprechenden Button (zur Revision vorlegen) und wir f\u00fchren eine kurze redaktionelle Pr\u00fcfung gem\u00e4\u00df unserer Qualtit\u00e4tsrichtlinien vor der Freischaltung durch.<\/strong><\/em><\/p>\n<p style=\"text-align: center;\"><strong>6 Grundregeln f\u00fcr besonders erfolgreiche Artikel bei Suchmaschinen<\/strong><\/p>\n<p>&#8211;  \u00dcberschrift \/ Titel mit wichtigsten Suchw\u00f6rtern wie Thema, Produkte, Leistungen etc. mit maximal 100 Zeichen inkl.  Leerschritte<\/p>\n<p>&#8211; Text  mit ca. 800 W\u00f6rtern oder mehr und gelegentlicher Wiederholung (in den  ersten 2 S\u00e4tzen, im Verlauf und in den letzten 3-4 S\u00e4tzen Ihres Artikels) der  wichtigsten Suchw\u00f6rter aus der \u00dcberschrift \/ Titel<\/p>\n<p>&#8211; <strong>Wenn m\u00f6glich  Fotos \/ Bilder hochladen<\/strong> und an entsprechend sinnvoller Textstelle mit  optimaler Dateibezeichnung einf\u00fcgen. Beispiel: Paris-Eiffelturm.jpg und  nicht Pariseiffelturm123.jpg oder noch schlechter 08xydz2.jpg<\/p>\n<p>&#8211; Fotos  am besten mit kurzer Titelbeschreibung (Alt Tag) &#8211; Nutzung der  wichtigsten Keyw\u00f6rter auch im Bildtitel (nur bei einem Bild \/ Keywort  pro Bild wenn mehrere Keyw\u00f6rter vorhanden) und des Dateinamens &#8211; und  Bildunterschrift: Beispiel: Paris-Eiffelturm (Alt Tag) und z.B.  Eiffelturm in Paris als Bildunterschrift. Dies ist in unserem Editor  (Bild hochladen) sehr einfach.<\/p>\n<p>&#8211; Video  von YouTube etc. einbinden wenn vorhanden und Verwendung von Tags  (Kurzstichw\u00f6rter) f\u00fcr wichtige Informationen \/ Suchw\u00f6rter, die in der \u00dcberschrift keinen  Platz hatten bzw. die noch einmal betont werden sollen und f\u00fcr die kein weiterer Artikel ver\u00f6ffentlicht werden  soll.<\/p>\n<p>&#8211; Niemals  doppelten Content verwenden. Also keine Inhalte, die schon einmal auf  einer anderen Internetseite inkl. ihrer eigenen Seite ver\u00f6ffentlicht  wurden !!!<\/p>\n<p style=\"text-align: center;\"><strong>Videos ver\u00f6ffentlichen<\/strong><\/p>\n<p style=\"text-align: left;\">Um ein Video in ihrem Artikel zu ver\u00f6ffentlichen k\u00f6nnen Sie neben dem Herunterladen einer Videodatei noch einfacher ein Video, das in einem Videoportal wie zum Beispiel YouTube, MyVideo,Yahoo Video usw. usw. bereits ver\u00f6ffentlicht wurde, bei uns einbinden. Hief\u00fcr kopieren Sie einfach den Embed Code des Videos, den Sie in den Videoportalen immer neben den Videos angezeigt finden, in den Artikel. Schalten Sie vor dem hineinkopieren in der Ansicht einfach auf HTML Code. Dann einmal abspeichern und fertig ist Ihre Videopr\u00e4sentation!<\/p>\n<p style=\"text-align: center;\"><em><strong> <\/strong><\/em><strong>Was m\u00f6chten wir als Gegenleistung haben?<\/strong><\/p>\n<p style=\"text-align: center;\">Neben einem obligatorischen Backlink von Ihrer Internetseite auf die e-business-unternehmensberatung.com sollten Sie sich \u00fcber unsere Angebote im Infobereich unter<\/p>\n<p style=\"text-align: center;\"><a href=\"https:\/\/www.e-business-unternehmensberatung.com\/blog\/netzwerk-partner-werden\/\">Netzwerkpartner<\/a><\/p>\n<p style=\"text-align: left;\">informieren.<\/p>\n<p style=\"text-align: left;\">\n<p>Und sonst?<\/p>\n<p>Auch Kommentare zur Artikeln sind uns immer herzlich willkommen. Schlie\u00dflich lebt das Web 2.0 von vielen unterschiedlichen Erfahrungen und Erkenntnissen.<\/p>\n<p>Allerdings lehnen wir jeden Beitrag ab der gegen geltendes Recht verst\u00f6\u00dft, beleidigend oder verunglimpfend ist oder sonstwie inhaltlich keinen Mehrwert hat. Eintragungen die nur dem Zweck der Verlinkung dienen werden entsprechend ebenfalls nicht akzeptiert. Bitte stehlen Sie uns also mit Kurzkommentaren wie &#8222;Das sehe ich auch so&#8230;.&#8220; Link auf meine Seite&#8230; nicht die Zeit. Ebenfalls werden reine Werbeinformationen \u00fcber ein Unternehmen in Artikeln nicht akzeptiert. Nat\u00fcrlich ist die Pr\u00e4sentation von Projekten und Dienstleistungen im Zusammenhang mit einem Fachthema erlaubt. Beispiel: Design oder Umgestaltung einer Internetseite mit Bezug auf neue Funktionen bzw. besondere Designelemente oder Entwicklung eines neuen Angebotes im Zusammenhang mit Internetl\u00f6sungen etc. Es sollte immer das Fachthema im Vordergrund stehen und nicht reine Werbung. Bitte lesen Sie in diesem Zusammenhang auch unsere Qualit\u00e4tsrichtlinien.<\/p>\n<p style=\"text-align: center;\"><strong>WICHTIGER HINWEIS<\/strong><\/p>\n<p>Der Autor (die einstellende Person) versichert ausdr\u00fccklich die Rechte an Texten und Bildern \/ Fotos \/ Audio- Videodateien die in die e-business-unternehmensberatung.com hochgeladen und ver\u00f6ffentlicht werden zu haben. Die porta HAUS GmbH als \/ die e-business-unternehmensberatung.com kann in so fern nicht die Richtigkeit bzw. die Rechtesituation der Inhalte im einzelnen pr\u00fcfen und weist jede Verantwortung f\u00fcr evtl. Rechteverletzungen gegen\u00fcber Dritten zur\u00fcck. Selbstverst\u00e4ndlich werden wir an uns gemeldete und belegte Rechtsverst\u00f6\u00dfe umgehend unterbinden und die entsprechenden Inhalte aus der e-business-unternehmensberatung.com l\u00f6schen.<\/p>\n<p><strong>Ansonsten: Viel Spa\u00df beim Schreiben und nat\u00fcrlich freuen wir uns \u00fcber konstruktive Vorschl\u00e4ge oder auch Kritik. Denn nobody is perfect&#8230;.<\/strong><\/p>\n","protected":false},"excerpt":{"rendered":"<p>Sie sind Unternehmensberater, Internetprofi oder einfach jemand der \u00fcber spannende und interessante Informationen verf\u00fcgt? Dann lassen Sie andere Menschen als\u00a0 NETZWERKPARTNER an ihrem Wissen teilhaben und schreiben einfach bei uns einen Artikel \u00fcber ein Thema, zu Ihrem Fachgebiet in Verbindung mit dem Internet. Schaffen Sie sich auf e-business-unternehmensberatung.com ein Forum von tausenden interessierten Besuchern. \u00dcberzeugen [&hellip;]<\/p>\n","protected":false},"author":1,"featured_media":0,"parent":0,"menu_order":3,"comment_status":"closed","ping_status":"open","template":"","meta":{"_monsterinsights_skip_tracking":false,"_monsterinsights_sitenote_active":false,"_monsterinsights_sitenote_note":"","_monsterinsights_sitenote_category":0,"footnotes":""},"class_list":["post-21","page","type-page","status-publish","hentry"],"aioseo_notices":[],"_links":{"self":[{"href":"https:\/\/www.e-business-unternehmensberatung.com\/blog\/wp-json\/wp\/v2\/pages\/21","targetHints":{"allow":["GET"]}}],"collection":[{"href":"https:\/\/www.e-business-unternehmensberatung.com\/blog\/wp-json\/wp\/v2\/pages"}],"about":[{"href":"https:\/\/www.e-business-unternehmensberatung.com\/blog\/wp-json\/wp\/v2\/types\/page"}],"author":[{"embeddable":true,"href":"https:\/\/www.e-business-unternehmensberatung.com\/blog\/wp-json\/wp\/v2\/users\/1"}],"replies":[{"embeddable":true,"href":"https:\/\/www.e-business-unternehmensberatung.com\/blog\/wp-json\/wp\/v2\/comments?post=21"}],"version-history":[{"count":0,"href":"https:\/\/www.e-business-unternehmensberatung.com\/blog\/wp-json\/wp\/v2\/pages\/21\/revisions"}],"wp:attachment":[{"href":"https:\/\/www.e-business-unternehmensberatung.com\/blog\/wp-json\/wp\/v2\/media?parent=21"}],"curies":[{"name":"wp","href":"https:\/\/api.w.org\/{rel}","templated":true}]}}