{"id":221,"date":"2008-10-25T19:39:08","date_gmt":"2008-10-25T17:39:08","guid":{"rendered":"http:\/\/www.e-business-unternehmensberatung.com\/blog\/?page_id=221"},"modified":"2010-06-25T20:32:44","modified_gmt":"2010-06-25T18:32:44","slug":"unternehmensberatungen-oesterreich","status":"publish","type":"page","link":"https:\/\/www.e-business-unternehmensberatung.com\/blog\/beratung-verzeichnis\/unternehmensberatungen-oesterreich\/","title":{"rendered":"Unternehmensberatungen \u00d6sterreich"},"content":{"rendered":"<p>Hier finden Sie nach gro\u00dfen St\u00e4dten in \u00d6sterreich sortiert neben unserem eigenen Beratungsangebot (Netzwerkpartner) spezialisierte Unternehmensberater f\u00fcr ihr Internetprojekt.<\/p>\n<p>Sollten Sie ihre eigene Stadt in dem Verzeichnis nicht finden, w\u00e4hlen Sie bitte die n\u00e4chst gr\u00f6\u00dfere Stadt als Bezugspunkt aus. Dort finden Sie alle Anbieter aus der n\u00e4heren Region. Wenn Sie selbst eine eigene Seite im Berater-Verzeichnis der e-business-unternehmensberatung.com haben m\u00f6chten, besuchen Sie unsere Seite &#8222;<a href=\"https:\/\/www.e-business-unternehmensberatung.com\/blog\/netzwerk-partner-werden\/\">Netzwerkpartner<\/a>&#8220; und nehmen Kontakt zu uns auf.<\/p>\n<p><a href=\"https:\/\/www.e-business-unternehmensberatung.com\/blog\/beratung-verzeichnis\/unternehmensberatungen-oesterreich\/unternehmensberatung-linz\/\">Linz<\/a><\/p>\n<p><a href=\"https:\/\/www.e-business-unternehmensberatung.com\/blog\/beratung-verzeichnis\/unternehmensberatungen-oesterreich\/unternehmensberatung-wien\/\">Wien<\/a><\/p>\n","protected":false},"excerpt":{"rendered":"<p>Hier finden Sie nach gro\u00dfen St\u00e4dten in \u00d6sterreich sortiert neben unserem eigenen Beratungsangebot (Netzwerkpartner) spezialisierte Unternehmensberater f\u00fcr ihr Internetprojekt. Sollten Sie ihre eigene Stadt in dem Verzeichnis nicht finden, w\u00e4hlen Sie bitte die n\u00e4chst gr\u00f6\u00dfere Stadt als Bezugspunkt aus. Dort finden Sie alle Anbieter aus der n\u00e4heren Region. Wenn Sie selbst eine eigene Seite im [&hellip;]<\/p>\n","protected":false},"author":8,"featured_media":0,"parent":22,"menu_order":2,"comment_status":"open","ping_status":"open","template":"","meta":{"_monsterinsights_skip_tracking":false,"_monsterinsights_sitenote_active":false,"_monsterinsights_sitenote_note":"","_monsterinsights_sitenote_category":0,"footnotes":""},"class_list":["post-221","page","type-page","status-publish","hentry"],"aioseo_notices":[],"_links":{"self":[{"href":"https:\/\/www.e-business-unternehmensberatung.com\/blog\/wp-json\/wp\/v2\/pages\/221","targetHints":{"allow":["GET"]}}],"collection":[{"href":"https:\/\/www.e-business-unternehmensberatung.com\/blog\/wp-json\/wp\/v2\/pages"}],"about":[{"href":"https:\/\/www.e-business-unternehmensberatung.com\/blog\/wp-json\/wp\/v2\/types\/page"}],"author":[{"embeddable":true,"href":"https:\/\/www.e-business-unternehmensberatung.com\/blog\/wp-json\/wp\/v2\/users\/8"}],"replies":[{"embeddable":true,"href":"https:\/\/www.e-business-unternehmensberatung.com\/blog\/wp-json\/wp\/v2\/comments?post=221"}],"version-history":[{"count":0,"href":"https:\/\/www.e-business-unternehmensberatung.com\/blog\/wp-json\/wp\/v2\/pages\/221\/revisions"}],"up":[{"embeddable":true,"href":"https:\/\/www.e-business-unternehmensberatung.com\/blog\/wp-json\/wp\/v2\/pages\/22"}],"wp:attachment":[{"href":"https:\/\/www.e-business-unternehmensberatung.com\/blog\/wp-json\/wp\/v2\/media?parent=221"}],"curies":[{"name":"wp","href":"https:\/\/api.w.org\/{rel}","templated":true}]}}