{"id":237,"date":"2008-11-11T16:48:07","date_gmt":"2008-11-11T14:48:07","guid":{"rendered":"http:\/\/www.e-business-unternehmensberatung.com\/blog\/?page_id=237"},"modified":"2008-12-01T18:58:37","modified_gmt":"2008-12-01T16:58:37","slug":"uniforce-junior-enterprise-vienna-studentische-unternehmensberatung-wien","status":"publish","type":"page","link":"https:\/\/www.e-business-unternehmensberatung.com\/blog\/beratung-verzeichnis\/unternehmensberatungen-oesterreich\/unternehmensberatung-wien\/uniforce-junior-enterprise-vienna-studentische-unternehmensberatung-wien\/","title":{"rendered":"uniforce Junior Enterprise Vienna studentisches Beratungsunternehmen Wien"},"content":{"rendered":"<p style=\"text-align: center;\"><a href=\"https:\/\/www.e-business-unternehmensberatung.com\/blog\/wp-content\/uploads\/2008\/11\/team-foto-2008.jpg\"><\/a><a href=\"https:\/\/www.e-business-unternehmensberatung.com\/blog\/wp-content\/uploads\/2008\/11\/uniforce20logo202c20inv_or.jpg\"><\/a><a href=\"https:\/\/www.e-business-unternehmensberatung.com\/blog\/wp-content\/uploads\/2008\/11\/uniforce20logo202c20inv_or.jpg\"><\/a><\/p>\n<p style=\"text-align: center;\"><a href=\"https:\/\/www.e-business-unternehmensberatung.com\/blog\/wp-content\/uploads\/2008\/11\/uniforce20logo202c20inv_or.jpg\"><\/a><a href=\"https:\/\/www.e-business-unternehmensberatung.com\/blog\/wp-content\/uploads\/2008\/11\/uniforce20logo202c20inv_or.jpg\"><img loading=\"lazy\" decoding=\"async\" class=\"aligncenter size-medium wp-image-238\" title=\"uniforce20logo202c20inv_or\" src=\"https:\/\/www.e-business-unternehmensberatung.com\/blog\/wp-content\/uploads\/2008\/11\/uniforce20logo202c20inv_or-300x108.jpg\" alt=\"uniforce Junior Enterprise Vienna\" width=\"300\" height=\"108\" srcset=\"https:\/\/www.e-business-unternehmensberatung.com\/blog\/wp-content\/uploads\/2008\/11\/uniforce20logo202c20inv_or-300x108.jpg 300w, https:\/\/www.e-business-unternehmensberatung.com\/blog\/wp-content\/uploads\/2008\/11\/uniforce20logo202c20inv_or.jpg 482w\" sizes=\"auto, (max-width: 300px) 100vw, 300px\" \/><\/a><a href=\"https:\/\/www.e-business-unternehmensberatung.com\/blog\/wp-content\/uploads\/2008\/11\/uniforce20logo202c20inv_or.jpg\"><\/a><\/p>\n<p>uniforce Junior Enterprise Vienna ist ein von Studierenden gef\u00fchrtes Beratungsunternehmen mit Sitz in Wien, das in den Bereichen Marketing, Personal und Public Management t\u00e4tig ist. Vor allem ber\u00e4t uniforce aber auch bei Fragen im Personalmarketing.<\/p>\n<p>In diesen Bereichen f\u00fchrt uniforce Projekte hochwertiger Qualit\u00e4t mit einem sehr guten Preis-Leistungs-Verh\u00e4ltnis durch. uniforce sieht seine Kunden als Partner und arbeitet w\u00e4hrend des individuellen Projektprozesses intensiv mit seinen Kunden zusammen.<\/p>\n<p>Das interdisziplin\u00e4re Team kann w\u00e4hrend der Projekte auf das aktuellste Wissen der Universit\u00e4t zur\u00fcckgreifen und dieses mit der Praxis verkn\u00fcpfen.<\/p>\n<div><span style=\"font-size: x-small;\">uniforce Junior Enterprise Vienna<\/span><\/div>\n<div><span style=\"font-size: x-small;\">Am Heumarkt 12<\/span><\/div>\n<div><span style=\"font-size: x-small;\">1030 Wien, Austria<\/span><\/div>\n<div><span style=\"font-size: x-small;\">Phone: 0043 720 736882<\/span><\/div>\n<div><span style=\"font-size: x-small;\">Fax: 0043 1 71135 2425<\/span><\/div>\n<div><span style=\"font-size: x-small;\">Web: <a href=\"http:\/\/www.uniforce.at\" target=\"_blank\">www.uniforce.at<\/a><\/span><\/div>\n<div><span style=\"font-size: x-small;\"><span style=\"font-size: x-small;\">E-Mail: <a href=\"mailto:office@uniforce.at\">office@uniforce.at<\/a><\/span><\/span><\/div>\n<p style=\"text-align: center;\">\n<div style=\"text-align: center;\"><span style=\"font-size: x-small;\"><span style=\"font-size: x-small;\"><span style=\"font-size: x-small;\"><span style=\"font-size: x-small;\"> <\/span> <a href=\"https:\/\/www.e-business-unternehmensberatung.com\/blog\/wp-content\/uploads\/2008\/11\/team-foto-2008.jpg\"><img loading=\"lazy\" decoding=\"async\" class=\"alignnone size-full wp-image-239 aligncenter\" title=\"team-foto-2008\" src=\"https:\/\/www.e-business-unternehmensberatung.com\/blog\/wp-content\/uploads\/2008\/11\/team-foto-2008.jpg\" alt=\"uniforce Junior Enterprise Team\" width=\"447\" height=\"298\" srcset=\"https:\/\/www.e-business-unternehmensberatung.com\/blog\/wp-content\/uploads\/2008\/11\/team-foto-2008.jpg 447w, https:\/\/www.e-business-unternehmensberatung.com\/blog\/wp-content\/uploads\/2008\/11\/team-foto-2008-300x200.jpg 300w\" sizes=\"auto, (max-width: 447px) 100vw, 447px\" \/><\/a><\/span><\/span><\/span><\/div>\n<div><\/div>\n<div><span style=\"font-size: x-small;\"><\/span><\/div>\n<p><span style=\"font-size: x-small;\"><span style=\"font-size: x-small;\"><\/span><\/span><\/p>\n<div><span style=\"font-size: x-small;\"><span style=\"font-size: x-small;\"><span style=\"font-size: x-small;\"><span style=\"font-size: x-small;\"> <\/span><\/span><\/span><\/span><\/div>\n<div><span style=\"font-size: x-small;\"><span style=\"font-size: x-small;\"><span style=\"font-size: x-small;\"><span style=\"font-size: x-small;\"> <\/span><\/span><\/span><\/span><\/div>\n<div><span style=\"font-size: x-small;\"><span style=\"font-size: x-small;\"><span style=\"font-size: x-small;\"><span style=\"font-size: x-small;\"> <\/span><\/span><\/span><\/span><\/div>\n<div><span style=\"font-size: x-small;\"><span style=\"font-size: x-small;\"><span style=\"font-size: x-small;\"><span style=\"font-size: x-small;\"> <\/span><\/span><\/span><\/span><\/div>\n<div><span style=\"font-size: x-small;\"><span style=\"font-size: x-small;\"><span style=\"font-size: x-small;\"><span style=\"font-size: x-small;\"> <\/span><\/span><\/span><\/span><\/div>\n<div><span style=\"font-size: x-small;\"><span style=\"font-size: x-small;\"><span style=\"font-size: x-small;\"><span style=\"font-size: x-small;\"> <\/span><\/span><\/span><\/span><\/div>\n<div><span style=\"font-size: x-small;\"><span style=\"font-size: x-small;\"><span style=\"font-size: x-small;\"><span style=\"font-size: x-small;\"> <\/span><\/span><\/span><\/span><\/div>\n<div><span style=\"font-size: x-small;\"><span style=\"font-size: x-small;\"><span style=\"font-size: x-small;\"><span style=\"font-size: x-small;\"> <\/span><\/span><\/span><\/span><\/div>\n<div><span style=\"font-size: x-small;\"><span style=\"font-size: x-small;\"><span style=\"font-size: x-small;\"><span style=\"font-size: x-small;\"> <\/span><\/span><\/span><\/span><\/div>\n<div><span style=\"font-size: x-small;\"><span style=\"font-size: x-small;\"><span style=\"font-size: x-small;\"><span style=\"font-size: x-small;\"> <\/span><\/span><\/span><\/span><\/div>\n<p><span style=\"font-size: x-small;\"><span style=\"font-size: x-small;\"><span style=\"font-size: x-small;\"><span style=\"font-size: x-small;\"> <\/span><\/span><\/span><\/span><\/p>\n","protected":false},"excerpt":{"rendered":"<p>uniforce Junior Enterprise Vienna ist ein von Studierenden gef\u00fchrtes Beratungsunternehmen mit Sitz in Wien, das in den Bereichen Marketing, Personal und Public Management t\u00e4tig ist. Vor allem ber\u00e4t uniforce aber auch bei Fragen im Personalmarketing. In diesen Bereichen f\u00fchrt uniforce Projekte hochwertiger Qualit\u00e4t mit einem sehr guten Preis-Leistungs-Verh\u00e4ltnis durch. uniforce sieht seine Kunden als Partner [&hellip;]<\/p>\n","protected":false},"author":8,"featured_media":0,"parent":236,"menu_order":0,"comment_status":"open","ping_status":"open","template":"","meta":{"_monsterinsights_skip_tracking":false,"_monsterinsights_sitenote_active":false,"_monsterinsights_sitenote_note":"","_monsterinsights_sitenote_category":0,"footnotes":""},"class_list":["post-237","page","type-page","status-publish","hentry"],"aioseo_notices":[],"_links":{"self":[{"href":"https:\/\/www.e-business-unternehmensberatung.com\/blog\/wp-json\/wp\/v2\/pages\/237","targetHints":{"allow":["GET"]}}],"collection":[{"href":"https:\/\/www.e-business-unternehmensberatung.com\/blog\/wp-json\/wp\/v2\/pages"}],"about":[{"href":"https:\/\/www.e-business-unternehmensberatung.com\/blog\/wp-json\/wp\/v2\/types\/page"}],"author":[{"embeddable":true,"href":"https:\/\/www.e-business-unternehmensberatung.com\/blog\/wp-json\/wp\/v2\/users\/8"}],"replies":[{"embeddable":true,"href":"https:\/\/www.e-business-unternehmensberatung.com\/blog\/wp-json\/wp\/v2\/comments?post=237"}],"version-history":[{"count":0,"href":"https:\/\/www.e-business-unternehmensberatung.com\/blog\/wp-json\/wp\/v2\/pages\/237\/revisions"}],"up":[{"embeddable":true,"href":"https:\/\/www.e-business-unternehmensberatung.com\/blog\/wp-json\/wp\/v2\/pages\/236"}],"wp:attachment":[{"href":"https:\/\/www.e-business-unternehmensberatung.com\/blog\/wp-json\/wp\/v2\/media?parent=237"}],"curies":[{"name":"wp","href":"https:\/\/api.w.org\/{rel}","templated":true}]}}