{"id":242,"date":"2008-11-12T10:24:10","date_gmt":"2008-11-12T08:24:10","guid":{"rendered":"http:\/\/www.e-business-unternehmensberatung.com\/blog\/?page_id=242"},"modified":"2013-01-30T21:53:42","modified_gmt":"2013-01-30T19:53:42","slug":"unternehmensberatung-duisburg","status":"publish","type":"page","link":"https:\/\/www.e-business-unternehmensberatung.com\/blog\/beratung-verzeichnis\/unternehmensberatungen\/unternehmensberatung-duisburg\/","title":{"rendered":"Unternehmensberatung Duisburg"},"content":{"rendered":"<h4>Consulting Informationen und Beratungsangebote der e-Business Unternehmensberatung und weiterer Unternehmensberater in Duisburg<\/h4>\n<p><a href=\"https:\/\/www.e-business-unternehmensberatung.com\/blog\/wp-content\/uploads\/2008\/11\/Unternehmensberater-Duisburg.png\"><img loading=\"lazy\" decoding=\"async\" class=\"alignright size-full wp-image-3259\" title=\"Unternehmensberater Duisburg\" src=\"https:\/\/www.e-business-unternehmensberatung.com\/blog\/wp-content\/uploads\/2008\/11\/Unternehmensberater-Duisburg.png\" alt=\"Unternehmensberater in Duisburg\" width=\"77\" height=\"75\" \/><\/a>Sie suchen nach den erfolgreichsten Wegen und Strategien um im Internet neue Kunden zu gewinnen? Sie m\u00f6chten mit Ihren bestehenden Kunden bessere Ergebnisse realisieren und innovative Marketingstrategien optimal in Ihr Gesch\u00e4ftskonzept integrieren? Die e-Business Unternehmensberatung zeigt Ihnen diese Wege und f\u00fchrt Sie zielsicher zum Erfolg. Von der Webseite oder dem Shopsystem, der Suchmaschinenoptimierung und Suchmaschinen- Internetmarketing bis zu den sozialen Netzwerken. Die e-Business Unternehmensberatung zeigt Ihnen wie es geht. Hier sehen Sie mehr zu unseren <a title=\"Unternehmensberater in Duisburg\" href=\"https:\/\/www.e-business-unternehmensberatung.com\/blog\/unsere-beratungsleistungen\/\">Beratungsleistungen<\/a>. Wir freuen uns auf Ihren Anruf!<\/p>\n<p>.<\/p>\n<div id=\"attachment_1525\" style=\"width: 310px\" class=\"wp-caption alignleft\"><a href=\"https:\/\/www.e-business-unternehmensberatung.com\/blog\/wp-content\/uploads\/2008\/11\/Duisburg-Unternehmensberatungen.jpg\"><img loading=\"lazy\" decoding=\"async\" aria-describedby=\"caption-attachment-1525\" class=\"size-medium wp-image-1525\" title=\"Duisburg Unternehmensberatungen\" src=\"https:\/\/www.e-business-unternehmensberatung.com\/blog\/wp-content\/uploads\/2008\/11\/Duisburg-Unternehmensberatungen-300x200.jpg\" alt=\"Duisburg Unternehmensberatungen\" width=\"300\" height=\"200\" srcset=\"https:\/\/www.e-business-unternehmensberatung.com\/blog\/wp-content\/uploads\/2008\/11\/Duisburg-Unternehmensberatungen-300x200.jpg 300w, https:\/\/www.e-business-unternehmensberatung.com\/blog\/wp-content\/uploads\/2008\/11\/Duisburg-Unternehmensberatungen.jpg 424w\" sizes=\"auto, (max-width: 300px) 100vw, 300px\" \/><\/a><p id=\"caption-attachment-1525\" class=\"wp-caption-text\">innenhafen \u00a9 Mirko Raatz Fotolia<\/p><\/div>\n<p>Duisburg, mit etwa 494.000 Einwohnern die f\u00fcnftgr\u00f6\u00dfte Stadt Nordrhein Westfalens im Westen am Niederrhein gelegen. Eine der Attraktionen von Duisburg ist der Binnenhafen, der als gr\u00f6\u00dfter der Welt gilt und damit einen starken wirtschaftlichen Faktor f\u00fcr die Region darstellt. Noch heute ist die Stahlindustrie mit einer der gr\u00f6\u00dften Ausdehnungen in Mitteleuropa das Herz von Duisburg. S\u00e4mtliche der im Ruhrgebiet befindlichen 7 Hoch\u00f6fen befinden sich in Duisburg. Aber auch die Dienstleistungsbranche hat sich hier fest etabliert. So gilt Duisburg mittlerweile auch als Call Center Hochburg die f\u00fcr Unternehmen wie Deutsche Bahn, Citibank, Dresdner Bank, Alice \/ Hansenet arbeiten. Bekannte Unternehmen in Duisburg sind die Franz Haniel &amp; Cie, Kl\u00f6ckner-Werke, Grillo Werke, Lehnkering, K\u00f6nig Brauerei, Deutsche Steinkohle AG und zahlreiche weitere Unternehmen. F\u00fcr Unternehmensberater ist Duisburg deshalb ein Standort mit vielen M\u00f6glichkeiten.<\/p>\n<p>Wenn Sie selbst Unternehmensberater in Duisburg und Umgebung sind und als Netzwerkpartner der e-Business Unternehmensberatung eine eigene erfolgreiche Pr\u00e4sentationsseite \/ Verlinkung im Bereich Unternehmensberatung Duisburg nutzen m\u00f6chten, lesen Sie bitte die Informationen auf unserer Seite <a title=\"Unternehmensberatung Partner  werden\" href=\"https:\/\/www.e-business-unternehmensberatung.com\/blog\/netzwerk-partner-werden\/\" target=\"_blank\">Netzwerkpartner werden<\/a>.<\/p>\n<p>Finden Sie hier weitere Ansprechpartner f\u00fcr ihre Region.<\/p>\n<p><a href=\"https:\/\/www.e-business-unternehmensberatung.com\/blog\/beratung-verzeichnis\/unternehmensberatungen\/unternehmensberatung-duisburg\/e-commerce-internet-beratung-duisburg\/\">e-Business Unternehmensberatung Duisburg<\/a><\/p>\n<p><a href=\"https:\/\/www.e-business-unternehmensberatung.com\/blog\/beratung-verzeichnis\/unternehmensberatungen\/unternehmensberatung-duisburg\/ihk-duisburg\/\">IHK Duisburg<\/a><\/p>\n","protected":false},"excerpt":{"rendered":"<p>Consulting Informationen und Beratungsangebote der e-Business Unternehmensberatung und weiterer Unternehmensberater in Duisburg Sie suchen nach den erfolgreichsten Wegen und Strategien um im Internet neue Kunden zu gewinnen? Sie m\u00f6chten mit Ihren bestehenden Kunden bessere Ergebnisse realisieren und innovative Marketingstrategien optimal in Ihr Gesch\u00e4ftskonzept integrieren? Die e-Business Unternehmensberatung zeigt Ihnen diese Wege und f\u00fchrt Sie zielsicher [&hellip;]<\/p>\n","protected":false},"author":8,"featured_media":0,"parent":23,"menu_order":16,"comment_status":"open","ping_status":"open","template":"","meta":{"_monsterinsights_skip_tracking":false,"_monsterinsights_sitenote_active":false,"_monsterinsights_sitenote_note":"","_monsterinsights_sitenote_category":0,"footnotes":""},"class_list":["post-242","page","type-page","status-publish","hentry"],"aioseo_notices":[],"_links":{"self":[{"href":"https:\/\/www.e-business-unternehmensberatung.com\/blog\/wp-json\/wp\/v2\/pages\/242","targetHints":{"allow":["GET"]}}],"collection":[{"href":"https:\/\/www.e-business-unternehmensberatung.com\/blog\/wp-json\/wp\/v2\/pages"}],"about":[{"href":"https:\/\/www.e-business-unternehmensberatung.com\/blog\/wp-json\/wp\/v2\/types\/page"}],"author":[{"embeddable":true,"href":"https:\/\/www.e-business-unternehmensberatung.com\/blog\/wp-json\/wp\/v2\/users\/8"}],"replies":[{"embeddable":true,"href":"https:\/\/www.e-business-unternehmensberatung.com\/blog\/wp-json\/wp\/v2\/comments?post=242"}],"version-history":[{"count":0,"href":"https:\/\/www.e-business-unternehmensberatung.com\/blog\/wp-json\/wp\/v2\/pages\/242\/revisions"}],"up":[{"embeddable":true,"href":"https:\/\/www.e-business-unternehmensberatung.com\/blog\/wp-json\/wp\/v2\/pages\/23"}],"wp:attachment":[{"href":"https:\/\/www.e-business-unternehmensberatung.com\/blog\/wp-json\/wp\/v2\/media?parent=242"}],"curies":[{"name":"wp","href":"https:\/\/api.w.org\/{rel}","templated":true}]}}