{"id":243,"date":"2008-11-12T10:52:45","date_gmt":"2008-11-12T08:52:45","guid":{"rendered":"http:\/\/www.e-business-unternehmensberatung.com\/blog\/?page_id=243"},"modified":"2011-09-28T10:35:15","modified_gmt":"2011-09-28T08:35:15","slug":"kreaktiv-ev-studentische-unternehmensberatung-ravensburg-weingarten","status":"publish","type":"page","link":"https:\/\/www.e-business-unternehmensberatung.com\/blog\/beratung-verzeichnis\/unternehmensberatungen\/unternehmensberatung-ravensburg\/kreaktiv-ev-studentische-unternehmensberatung-ravensburg-weingarten\/","title":{"rendered":"kreaktiv e.V. studentische Unternehmensberatung Ravensburg &#8211; Weingarten"},"content":{"rendered":"<p><a href=\"https:\/\/www.e-business-unternehmensberatung.com\/blog\/wp-content\/uploads\/2008\/11\/clipboard01.jpg\"><img loading=\"lazy\" decoding=\"async\" class=\"aligncenter size-full wp-image-244\" title=\"clipboard01\" src=\"https:\/\/www.e-business-unternehmensberatung.com\/blog\/wp-content\/uploads\/2008\/11\/clipboard01.jpg\" alt=\"kreaktiv e.V. Unternehmensberatung Ravensburg - Weingarten\" width=\"250\" height=\"85\" \/><\/a><\/p>\n<p style=\"margin-bottom: 0cm; margin-left: 1.27cm; line-height: 100%;\"><span style=\"font-family: Verdana,sans-serif;\"><span style=\"font-size: large;\">Junges Know-How<\/span><\/span><\/p>\n<p style=\"margin-bottom: 0cm; margin-left: 2.54cm; line-height: 100%;\"><span style=\"font-family: Verdana,sans-serif;\"><span style=\"font-size: large;\">Flexible L\u00f6sungen<\/span><\/span><\/p>\n<p style=\"margin-bottom: 0cm; margin-left: 3.81cm; line-height: 100%;\"><span style=\"font-family: Verdana,sans-serif;\"><span style=\"font-size: large;\">Ihr Erfolg<\/span><\/span><\/p>\n<p style=\"margin-bottom: 0cm; line-height: 100%;\"><span style=\"font-family: Verdana,sans-serif;\"><span style=\"font-size: xx-small;\"><strong>kreaktiv e.V.<\/strong><\/span><\/span><span style=\"font-family: Verdana,sans-serif;\"><span style=\"font-size: xx-small;\"> ist eine Studentische Unternehmensberatung, die ihre Mitglieder f\u00f6rdert und ihnen die M\u00f6glichkeit bietet, ihr Wissen sowie ihre Hard- und Softskills zu erweitern. Dazu bieten wir Schulungen in den verschiedensten Bereichen an.<\/span><\/span><\/p>\n<p style=\"margin-bottom: 0cm; line-height: 100%;\"><span style=\"font-family: Verdana,sans-serif;\"><span style=\"font-size: xx-small;\">Dadurch ist es uns m\u00f6glich, qualifizierte und kompetente Beraterteams zusammenzustellen, die dann die Projekte bearbeiten und somit ihr Wissen und K\u00f6nnen in der Praxis anwenden.<\/span><\/span><\/p>\n<p style=\"margin-bottom: 0cm; line-height: 100%;\"><span style=\"font-family: Verdana,sans-serif;\"><span style=\"font-size: medium;\">Die Mitglieder und Kuratoren<\/span><\/span><\/p>\n<p style=\"margin-bottom: 0cm; line-height: 100%;\"><span style=\"font-family: Verdana,sans-serif;\"><span style=\"font-size: xx-small;\">kreaktiv e.V. besteht aus engagierten Studierenden verschiedenster Fachrichtungen der Hochschule Ravensburg-Weingarten. Der Verein und die Projektteams von kreaktiv e.V. k\u00f6nnen auf einen umfassenden Wissenspool zur\u00fcckgreifen.<\/span><\/span><\/p>\n<p style=\"margin-bottom: 0cm; line-height: 100%;\"><span style=\"font-family: Verdana,sans-serif;\"><span style=\"font-size: xx-small;\">Die Kuratoren stehen uns als Ansprechpartner zur Verf\u00fcgung.<\/span><\/span><\/p>\n<p style=\"margin-bottom: 0cm; line-height: 100%;\"><span style=\"font-family: Verdana,sans-serif;\"><span style=\"font-size: xx-small;\">Derzeit sind folgende Personen in unserem Kuratorium vertreten:<\/span><\/span><\/p>\n<p style=\"margin-bottom: 0cm; line-height: 100%;\"><span style=\"font-family: Verdana,sans-serif;\"><span style=\"font-size: xx-small;\">Prof. Dr. rer. pol. Josef Fischer<\/span><\/span><\/p>\n<p style=\"margin-bottom: 0cm; line-height: 100%;\"><span style=\"font-family: Verdana,sans-serif;\"><span style=\"font-size: xx-small;\">Prof. Dr. rer. pol. Eberhard Hohl<\/span><\/span><\/p>\n<p style=\"margin-bottom: 0cm; line-height: 100%;\"><span style=\"font-family: Verdana,sans-serif;\"><span style=\"font-size: xx-small;\">Prof. Dr. sc. agr. Georg Nuoffer-Wagner<\/span><\/span><\/p>\n<p style=\"margin-bottom: 0cm; line-height: 100%;\"><span style=\"font-family: Verdana,sans-serif;\"><span style=\"font-size: xx-small;\">Dipl.-Wirt.-Ing. Edmund Haupenthal<\/span><\/span><\/p>\n<p style=\"margin-bottom: 0cm; line-height: 100%;\"><span style=\"font-family: Verdana,sans-serif;\"><span style=\"font-size: medium;\">Unsere Kernkompetenzen<\/span><\/span><\/p>\n<p style=\"margin-bottom: 0cm; line-height: 100%;\"><span style=\"font-family: Verdana,sans-serif;\"><span style=\"font-size: xx-small;\">Wir verstehen uns als Allrounder und bieten Ihnen Beratungs- und Dienstleistungen aus nahezu allen Fakult\u00e4ten der Hochschule.<\/span><\/span><\/p>\n<p style=\"margin-bottom: 0cm; line-height: 100%;\"><span style=\"font-family: Verdana,sans-serif;\"><span style=\"font-size: xx-small;\"> Beispielsweise:<\/span><\/span><\/p>\n<p style=\"margin-bottom: 0cm; line-height: 100%;\"><span style=\"font-family: Verdana,sans-serif;\"><span style=\"font-size: xx-small;\">Hochschulmarketing<\/span><\/span><\/p>\n<ul>\n<li>\n<p style=\"margin-bottom: 0cm; line-height: 100%;\"><span style=\"font-family: Verdana,sans-serif;\"><span style=\"font-size: xx-small;\">Qualit\u00e4tsmanagement<\/span><\/span><\/p>\n<\/li>\n<li>\n<p style=\"margin-bottom: 0cm; line-height: 100%;\"><span style=\"font-family: Verdana,sans-serif;\"><span style=\"font-size: xx-small;\">Marketing (Marktforschung, PR)<\/span><\/span><\/p>\n<\/li>\n<li>\n<p style=\"margin-bottom: 0cm; line-height: 100%;\"><span style=\"font-family: Verdana,sans-serif;\"><span style=\"font-size: xx-small;\">Prozess- und Strukturoptimierung<\/span><\/span><\/p>\n<\/li>\n<li>\n<p style=\"margin-bottom: 0cm; line-height: 100%;\"><span style=\"font-family: Verdana,sans-serif;\"><span style=\"font-size: xx-small;\">Wissensmanagement<\/span><\/span><\/p>\n<\/li>\n<li>\n<p style=\"margin-bottom: 0cm; line-height: 100%;\" lang=\"en-US\"><span style=\"font-family: Verdana,sans-serif;\"><span style=\"font-size: xx-small;\">Webdesign und E-Business (Onlineshops, E-valuation)<\/span><\/span><\/p>\n<\/li>\n<li>\n<p style=\"margin-bottom: 0cm; line-height: 100%;\"><span style=\"font-family: Verdana,sans-serif;\"><span style=\"font-size: xx-small;\">Start-Up\u2019s und Businesspl\u00e4ne<\/span><\/span><\/p>\n<\/li>\n<li>\n<p style=\"margin-bottom: 0cm; line-height: 100%;\"><span style=\"font-family: Verdana,sans-serif;\"><span style=\"font-size: xx-small;\">Personalmanagement, -marketing und \u2013entwicklung<\/span><\/span><\/p>\n<\/li>\n<li>\n<p style=\"margin-bottom: 0cm; line-height: 100%;\"><span style=\"font-family: Verdana,sans-serif;\"><span style=\"font-size: xx-small;\">Technische Beratung in den Bereichen Maschinenbau,<\/span><\/span><\/p>\n<\/li>\n<\/ul>\n<p style=\"margin-bottom: 0cm; margin-left: 1.27cm; line-height: 100%;\"><span style=\"font-family: Verdana,sans-serif;\"><span style=\"font-size: xx-small;\">Physikalische Technik und Elektrotechnik<\/span><\/span><\/p>\n<ul>\n<li>\n<p style=\"margin-bottom: 0cm; line-height: 100%;\" lang=\"en-US\"><span style=\"font-family: Verdana,sans-serif;\"><span style=\"font-size: xx-small;\">IT-Beratung (CRM, Supply Chain Management)<\/span><\/span><\/p>\n<\/li>\n<\/ul>\n<p style=\"margin-bottom: 0cm; line-height: 100%;\" lang=\"en-US\"><span style=\"font-family: Verdana,sans-serif;\"><span style=\"font-size: xx-small;\">Wir bieten folgende Vorteile gegen\u00fcber konventionellen<\/span><\/span><\/p>\n<p style=\"margin-bottom: 0cm; line-height: 100%;\"><span style=\"font-family: Verdana,sans-serif;\"><span style=\"font-size: xx-small;\">Unternehmensberatungen:<\/span><\/span><\/p>\n<p style=\"margin-bottom: 0cm; line-height: 100%;\"><span style=\"font-family: Verdana,sans-serif;\"><span style=\"font-size: xx-small;\">Kontakt zur Hochschule<\/span><\/span><\/p>\n<ul>\n<li>\n<p style=\"margin-bottom: 0cm; line-height: 100%;\"><span style=\"font-family: Verdana,sans-serif;\"><span style=\"font-size: xx-small;\">Kontakt zu hoch motivierten Studenten<\/span><\/span><\/p>\n<\/li>\n<li>\n<p style=\"margin-bottom: 0cm; line-height: 100%;\"><span style=\"font-family: Verdana,sans-serif;\"><span style=\"font-size: xx-small;\">V\u00f6llig neue Blickweisen ohne Routineblindheit<\/span><\/span><\/p>\n<\/li>\n<li>\n<p style=\"margin-bottom: 0cm; line-height: 100%;\"><span style=\"font-family: Verdana,sans-serif;\"><span style=\"font-size: xx-small;\">Topaktuelles Know-How<\/span><\/span><\/p>\n<\/li>\n<li>\n<p style=\"margin-bottom: 0cm; line-height: 100%;\"><span style=\"font-family: Verdana,sans-serif;\"><span style=\"font-size: xx-small;\">Individuelles Kompetenzteam<\/span><\/span><\/p>\n<\/li>\n<li>\n<p style=\"margin-bottom: 0cm; line-height: 100%;\"><span style=\"font-family: Verdana,sans-serif;\"><span style=\"font-size: xx-small;\">G\u00fcnstiger Beratersatz<\/span><\/span><\/p>\n<\/li>\n<\/ul>\n<p style=\"margin-bottom: 0cm; line-height: 100%;\"><span style=\"font-family: Verdana,sans-serif;\"><span style=\"font-size: medium;\">Beispielprojekte<\/span><\/span><\/p>\n<p style=\"margin-bottom: 0cm; line-height: 100%;\"><span style=\"font-family: Verdana,sans-serif;\"><span style=\"font-size: xx-small;\">kreaktiv e.V. bearbeitet Projekte in den verschiedensten Bereichen.<\/span><\/span><\/p>\n<p style=\"margin-bottom: 0cm; line-height: 100%;\"><span style=\"font-family: Verdana,sans-serif;\"><span style=\"font-size: xx-small;\">Damit Sie sich ein Bild davon machen k\u00f6nnen, stellen wir Ihnen hier<\/span><\/span><\/p>\n<p style=\"margin-bottom: 0cm; line-height: 100%;\"><span style=\"font-family: Verdana,sans-serif;\"><span style=\"font-size: xx-small;\">zwei Beispiele vor:<\/span><\/span><\/p>\n<p style=\"margin-bottom: 0cm; line-height: 100%;\"><span style=\"font-family: Verdana,sans-serif;\"><span style=\"font-size: x-small;\"><strong>Entwicklung eines Online-Evaluationstools zur Feststellung<\/strong><\/span><\/span><\/p>\n<p style=\"margin-bottom: 0cm; line-height: 100%;\"><span style=\"font-family: Verdana,sans-serif;\"><span style=\"font-size: x-small;\"><strong>und Auswertung der Kundenzufriedenheit<\/strong><\/span><\/span><\/p>\n<p style=\"margin-bottom: 0cm; line-height: 100%;\"><span style=\"font-family: Verdana,sans-serif;\"><span style=\"font-size: xx-small;\">Dieses Tool wurde dazu entwickelt, jedem Kunden die M\u00f6glichkeit zu geben, das Unternehmen zu bewerten. Das Tool erm\u00f6glicht es u.a. Frageb\u00f6gen beliebiger Art zur Auswertung der Kundenzufriedenheit zu erstellen und die automatisch ausgewerteten Daten direkt in MS Excel zu exportieren. Somit besitzt der Kunde ein m\u00e4chtiges Werkzeug, um sein Customer-Relationship-Management zu optimieren.<\/span><\/span><\/p>\n<p style=\"margin-bottom: 0cm; line-height: 100%;\"><span style=\"font-family: Verdana,sans-serif;\"><span style=\"font-size: x-small;\"><strong>Hochschulanalyse in den neuen<\/strong><\/span><\/span><\/p>\n<p style=\"margin-bottom: 0cm; line-height: 100%;\"><span style=\"font-family: Verdana,sans-serif;\"><span style=\"font-size: x-small;\"><strong>Bundesl\u00e4ndern<\/strong><\/span><\/span><\/p>\n<p style=\"margin-bottom: 0cm; line-height: 100%;\"><span style=\"font-family: Verdana,sans-serif;\"><span style=\"font-size: x-small;\">Der Auftraggeber war ein<\/span><\/span><span style=\"font-family: Verdana,sans-serif;\"><span style=\"font-size: xx-small;\"> namhaften Automobilzulieferer. Ziel des Projektes war die Erfassung von Informationen \u00fcber Hochschulen in den neuen Bundesl\u00e4ndern. Hierzu wurden die dort angebotenen Studieng\u00e4nge analysiert und verschiedene Studien und Rankings untersucht und kundenspezifisch ausgewertet.<\/span><\/span><\/p>\n<p style=\"margin-bottom: 0cm; line-height: 100%;\"><span style=\"font-family: Verdana,sans-serif;\"><span style=\"font-size: medium;\">Kontakt<\/span><\/span><\/p>\n<p style=\"margin-bottom: 0cm; line-height: 100%;\"><span style=\"font-family: Verdana,sans-serif;\"><span style=\"font-size: xx-small;\">Haben wir Ihr Interesse geweckt?<\/span><\/span><\/p>\n<p style=\"margin-bottom: 0cm; line-height: 100%;\"><span style=\"font-family: Verdana,sans-serif;\"><span style=\"font-size: xx-small;\">M\u00f6chten Sie unsere Leistungen in Anspruch nehmen?<\/span><\/span><\/p>\n<p style=\"margin-bottom: 0cm; line-height: 100%;\"><span style=\"font-family: Verdana,sans-serif;\"><span style=\"font-size: xx-small;\">M\u00f6chten Sie mehr erfahren und uns pers\u00f6nlich kennen lernen?<\/span><\/span><\/p>\n<p style=\"margin-bottom: 0cm; line-height: 100%;\"><span style=\"font-family: Verdana; font-size: xx-small;\">Dann besuchen Sie uns doch im Internet. Hier steht auch ein Kontaktformular f\u00fcr Sie bereit.<br \/>\n<\/span><\/p>\n","protected":false},"excerpt":{"rendered":"<p>Junges Know-How Flexible L\u00f6sungen Ihr Erfolg kreaktiv e.V. ist eine Studentische Unternehmensberatung, die ihre Mitglieder f\u00f6rdert und ihnen die M\u00f6glichkeit bietet, ihr Wissen sowie ihre Hard- und Softskills zu erweitern. Dazu bieten wir Schulungen in den verschiedensten Bereichen an. Dadurch ist es uns m\u00f6glich, qualifizierte und kompetente Beraterteams zusammenzustellen, die dann die Projekte bearbeiten und [&hellip;]<\/p>\n","protected":false},"author":8,"featured_media":0,"parent":241,"menu_order":2,"comment_status":"open","ping_status":"open","template":"","meta":{"_monsterinsights_skip_tracking":false,"_monsterinsights_sitenote_active":false,"_monsterinsights_sitenote_note":"","_monsterinsights_sitenote_category":0,"footnotes":""},"class_list":["post-243","page","type-page","status-publish","hentry"],"aioseo_notices":[],"_links":{"self":[{"href":"https:\/\/www.e-business-unternehmensberatung.com\/blog\/wp-json\/wp\/v2\/pages\/243","targetHints":{"allow":["GET"]}}],"collection":[{"href":"https:\/\/www.e-business-unternehmensberatung.com\/blog\/wp-json\/wp\/v2\/pages"}],"about":[{"href":"https:\/\/www.e-business-unternehmensberatung.com\/blog\/wp-json\/wp\/v2\/types\/page"}],"author":[{"embeddable":true,"href":"https:\/\/www.e-business-unternehmensberatung.com\/blog\/wp-json\/wp\/v2\/users\/8"}],"replies":[{"embeddable":true,"href":"https:\/\/www.e-business-unternehmensberatung.com\/blog\/wp-json\/wp\/v2\/comments?post=243"}],"version-history":[{"count":0,"href":"https:\/\/www.e-business-unternehmensberatung.com\/blog\/wp-json\/wp\/v2\/pages\/243\/revisions"}],"up":[{"embeddable":true,"href":"https:\/\/www.e-business-unternehmensberatung.com\/blog\/wp-json\/wp\/v2\/pages\/241"}],"wp:attachment":[{"href":"https:\/\/www.e-business-unternehmensberatung.com\/blog\/wp-json\/wp\/v2\/media?parent=243"}],"curies":[{"name":"wp","href":"https:\/\/api.w.org\/{rel}","templated":true}]}}