{"id":250,"date":"2008-11-19T21:05:05","date_gmt":"2008-11-19T19:05:05","guid":{"rendered":"http:\/\/www.e-business-unternehmensberatung.com\/blog\/?page_id=250"},"modified":"2012-02-08T19:48:56","modified_gmt":"2012-02-08T17:48:56","slug":"unternehmensberatung-erfurt","status":"publish","type":"page","link":"https:\/\/www.e-business-unternehmensberatung.com\/blog\/beratung-verzeichnis\/unternehmensberatungen\/unternehmensberatung-erfurt\/","title":{"rendered":"Unternehmensberatung Erfurt"},"content":{"rendered":"<h4>Consulting Informationen und Beratungsangebote der e-Business Unternehmensberatung und weiterer Unternehmensberater in Erfurt<\/h4>\n<p><a href=\"https:\/\/www.e-business-unternehmensberatung.com\/blog\/wp-content\/uploads\/2008\/11\/Unternehmensberater-Erfurt.png\"><img loading=\"lazy\" decoding=\"async\" class=\"alignright size-full wp-image-3351\" title=\"Unternehmensberater Erfurt\" src=\"https:\/\/www.e-business-unternehmensberatung.com\/blog\/wp-content\/uploads\/2008\/11\/Unternehmensberater-Erfurt.png\" alt=\"Unternehmensberater in Erfurt\" width=\"77\" height=\"75\" \/><\/a>Sie suchen nach den erfolgreichsten Wegen und Strategien um im Internet neue Kunden zu gewinnen? Sie m\u00f6chten mit Ihren bestehenden Kunden bessere Ergebnisse realisieren und innovative Marketingstrategien optimal in Ihr Gesch\u00e4ftskonzept integrieren? Die e-Business Unternehmensberatung zeigt Ihnen diese Wege und f\u00fchrt Sie zielsicher zum Erfolg. Von der Webseite oder dem Shopsystem, der Suchmaschinenoptimierung und Suchmaschinen- Internetmarketing bis zu den sozialen Netzwerken. Die e-Business Unternehmensberatung zeigt Ihnen wie es geht. Hier sehen Sie mehr zu unseren\u00a0<a title=\"Unternehmensberater in Erfurt\" href=\"https:\/\/www.e-business-unternehmensberatung.com\/blog\/unsere-beratungsleistungen\/\">Beratungsleistungen<\/a>. Wir freuen uns auf Ihren Anruf!<\/p>\n<p>.<\/p>\n<div id=\"attachment_1528\" style=\"width: 310px\" class=\"wp-caption alignleft\"><a href=\"https:\/\/www.e-business-unternehmensberatung.com\/blog\/wp-content\/uploads\/2008\/11\/Erfurt-Unternehmensberatungen.jpg\"><img loading=\"lazy\" decoding=\"async\" aria-describedby=\"caption-attachment-1528\" class=\"size-medium wp-image-1528\" title=\"Erfurt Unternehmensberatungen\" src=\"https:\/\/www.e-business-unternehmensberatung.com\/blog\/wp-content\/uploads\/2008\/11\/Erfurt-Unternehmensberatungen-300x200.jpg\" alt=\"Erfurt Unternehmensberatungen\" width=\"300\" height=\"200\" srcset=\"https:\/\/www.e-business-unternehmensberatung.com\/blog\/wp-content\/uploads\/2008\/11\/Erfurt-Unternehmensberatungen-300x200.jpg 300w, https:\/\/www.e-business-unternehmensberatung.com\/blog\/wp-content\/uploads\/2008\/11\/Erfurt-Unternehmensberatungen.jpg 424w\" sizes=\"auto, (max-width: 300px) 100vw, 300px\" \/><\/a><p id=\"caption-attachment-1528\" class=\"wp-caption-text\">Erfurt \u00a9 Tobias Richter Fotolia<\/p><\/div>\n<p>Erfurt, die Landeshauptstadt des Freistaats Th\u00fcringen. Mit etwa 203.000 Einwohner ist Erfurt die gr\u00f6\u00dfte Stadt in Th\u00fcringen und geh\u00f6rt neben Gera und Jena zu einem der drei Oberzentren des Landes. Mit der Universit\u00e4t Erfurt und der Fachhochschule profitiert die \u00f6rtliche Wirtschaft von einer lebendigen Gesellschaftsstruktur und dem Austausch von Wissenschaft und Praxis. Bekannte Unternehmen sind heute die M\u00fcller Weingarten AG, X-FAB Semiconductor Foundries, Condomi, die Erfurter Malzwerke, Bosch Solar Energy, Braugold Brauerei, Funkwerk AG und viele andere Unternehmen. Die Mischung verschiedener Branchen erm\u00f6glicht Unternehmensberatungen in Erfurt eine breites Einsatzfeld an Beratungsthemen.<\/p>\n<p>Wenn Sie selbst Unternehmensberater in Erfurt und Umgebung sind und als Netzwerkpartner der e-Business Unternehmensberatung eine eigene erfolgreiche Pr\u00e4sentationsseite \/ Verlinkung im Bereich Unternehmensberatung Erfurt nutzen m\u00f6chten, lesen Sie bitte die Informationen auf unserer Seite <a title=\"Unternehmensberatung Partner  werden\" href=\"https:\/\/www.e-business-unternehmensberatung.com\/blog\/netzwerk-partner-werden\/\" target=\"_blank\">Netzwerkpartner werden<\/a>.<\/p>\n<p>Finden Sie hier weitere Ansprechpartner f\u00fcr ihre Region<\/p>\n<p><a href=\"https:\/\/www.e-business-unternehmensberatung.com\/blog\/beratung-verzeichnis\/unternehmensberatungen\/unternehmensberatung-erfurt\/internet-e-commerce-beratung-erfurt\/\">e-Business Unternehmensberatung Erfurt<\/a><\/p>\n<p><a href=\"https:\/\/www.e-business-unternehmensberatung.com\/blog\/beratung-verzeichnis\/unternehmensberatungen\/unternehmensberatung-erfurt\/student-consulting-ilmenau-ev-studentische-unternehmensberatung-ilmenau\/\">student consulting ilmenau e.V. studentische Unternehmensberatung Ilmenau<\/a><\/p>\n<p><a href=\"https:\/\/www.e-business-unternehmensberatung.com\/blog\/beratung-verzeichnis\/unternehmensberatungen\/unternehmensberatung-erfurt\/stubs-studentische-unternehmensberatung-schmalkalden-ev\/\">stubs Studentische Unternehmensberatung Schmalkalden e.V.<\/a><\/p>\n","protected":false},"excerpt":{"rendered":"<p>Consulting Informationen und Beratungsangebote der e-Business Unternehmensberatung und weiterer Unternehmensberater in Erfurt Sie suchen nach den erfolgreichsten Wegen und Strategien um im Internet neue Kunden zu gewinnen? Sie m\u00f6chten mit Ihren bestehenden Kunden bessere Ergebnisse realisieren und innovative Marketingstrategien optimal in Ihr Gesch\u00e4ftskonzept integrieren? Die e-Business Unternehmensberatung zeigt Ihnen diese Wege und f\u00fchrt Sie zielsicher [&hellip;]<\/p>\n","protected":false},"author":8,"featured_media":0,"parent":23,"menu_order":16,"comment_status":"open","ping_status":"open","template":"","meta":{"_monsterinsights_skip_tracking":false,"_monsterinsights_sitenote_active":false,"_monsterinsights_sitenote_note":"","_monsterinsights_sitenote_category":0,"footnotes":""},"class_list":["post-250","page","type-page","status-publish","hentry"],"aioseo_notices":[],"_links":{"self":[{"href":"https:\/\/www.e-business-unternehmensberatung.com\/blog\/wp-json\/wp\/v2\/pages\/250","targetHints":{"allow":["GET"]}}],"collection":[{"href":"https:\/\/www.e-business-unternehmensberatung.com\/blog\/wp-json\/wp\/v2\/pages"}],"about":[{"href":"https:\/\/www.e-business-unternehmensberatung.com\/blog\/wp-json\/wp\/v2\/types\/page"}],"author":[{"embeddable":true,"href":"https:\/\/www.e-business-unternehmensberatung.com\/blog\/wp-json\/wp\/v2\/users\/8"}],"replies":[{"embeddable":true,"href":"https:\/\/www.e-business-unternehmensberatung.com\/blog\/wp-json\/wp\/v2\/comments?post=250"}],"version-history":[{"count":0,"href":"https:\/\/www.e-business-unternehmensberatung.com\/blog\/wp-json\/wp\/v2\/pages\/250\/revisions"}],"up":[{"embeddable":true,"href":"https:\/\/www.e-business-unternehmensberatung.com\/blog\/wp-json\/wp\/v2\/pages\/23"}],"wp:attachment":[{"href":"https:\/\/www.e-business-unternehmensberatung.com\/blog\/wp-json\/wp\/v2\/media?parent=250"}],"curies":[{"name":"wp","href":"https:\/\/api.w.org\/{rel}","templated":true}]}}