{"id":259,"date":"2008-11-24T17:14:32","date_gmt":"2008-11-24T15:14:32","guid":{"rendered":"http:\/\/www.e-business-unternehmensberatung.com\/blog\/?page_id=259"},"modified":"2013-01-30T21:46:02","modified_gmt":"2013-01-30T19:46:02","slug":"unternehmensberatung-bamberg","status":"publish","type":"page","link":"https:\/\/www.e-business-unternehmensberatung.com\/blog\/beratung-verzeichnis\/unternehmensberatungen\/unternehmensberatung-bamberg\/","title":{"rendered":"Unternehmensberatung Bamberg"},"content":{"rendered":"<h4>Consulting Informationen und Beratungsangebote der e-Business Unternehmensberatung und weiterer Unternehmensberater in Bamberg<\/h4>\n<div><a href=\"https:\/\/www.e-business-unternehmensberatung.com\/blog\/wp-content\/uploads\/2008\/11\/Unternehmensberatung-Bamberg.png\"><img loading=\"lazy\" decoding=\"async\" class=\"alignright size-full wp-image-3702\" title=\"Unternehmensberatung Bamberg\" src=\"https:\/\/www.e-business-unternehmensberatung.com\/blog\/wp-content\/uploads\/2008\/11\/Unternehmensberatung-Bamberg.png\" alt=\"Unternehmensberatung in Bamberg\" width=\"77\" height=\"75\" \/><\/a>Sie suchen nach den erfolgreichsten Wegen und Strategien um im Internet neue Kunden zu gewinnen? Sie m\u00f6chten mit Ihren bestehenden Kunden bessere Ergebnisse realisieren und innovative Marketingstrategien optimal in Ihr Gesch\u00e4ftskonzept integrieren? Die e-Business Unternehmensberatung zeigt Ihnen diese Wege und f\u00fchrt Sie zielsicher zum Erfolg. Von der Webseite oder dem Shopsystem, der Suchmaschinenoptimierung und Suchmaschinen- Internetmarketing bis zu den sozialen Netzwerken. Die e-Business Unternehmensberatung zeigt Ihnen wie es geht. Hier sehen Sie mehr zu unseren\u00a0<a title=\"Unternehmensberater in Bamerg\" href=\"https:\/\/www.e-business-unternehmensberatung.com\/blog\/unsere-beratungsleistungen\/\">Beratungsleistungen<\/a>. Wir freuen uns auf Ihren Anruf!<\/div>\n<p>Bamberg, die kreisfreie Stadt im bayerischen Regierungsbezirk Oberfranken geh\u00f6rt mit knapp 70.000 Einwohnern in die Metropolregion N\u00fcrnberg. Als Subzentrum verf\u00fcgt Bamberg \u00fcber eine ausgewogene mittelst\u00e4ndische Unternehmensstruktur und \u00fcberzeugt mit einem attraktiven Mix aus kulturellen Angeboten und Freizeitgestaltungsm\u00f6glichkeiten f\u00fcr die Menschen. Zu den bekannten Arbeitgebern in Bamberg geh\u00f6ren die Robert Bosch GmbH, die Sozialstiftung Bamberg, die Wieland Electric, GHP Unternehmensgruppe und zahlreiche weitere Unternehmen. In so fern stellt die KFZ Zulieferindustrie wie auch die Elektrotechnikbranche einen gro\u00dfen Teil der Arbeitspl\u00e4tze. Bamberg erf\u00fcllt in so fern viele Voraussetzungen auch als Standort f\u00fcr Unternehmensberatungen eine erste Wahl zu sein.<\/p>\n<p>Wenn Sie selbst Unternehmensberater in Bamberg und Umgebung sind und als Netzwerkpartner der e-Business Unternehmensberatung eine eigene erfolgreiche Pr\u00e4sentationsseite \/ Verlinkung im Bereich Unternehmensberatung Bamberg nutzen m\u00f6chten, lesen Sie bitte die Informationen auf unserer Seite <a title=\"Unternehmensberatung Partner  werden\" href=\"https:\/\/www.e-business-unternehmensberatung.com\/blog\/netzwerk-partner-werden\/\" target=\"_blank\">Netzwerkpartner werden<\/a>.<\/p>\n<p>Finden Sie hier weitere Ansprechpartner f\u00fcr ihre Region.<\/p>\n<p><a href=\"https:\/\/www.e-business-unternehmensberatung.com\/blog\/beratung-verzeichnis\/unternehmensberatungen\/unternehmensberatung-bamberg\/website-optimierung-marketing-beratung-bamberg\/\">e-Business Unternehmensberatung Bamberg<\/a><\/p>\n<p><a href=\"https:\/\/www.e-business-unternehmensberatung.com\/blog\/beratung-verzeichnis\/unternehmensberatungen\/unternehmensberatung-bamberg\/cogita-ev-studentische-unternehmensberatung-bamberg\/\">cogita! e.V. studentische Unternehmensberatung Bamberg<\/a><\/p>\n","protected":false},"excerpt":{"rendered":"<p>Consulting Informationen und Beratungsangebote der e-Business Unternehmensberatung und weiterer Unternehmensberater in Bamberg Sie suchen nach den erfolgreichsten Wegen und Strategien um im Internet neue Kunden zu gewinnen? Sie m\u00f6chten mit Ihren bestehenden Kunden bessere Ergebnisse realisieren und innovative Marketingstrategien optimal in Ihr Gesch\u00e4ftskonzept integrieren? Die e-Business Unternehmensberatung zeigt Ihnen diese Wege und f\u00fchrt Sie zielsicher [&hellip;]<\/p>\n","protected":false},"author":8,"featured_media":0,"parent":23,"menu_order":4,"comment_status":"open","ping_status":"open","template":"","meta":{"_monsterinsights_skip_tracking":false,"_monsterinsights_sitenote_active":false,"_monsterinsights_sitenote_note":"","_monsterinsights_sitenote_category":0,"footnotes":""},"class_list":["post-259","page","type-page","status-publish","hentry"],"aioseo_notices":[],"_links":{"self":[{"href":"https:\/\/www.e-business-unternehmensberatung.com\/blog\/wp-json\/wp\/v2\/pages\/259","targetHints":{"allow":["GET"]}}],"collection":[{"href":"https:\/\/www.e-business-unternehmensberatung.com\/blog\/wp-json\/wp\/v2\/pages"}],"about":[{"href":"https:\/\/www.e-business-unternehmensberatung.com\/blog\/wp-json\/wp\/v2\/types\/page"}],"author":[{"embeddable":true,"href":"https:\/\/www.e-business-unternehmensberatung.com\/blog\/wp-json\/wp\/v2\/users\/8"}],"replies":[{"embeddable":true,"href":"https:\/\/www.e-business-unternehmensberatung.com\/blog\/wp-json\/wp\/v2\/comments?post=259"}],"version-history":[{"count":0,"href":"https:\/\/www.e-business-unternehmensberatung.com\/blog\/wp-json\/wp\/v2\/pages\/259\/revisions"}],"up":[{"embeddable":true,"href":"https:\/\/www.e-business-unternehmensberatung.com\/blog\/wp-json\/wp\/v2\/pages\/23"}],"wp:attachment":[{"href":"https:\/\/www.e-business-unternehmensberatung.com\/blog\/wp-json\/wp\/v2\/media?parent=259"}],"curies":[{"name":"wp","href":"https:\/\/api.w.org\/{rel}","templated":true}]}}