{"id":261,"date":"2008-11-24T17:40:37","date_gmt":"2008-11-24T15:40:37","guid":{"rendered":"http:\/\/www.e-business-unternehmensberatung.com\/blog\/?page_id=261"},"modified":"2012-12-04T11:36:18","modified_gmt":"2012-12-04T09:36:18","slug":"cogita-ev-studentische-unternehmensberatung-bamberg","status":"publish","type":"page","link":"https:\/\/www.e-business-unternehmensberatung.com\/blog\/beratung-verzeichnis\/unternehmensberatungen\/unternehmensberatung-bamberg\/cogita-ev-studentische-unternehmensberatung-bamberg\/","title":{"rendered":"cogita! e.V. studentische Unternehmensberatung Bamberg"},"content":{"rendered":"<p>&nbsp;<\/p>\n<p style=\"margin-bottom: 0cm; text-align: center;\"><a href=\"https:\/\/www.e-business-unternehmensberatung.com\/blog\/wp-content\/uploads\/2008\/11\/cogita-Unternehmensberatung.png\"><img loading=\"lazy\" decoding=\"async\" class=\"aligncenter size-medium wp-image-3927\" title=\"cogita Unternehmensberatung\" src=\"https:\/\/www.e-business-unternehmensberatung.com\/blog\/wp-content\/uploads\/2008\/11\/cogita-Unternehmensberatung-300x167.png\" alt=\"\" width=\"300\" height=\"167\" srcset=\"https:\/\/www.e-business-unternehmensberatung.com\/blog\/wp-content\/uploads\/2008\/11\/cogita-Unternehmensberatung-300x167.png 300w, https:\/\/www.e-business-unternehmensberatung.com\/blog\/wp-content\/uploads\/2008\/11\/cogita-Unternehmensberatung-1024x572.png 1024w, https:\/\/www.e-business-unternehmensberatung.com\/blog\/wp-content\/uploads\/2008\/11\/cogita-Unternehmensberatung.png 1514w\" sizes=\"auto, (max-width: 300px) 100vw, 300px\" \/><\/a><\/p>\n<p style=\"margin-top: 0.49cm; margin-bottom: 0.49cm;\">cogita! e.V. ist eine unabh\u00e4ngige studentische Unternehmensberatung an der Otto-Friedrich Universit\u00e4t in Bamberg. Es ist unser Anspruch universit\u00e4res Wissen mit Know-how aus der Praxis zu kombinieren, um unseren Kunden einen sp\u00fcrbaren Mehrwert zu bieten. In unseren Beratungsleistungen sprechen wir vor allem kleine und mittelst\u00e4ndische Unternehmen der Region an, f\u00fcr die klassische Unternehmensberatungen h\u00e4ufig eine finanzielle H\u00fcrde darstellen.<\/p>\n<p dir=\"ltr\">Unsere Berater verf\u00fcgen \u00fcber einen fundierten theoretischen Hintergrund und aktuelles Know-How aus der Unternehmensforschung. Dieses Wissen wird durch ein hohes Ma\u00df an Auslands- und Berufserfahrung erg\u00e4nzt. Wir bieten interdisziplin\u00e4re Beraterteams, die sich aus Studenten verschiedener Fachrichtungen zusammensetzen. Dies erm\u00f6glicht uns die Situation ihres Unternehmens noch besser aus verschiedenen Blickwinkeln betrachten zu k\u00f6nnen.<\/p>\n<p dir=\"ltr\">Unsere drei Kompetenzbereiche setzen sich aus Strategie &amp; Innovation, Marketing &amp; Vertrieb sowie Personal &amp; Organisation zusammen.<\/p>\n<p dir=\"ltr\">Regional arbeiten wir mit Unternehmen aus allen Branchen zusammen. Gemeinsam mit unseren Kunden entwickeln wir L\u00f6sungen, indem wir kreative und innovative Konzepte erarbeiten, welche die Wettbewerbsf\u00e4hig st\u00e4rken. cogita! e.V. steht insbesondere f\u00fcr intensive Kommunikation und nachhaltige Zusammenarbeit mit den Kunden.<\/p>\n<p dir=\"ltr\">Mit cogita! e.V. profitieren Sie von einer Unternehmensberatung, die nicht nur auf die praktischen und theoretischen Erfahrungen ihrer Mitglieder, sondern auf das gesamte Potential einer wissenschaftlichen Einrichtung zur\u00fcckgreifen kann.<\/p>\n<p dir=\"ltr\">Die Zusammenarbeit von Studenten, Professoren und Dozenten aus den unterschiedlichsten Fachbereichen, erm\u00f6glicht es uns, Ihnen erfolgreiche und hochwertige Leistungen zu bieten, die speziell auf Sie und Ihre Bed\u00fcrfnisse zugeschnitten sind.<\/p>\n<p dir=\"ltr\">Lernen Sie uns kennen und finden Sie heraus, was wir f\u00fcr sie tun k\u00f6nnen.<\/p>\n<p dir=\"ltr\">\u2714 Kundennah<br \/>\n\u2714 Kompetent<br \/>\n\u2714 Individuell<br \/>\n\u2714 Finanzierbar<\/p>\n<p style=\"margin-top: 0.49cm; margin-bottom: 0.49cm;\"><strong id=\"internal-source-marker_0.4354472269769758\"><br \/>\nWeitergehende Informationen finden Sie auf unserer Homepage:\u00a0<\/strong>\u00a0<a href=\"http:\/\/www.cogita-beratung.de\" target=\"_blank\">www.cogita-beratung.de<\/a><\/p>\n","protected":false},"excerpt":{"rendered":"<p>&nbsp; cogita! e.V. ist eine unabh\u00e4ngige studentische Unternehmensberatung an der Otto-Friedrich Universit\u00e4t in Bamberg. Es ist unser Anspruch universit\u00e4res Wissen mit Know-how aus der Praxis zu kombinieren, um unseren Kunden einen sp\u00fcrbaren Mehrwert zu bieten. In unseren Beratungsleistungen sprechen wir vor allem kleine und mittelst\u00e4ndische Unternehmen der Region an, f\u00fcr die klassische Unternehmensberatungen h\u00e4ufig eine [&hellip;]<\/p>\n","protected":false},"author":8,"featured_media":0,"parent":259,"menu_order":1,"comment_status":"open","ping_status":"open","template":"","meta":{"_monsterinsights_skip_tracking":false,"_monsterinsights_sitenote_active":false,"_monsterinsights_sitenote_note":"","_monsterinsights_sitenote_category":0,"footnotes":""},"class_list":["post-261","page","type-page","status-publish","hentry"],"aioseo_notices":[],"_links":{"self":[{"href":"https:\/\/www.e-business-unternehmensberatung.com\/blog\/wp-json\/wp\/v2\/pages\/261","targetHints":{"allow":["GET"]}}],"collection":[{"href":"https:\/\/www.e-business-unternehmensberatung.com\/blog\/wp-json\/wp\/v2\/pages"}],"about":[{"href":"https:\/\/www.e-business-unternehmensberatung.com\/blog\/wp-json\/wp\/v2\/types\/page"}],"author":[{"embeddable":true,"href":"https:\/\/www.e-business-unternehmensberatung.com\/blog\/wp-json\/wp\/v2\/users\/8"}],"replies":[{"embeddable":true,"href":"https:\/\/www.e-business-unternehmensberatung.com\/blog\/wp-json\/wp\/v2\/comments?post=261"}],"version-history":[{"count":0,"href":"https:\/\/www.e-business-unternehmensberatung.com\/blog\/wp-json\/wp\/v2\/pages\/261\/revisions"}],"up":[{"embeddable":true,"href":"https:\/\/www.e-business-unternehmensberatung.com\/blog\/wp-json\/wp\/v2\/pages\/259"}],"wp:attachment":[{"href":"https:\/\/www.e-business-unternehmensberatung.com\/blog\/wp-json\/wp\/v2\/media?parent=261"}],"curies":[{"name":"wp","href":"https:\/\/api.w.org\/{rel}","templated":true}]}}