{"id":273,"date":"2008-12-01T18:20:25","date_gmt":"2008-12-01T16:20:25","guid":{"rendered":"http:\/\/www.e-business-unternehmensberatung.com\/blog\/?page_id=273"},"modified":"2013-11-04T11:10:31","modified_gmt":"2013-11-04T09:10:31","slug":"stubs-studentische-unternehmensberatung-schmalkalden-ev","status":"publish","type":"page","link":"https:\/\/www.e-business-unternehmensberatung.com\/blog\/beratung-verzeichnis\/unternehmensberatungen\/unternehmensberatung-erfurt\/stubs-studentische-unternehmensberatung-schmalkalden-ev\/","title":{"rendered":"stubs Studentische Unternehmensberatung Schmalkalden e.V."},"content":{"rendered":"<p style=\"text-align: center;\"><span style=\"color: #ff6029;\"><span style=\"font-family: Arial,sans-serif;\"><span style=\"font-size: large;\"><a href=\"https:\/\/www.e-business-unternehmensberatung.com\/blog\/wp-content\/uploads\/2008\/12\/stubs_logo_schwarz.jpg\"><img loading=\"lazy\" decoding=\"async\" class=\"size-medium wp-image-274 aligncenter\" title=\"stubs_logo_schwarz\" alt=\"\" src=\"https:\/\/www.e-business-unternehmensberatung.com\/blog\/wp-content\/uploads\/2008\/12\/stubs_logo_schwarz-300x166.jpg\" width=\"300\" height=\"166\" srcset=\"https:\/\/www.e-business-unternehmensberatung.com\/blog\/wp-content\/uploads\/2008\/12\/stubs_logo_schwarz-300x166.jpg 300w, https:\/\/www.e-business-unternehmensberatung.com\/blog\/wp-content\/uploads\/2008\/12\/stubs_logo_schwarz.jpg 354w\" sizes=\"auto, (max-width: 300px) 100vw, 300px\" \/><\/a><\/span><\/span><\/span><\/p>\n<p style=\"margin-bottom: 0.49cm;\"><span style=\"color: #ff6029;\"><span style=\"font-family: Arial,sans-serif;\"><span style=\"font-size: large;\">stubs<\/span><\/span><\/span><\/p>\n<p style=\"margin-bottom: 0cm;\"><span style=\"color: #ff6029;\"><span style=\"font-family: Arial,sans-serif;\"><span style=\"font-size: small;\">ist eine Initiative des Fachbereichs Wirtschaft der Fachhochschule Schmalkalden.<\/span><\/span><\/span><\/p>\n<p style=\"margin-top: 0.49cm; margin-bottom: 0.49cm;\"><span style=\"font-family: Arial,sans-serif;\"><span style=\"font-size: small;\">Schwerpunkt der T\u00e4tigkeit von stubs ist die Beratung von Unternehmen in allen betriebswirtschaftlichen Fragen unter Einbeziehung gesellschaftlicher und sozialer Aspekte. Dabei setzt stubs vollends auf Teamarbeit. <\/span><\/span><\/p>\n<p style=\"margin-top: 0.49cm; margin-bottom: 0.49cm;\"><span style=\"font-family: Arial,sans-serif;\"><span style=\"font-size: small;\"><br \/>\nIn spezifisch zusammengestellten Berater-Teams, welche sich aus stubs-Mitgliedern sowie erfahrenen Praktikern und Wissenschaftlern zusammensetzen, erarbeitet stubs qualitativ hochwertige und wissenschaftlich fundierte Konzepte. Dar\u00fcber hinaus engagiert sich stubs im Bereich Coaching speziell f\u00fcr Existenzgr\u00fcnder bzw. neu gegr\u00fcndete Unternehmen. Neben der prim\u00e4r betriebswirtschaftlichen Hilfestellung durch den Fachbereich Wirtschaft wird stubs auch durch die Fachbereiche Elektrotechnik, Wirtschaftsrecht und Informatik fachlich unterst\u00fctzt. <\/span><\/span><\/p>\n<h1 class=\"western\"><span style=\"color: #ff6029;\"><span style=\"font-size: large;\">Leistungen<\/span><\/span><\/h1>\n<h2 class=\"western\"><span style=\"font-family: Arial,sans-serif;\">Organisation,Prozesse<\/span><\/h2>\n<p style=\"margin-top: 0.49cm; margin-bottom: 0.49cm;\"><span style=\"font-family: Arial,sans-serif;\"><span style=\"font-size: small;\">Organisations- und Prozessanalyse<br \/>\nOptimierung von Organisation und Prozesse<br \/>\nProjektmanagement Analyse und Optimierung der Unternehmenssteuerung<br \/>\nErstellung eines Business-Planes<\/span><\/span><\/p>\n<h2 class=\"western\"><span style=\"font-family: Arial,sans-serif;\">Marketing + Vertrieb<\/span><\/h2>\n<p style=\"margin-top: 0.49cm; margin-bottom: 0.49cm;\"><span style=\"font-family: Arial,sans-serif;\"><span style=\"font-size: small;\">Zufriedenheitsstudien<br \/>\nVerbraucherbefragungen<br \/>\nMarketingstrategie<br \/>\nAnalyse des Marketing Mix und der Absatzpolitischen Instrumente<br \/>\nMarketingorganisation<br \/>\nPositionierungsstrategie<br \/>\nPreisstrategie<br \/>\nVertriebsstrategie<br \/>\nVertriebsorganisation<\/span><\/span><\/p>\n<h2 class=\"western\"><span style=\"font-family: Arial,sans-serif;\">Beratung bei Aufbau und Organisation der Rechnungslegung<\/span><\/h2>\n<p style=\"margin-top: 0.49cm; margin-bottom: 0.49cm;\"><span style=\"font-family: Arial,sans-serif;\"><span style=\"font-size: small;\">Beratungsleistungen im Bereich Kosten- und Leistungsrechung<br \/>\nBeratung bei der Einf\u00fchrung betriebswirtschaftlicher Vergleichsrechnungen<br \/>\nAufbau und Organisation einer Planungsrechung<br \/>\nBeratungsleistungen im Bereich Finanzbuchhaltung<\/span><\/span><\/p>\n<h2 class=\"western\"><span style=\"font-family: Arial,sans-serif;\">Marktanalyse<\/span><\/h2>\n<p style=\"margin-top: 0.49cm; margin-bottom: 0.49cm;\"><span style=\"font-family: Arial,sans-serif;\"><span style=\"font-size: small;\">ausf\u00fchrliche Analysen wichtiger Zielm\u00e4rkte in unterschiedlichen Branchen<br \/>\nUntersuchung der Wettbewerber und des Wettbewerbsumfelds<br \/>\nAusarbeitung eines St\u00e4rken-\/Schw\u00e4chenprofils durch SWOT-Analysen zur Identifikation der unternehmerischen Kernkompetenzen<br \/>\nBetrachtung des politischen, wirtschaftlichen, soziologischen und technologischen Umfelds<br \/>\nAnalyse des Portfolios existierender und neuer Produkte sowie der Positionierung des Unternehmens<br \/>\nErmittlung von Marktanteilen sowie Analyse momentaner und potentieller Inlands- und Exportkunden<\/span><\/span><\/p>\n<p style=\"margin-top: 0.49cm; margin-bottom: 0.49cm;\"><span style=\"color: #fc6103;\"><span style=\"font-family: Arial,sans-serif;\"><span style=\"font-size: large;\">Kontakt<\/span><\/span><\/span><\/p>\n<p style=\"margin-bottom: 0cm;\"><span style=\"font-family: Arial,sans-serif;\"><span style=\"font-size: small;\">Fachhochschule Schmalkalden<br \/>\nc\/o stubs Studentische Unternehmensberatung Schmalkalden e.V.<br \/>\nHaus C<br \/>\n98574 Schmalkalden<\/span><\/span><\/p>\n<p style=\"margin-top: 0.49cm; margin-bottom: 0.49cm;\"><span style=\"font-family: Arial,sans-serif;\"><span style=\"font-size: small;\"><br \/>\nFon: 0 36 83\/68 81 888<br \/>\nFax: 0 36 83\/68 81 988<br \/>\nE-Mail: <\/span><\/span><span style=\"font-family: Arial,sans-serif;\"><span style=\"font-size: small;\"><strong>post@stubs.de<\/strong><\/span><\/span><\/p>\n<p style=\"margin-top: 0.49cm; margin-bottom: 0.49cm;\"><span style=\"font-family: Arial,sans-serif;\"><span style=\"font-size: small;\"><span><br \/>\n<\/span><\/span><\/span><span style=\"font-family: Arial,sans-serif;\"><span style=\"font-size: small;\"><strong>www.stubs.de<\/strong><\/span><\/span><span style=\"font-family: Arial,sans-serif;\"><span style=\"font-size: small;\"><span><br \/>\n<\/span><\/span><\/span><span style=\"color: #0000ff;\"><span style=\"text-decoration: underline;\"><span style=\"font-family: Arial,sans-serif;\"><span style=\"font-size: small;\"><strong><br \/>\n<\/strong><\/span><\/span><\/span><\/span><\/p>\n<p style=\"margin-top: 0.49cm; margin-bottom: 0.49cm;\">\n","protected":false},"excerpt":{"rendered":"<p>stubs ist eine Initiative des Fachbereichs Wirtschaft der Fachhochschule Schmalkalden. Schwerpunkt der T\u00e4tigkeit von stubs ist die Beratung von Unternehmen in allen betriebswirtschaftlichen Fragen unter Einbeziehung gesellschaftlicher und sozialer Aspekte. Dabei setzt stubs vollends auf Teamarbeit. In spezifisch zusammengestellten Berater-Teams, welche sich aus stubs-Mitgliedern sowie erfahrenen Praktikern und Wissenschaftlern zusammensetzen, erarbeitet stubs qualitativ hochwertige und [&hellip;]<\/p>\n","protected":false},"author":1,"featured_media":0,"parent":250,"menu_order":2,"comment_status":"open","ping_status":"open","template":"","meta":{"_monsterinsights_skip_tracking":false,"_monsterinsights_sitenote_active":false,"_monsterinsights_sitenote_note":"","_monsterinsights_sitenote_category":0,"footnotes":""},"class_list":["post-273","page","type-page","status-publish","hentry"],"aioseo_notices":[],"_links":{"self":[{"href":"https:\/\/www.e-business-unternehmensberatung.com\/blog\/wp-json\/wp\/v2\/pages\/273","targetHints":{"allow":["GET"]}}],"collection":[{"href":"https:\/\/www.e-business-unternehmensberatung.com\/blog\/wp-json\/wp\/v2\/pages"}],"about":[{"href":"https:\/\/www.e-business-unternehmensberatung.com\/blog\/wp-json\/wp\/v2\/types\/page"}],"author":[{"embeddable":true,"href":"https:\/\/www.e-business-unternehmensberatung.com\/blog\/wp-json\/wp\/v2\/users\/1"}],"replies":[{"embeddable":true,"href":"https:\/\/www.e-business-unternehmensberatung.com\/blog\/wp-json\/wp\/v2\/comments?post=273"}],"version-history":[{"count":0,"href":"https:\/\/www.e-business-unternehmensberatung.com\/blog\/wp-json\/wp\/v2\/pages\/273\/revisions"}],"up":[{"embeddable":true,"href":"https:\/\/www.e-business-unternehmensberatung.com\/blog\/wp-json\/wp\/v2\/pages\/250"}],"wp:attachment":[{"href":"https:\/\/www.e-business-unternehmensberatung.com\/blog\/wp-json\/wp\/v2\/media?parent=273"}],"curies":[{"name":"wp","href":"https:\/\/api.w.org\/{rel}","templated":true}]}}