{"id":310,"date":"2009-02-02T22:02:06","date_gmt":"2009-02-02T20:02:06","guid":{"rendered":"http:\/\/www.e-business-unternehmensberatung.com\/blog\/?page_id=310"},"modified":"2011-03-02T20:32:02","modified_gmt":"2011-03-02T18:32:02","slug":"unternehmensberatung-internet-marketing-beratung-webdesign-webseiten-optimierung-aachen","status":"publish","type":"page","link":"https:\/\/www.e-business-unternehmensberatung.com\/blog\/beratung-verzeichnis\/unternehmensberatungen\/unternehmensberatung-aachen\/unternehmensberatung-internet-marketing-beratung-webdesign-webseiten-optimierung-aachen\/","title":{"rendered":"Unternehmensberatung Internet-Marketing-Beratung Webdesign Webseiten-Optimierung Aachen"},"content":{"rendered":"<p><a href=\"https:\/\/www.e-business-unternehmensberatung.com\/blog\/wp-content\/uploads\/2009\/02\/header-a4.jpg\"><\/a><a href=\"https:\/\/www.e-business-unternehmensberatung.com\/blog\/wp-content\/uploads\/2009\/02\/header-a4.jpg\"><\/a><\/p>\n<p><a href=\"https:\/\/www.e-business-unternehmensberatung.com\/blog\/wp-content\/uploads\/2009\/02\/logo-e-business-190x120.jpg\"><br \/>\n<\/a><a href=\"https:\/\/www.e-business-unternehmensberatung.com\/blog\/wp-content\/uploads\/2009\/02\/Internetberatung-Webseitenoptimierung.jpg\"><img loading=\"lazy\" decoding=\"async\" class=\"aligncenter size-full wp-image-1649\" title=\"Internetberatung Webseitenoptimierung Aachen\" src=\"https:\/\/www.e-business-unternehmensberatung.com\/blog\/wp-content\/uploads\/2009\/02\/Internetberatung-Webseitenoptimierung.jpg\" alt=\"Internetberatung Webseitenoptimierung Aachen\" width=\"190\" height=\"120\" \/><\/a><\/p>\n<p><strong>Die e-Business Unternehmensberatung.<\/strong><\/p>\n<p>Wir f\u00fchren Sie zum Internet-Erfolg. Von der ganzheitlichen Internet-Strategieentwicklung bis zur fertigen Internetl\u00f6sung. Von der einfachen Webseite bis zur komplexen Kommunikationsplattform f\u00fcr ihr Marketing.<\/p>\n<p>Innovative Gesch\u00e4ftsmodelle f\u00fcr KMU kleine Unternehmen und Mittelstand, Menschen und Suchmaschinen.<\/p>\n<p><strong>Ein Ansprechpartner f\u00fcr alle Dienstleistungen. <\/strong><\/p>\n<p><strong>Sie sagen wohin Sie wollen: <\/strong><strong>Wir bringen Sie hin!<\/strong><\/p>\n<p>Und das von Flensburg bis nach Garmisch. Und wenn Sie m\u00f6chten auch weit dar\u00fcber hinaus. Das Internet macht`s m\u00f6glich!<\/p>\n<p>Profitieren Sie von\u00a0 bew\u00e4hrten und t\u00e4glich in der Praxis erprobten Strategien.\u00a0Durch unsere eigenen Investitionen in die porta HAUS GmbH Internethandelsl\u00f6sungen und Informationsseiten nutzen Sie das Know How der e-Business Unternehmensberatung ohne Umwege\u00a0von Unternehmer zu Unternehmer.<\/p>\n<p>Neue Perspektiven f\u00fcr Ihr e-Business&#8230;.<\/p>\n<p><strong>Unsere Beratungsleistungen im einzelnen:<\/strong><\/p>\n<p style=\"margin-bottom: 0cm;\"><strong>Strategie-Entwicklung \/ Projektplanung \/ Controlling<\/strong><\/p>\n<p style=\"margin-bottom: 0cm;\">\n<p style=\"margin-bottom: 0cm;\">Potentialanalyse ihrer Webseite \/ Wettbewerbsanalyse \/ Koordination von Dienstleistungen<\/p>\n<p style=\"margin-bottom: 0cm;\">\n<p style=\"margin-bottom: 0cm;\"><strong>Internet-Marketing <\/strong><\/p>\n<p style=\"margin-bottom: 0cm;\">\n<p style=\"margin-bottom: 0cm;\">Suchmaschinen-Marketing \/ Netzwerkaufbau im Internet \/ Werbung \/ Promotionen<\/p>\n<p style=\"margin-bottom: 0cm;\">\n<p style=\"margin-bottom: 0cm;\"><strong>Webseiten-Optimierung \/ Webdesign<\/strong><\/p>\n<p style=\"margin-bottom: 0cm;\">\n<p style=\"margin-bottom: 0cm;\">Suchmaschinen-Optimierung \/ Usability \/ Textinhalte \/ Design \/ Programmierung \/ laufende Betreuung und Pflege von Internetseiten \/ Webmaster Coaching<\/p>\n<p style=\"margin-bottom: 0cm;\">\n<p>Sprechen Sie uns einfach an:<\/p>\n<p>info(at)e-business-unternehmensberatung.com<\/p>\n","protected":false},"excerpt":{"rendered":"<p>Die e-Business Unternehmensberatung. Wir f\u00fchren Sie zum Internet-Erfolg. Von der ganzheitlichen Internet-Strategieentwicklung bis zur fertigen Internetl\u00f6sung. Von der einfachen Webseite bis zur komplexen Kommunikationsplattform f\u00fcr ihr Marketing. Innovative Gesch\u00e4ftsmodelle f\u00fcr KMU kleine Unternehmen und Mittelstand, Menschen und Suchmaschinen. Ein Ansprechpartner f\u00fcr alle Dienstleistungen. Sie sagen wohin Sie wollen: Wir bringen Sie hin! Und das von [&hellip;]<\/p>\n","protected":false},"author":1,"featured_media":0,"parent":24,"menu_order":0,"comment_status":"open","ping_status":"open","template":"","meta":{"_monsterinsights_skip_tracking":false,"_monsterinsights_sitenote_active":false,"_monsterinsights_sitenote_note":"","_monsterinsights_sitenote_category":0,"footnotes":""},"class_list":["post-310","page","type-page","status-publish","hentry"],"aioseo_notices":[],"_links":{"self":[{"href":"https:\/\/www.e-business-unternehmensberatung.com\/blog\/wp-json\/wp\/v2\/pages\/310","targetHints":{"allow":["GET"]}}],"collection":[{"href":"https:\/\/www.e-business-unternehmensberatung.com\/blog\/wp-json\/wp\/v2\/pages"}],"about":[{"href":"https:\/\/www.e-business-unternehmensberatung.com\/blog\/wp-json\/wp\/v2\/types\/page"}],"author":[{"embeddable":true,"href":"https:\/\/www.e-business-unternehmensberatung.com\/blog\/wp-json\/wp\/v2\/users\/1"}],"replies":[{"embeddable":true,"href":"https:\/\/www.e-business-unternehmensberatung.com\/blog\/wp-json\/wp\/v2\/comments?post=310"}],"version-history":[{"count":0,"href":"https:\/\/www.e-business-unternehmensberatung.com\/blog\/wp-json\/wp\/v2\/pages\/310\/revisions"}],"up":[{"embeddable":true,"href":"https:\/\/www.e-business-unternehmensberatung.com\/blog\/wp-json\/wp\/v2\/pages\/24"}],"wp:attachment":[{"href":"https:\/\/www.e-business-unternehmensberatung.com\/blog\/wp-json\/wp\/v2\/media?parent=310"}],"curies":[{"name":"wp","href":"https:\/\/api.w.org\/{rel}","templated":true}]}}