{"id":317,"date":"2009-02-03T16:33:22","date_gmt":"2009-02-03T14:33:22","guid":{"rendered":"http:\/\/www.e-business-unternehmensberatung.com\/blog\/?page_id=317"},"modified":"2011-03-02T20:38:55","modified_gmt":"2011-03-02T18:38:55","slug":"internet-marketing-beratung-bad-homburg","status":"publish","type":"page","link":"https:\/\/www.e-business-unternehmensberatung.com\/blog\/beratung-verzeichnis\/unternehmensberatungen\/unternehmensberatung-bad-homburg\/internet-marketing-beratung-bad-homburg\/","title":{"rendered":"Internet-Marketing-Beratung Bad Homburg"},"content":{"rendered":"<p><a href=\"https:\/\/www.e-business-unternehmensberatung.com\/blog\/wp-content\/uploads\/2009\/02\/Internetberatung-Webseitenoptimierung2.jpg\"><img loading=\"lazy\" decoding=\"async\" class=\"aligncenter size-full wp-image-1653\" title=\"Internetmarketing Beratung Bad Homburg\" src=\"https:\/\/www.e-business-unternehmensberatung.com\/blog\/wp-content\/uploads\/2009\/02\/Internetberatung-Webseitenoptimierung2.jpg\" alt=\"Internetmarketing Beratung Bad Homburg\" width=\"190\" height=\"120\" \/><\/a><\/p>\n<p><strong>Internet-Erfolg hat einen Namen<\/strong><\/p>\n<p><strong>e-Business Unternehmensberatung <\/strong><\/p>\n<p>Ein Ansprechpartner f\u00fcr alle Leistungen rund um das Thema Marketing und Internet.<\/p>\n<p>Grundlegendes Know How in klassischer Betriebswirtschaft kombiniert mit detaillierten Kenntnissen aus der Welt des Internet. Diese Grundlagen bilden ihren Erfolg. Von der Gestaltung einer einfachen Webseite \u00fcber die Entwicklung komplexer Kommunikationsgrundlagen f\u00fcr ihr Marketing bis hin zur Webseiten-Optimierung f\u00fcr Menschen und Suchmaschinen.<\/p>\n<p><a href=\"https:\/\/www.e-business-unternehmensberatung.com\/blog\/unsere-beratungsleistungen\/\">Hier sehen Sie unser gesamtes Leistungsprofil und nutzen bedarfsgerecht genau die M\u00f6glichkeiten, die Sie an das gew\u00fcnschte Ziel bringen werden.<\/a><\/p>\n<p style=\"margin-bottom: 0cm;\">Sprechen Sie uns einfach an:<\/p>\n<p>info(at)e-business-unternehmensberatung.com<\/p>\n","protected":false},"excerpt":{"rendered":"<p>Internet-Erfolg hat einen Namen e-Business Unternehmensberatung Ein Ansprechpartner f\u00fcr alle Leistungen rund um das Thema Marketing und Internet. Grundlegendes Know How in klassischer Betriebswirtschaft kombiniert mit detaillierten Kenntnissen aus der Welt des Internet. Diese Grundlagen bilden ihren Erfolg. Von der Gestaltung einer einfachen Webseite \u00fcber die Entwicklung komplexer Kommunikationsgrundlagen f\u00fcr ihr Marketing bis hin zur [&hellip;]<\/p>\n","protected":false},"author":8,"featured_media":0,"parent":26,"menu_order":0,"comment_status":"open","ping_status":"open","template":"","meta":{"_monsterinsights_skip_tracking":false,"_monsterinsights_sitenote_active":false,"_monsterinsights_sitenote_note":"","_monsterinsights_sitenote_category":0,"footnotes":""},"class_list":["post-317","page","type-page","status-publish","hentry"],"aioseo_notices":[],"_links":{"self":[{"href":"https:\/\/www.e-business-unternehmensberatung.com\/blog\/wp-json\/wp\/v2\/pages\/317","targetHints":{"allow":["GET"]}}],"collection":[{"href":"https:\/\/www.e-business-unternehmensberatung.com\/blog\/wp-json\/wp\/v2\/pages"}],"about":[{"href":"https:\/\/www.e-business-unternehmensberatung.com\/blog\/wp-json\/wp\/v2\/types\/page"}],"author":[{"embeddable":true,"href":"https:\/\/www.e-business-unternehmensberatung.com\/blog\/wp-json\/wp\/v2\/users\/8"}],"replies":[{"embeddable":true,"href":"https:\/\/www.e-business-unternehmensberatung.com\/blog\/wp-json\/wp\/v2\/comments?post=317"}],"version-history":[{"count":0,"href":"https:\/\/www.e-business-unternehmensberatung.com\/blog\/wp-json\/wp\/v2\/pages\/317\/revisions"}],"up":[{"embeddable":true,"href":"https:\/\/www.e-business-unternehmensberatung.com\/blog\/wp-json\/wp\/v2\/pages\/26"}],"wp:attachment":[{"href":"https:\/\/www.e-business-unternehmensberatung.com\/blog\/wp-json\/wp\/v2\/media?parent=317"}],"curies":[{"name":"wp","href":"https:\/\/api.w.org\/{rel}","templated":true}]}}