{"id":319,"date":"2009-02-04T20:42:34","date_gmt":"2009-02-04T18:42:34","guid":{"rendered":"http:\/\/www.e-business-unternehmensberatung.com\/blog\/?page_id=319"},"modified":"2011-03-02T20:39:31","modified_gmt":"2011-03-02T18:39:31","slug":"unternehmensberatung-suchmaschinen-optimierung-internet-marketing-beratung-berlin","status":"publish","type":"page","link":"https:\/\/www.e-business-unternehmensberatung.com\/blog\/beratung-verzeichnis\/unternehmensberatungen\/unternehmensberatung-berlin\/unternehmensberatung-suchmaschinen-optimierung-internet-marketing-beratung-berlin\/","title":{"rendered":"Unternehmensberatung Suchmaschinen-Optimierung Internet-Marketing-Beratung Berlin"},"content":{"rendered":"<p><a href=\"https:\/\/www.e-business-unternehmensberatung.com\/blog\/wp-content\/uploads\/2009\/02\/Internetberatung-Webseitenoptimierung3.jpg\"><img loading=\"lazy\" decoding=\"async\" class=\"aligncenter size-full wp-image-1656\" title=\"Internetberatung Suchmaschinenoptimierung Berlin\" src=\"https:\/\/www.e-business-unternehmensberatung.com\/blog\/wp-content\/uploads\/2009\/02\/Internetberatung-Webseitenoptimierung3.jpg\" alt=\"Suchmaschinenoptimierung Berlin\" width=\"190\" height=\"120\" \/><\/a><\/p>\n<p>Die e-Business Unternehmensberatung.<\/p>\n<p>Ihr Partner f\u00fcr alle Fragen des strategischen Internet-Marketing und der Suchmaschinen-Optimierung.<\/p>\n<p>Die Kombination klassischer Marketingans\u00e4tze mit den enormen M\u00f6glichkeiten des Internet-Marketings ist unsere St\u00e4rke. Die ganzheitliche Entwicklung und Betreuung von Webseiten vom Webdesign bis hin zu komplexen Kommunikationsplattformen und Nutzung von Internet-Netzwerken f\u00fchrt Sie zum Erfolg.<\/p>\n<p><a href=\"https:\/\/www.e-business-unternehmensberatung.com\/blog\/unsere-beratungsleistungen\/\">Sehen Sie hier unser vollst\u00e4ndiges Leistungsprofil.<\/a><\/p>\n<p>Sprechen Sie uns einfach an:<\/p>\n<p>info(at)e-business-unternehmensberatung.com<\/p>\n","protected":false},"excerpt":{"rendered":"<p>Die e-Business Unternehmensberatung. Ihr Partner f\u00fcr alle Fragen des strategischen Internet-Marketing und der Suchmaschinen-Optimierung. Die Kombination klassischer Marketingans\u00e4tze mit den enormen M\u00f6glichkeiten des Internet-Marketings ist unsere St\u00e4rke. Die ganzheitliche Entwicklung und Betreuung von Webseiten vom Webdesign bis hin zu komplexen Kommunikationsplattformen und Nutzung von Internet-Netzwerken f\u00fchrt Sie zum Erfolg. Sehen Sie hier unser vollst\u00e4ndiges Leistungsprofil. [&hellip;]<\/p>\n","protected":false},"author":8,"featured_media":0,"parent":30,"menu_order":0,"comment_status":"open","ping_status":"open","template":"","meta":{"_monsterinsights_skip_tracking":false,"_monsterinsights_sitenote_active":false,"_monsterinsights_sitenote_note":"","_monsterinsights_sitenote_category":0,"footnotes":""},"class_list":["post-319","page","type-page","status-publish","hentry"],"aioseo_notices":[],"_links":{"self":[{"href":"https:\/\/www.e-business-unternehmensberatung.com\/blog\/wp-json\/wp\/v2\/pages\/319","targetHints":{"allow":["GET"]}}],"collection":[{"href":"https:\/\/www.e-business-unternehmensberatung.com\/blog\/wp-json\/wp\/v2\/pages"}],"about":[{"href":"https:\/\/www.e-business-unternehmensberatung.com\/blog\/wp-json\/wp\/v2\/types\/page"}],"author":[{"embeddable":true,"href":"https:\/\/www.e-business-unternehmensberatung.com\/blog\/wp-json\/wp\/v2\/users\/8"}],"replies":[{"embeddable":true,"href":"https:\/\/www.e-business-unternehmensberatung.com\/blog\/wp-json\/wp\/v2\/comments?post=319"}],"version-history":[{"count":0,"href":"https:\/\/www.e-business-unternehmensberatung.com\/blog\/wp-json\/wp\/v2\/pages\/319\/revisions"}],"up":[{"embeddable":true,"href":"https:\/\/www.e-business-unternehmensberatung.com\/blog\/wp-json\/wp\/v2\/pages\/30"}],"wp:attachment":[{"href":"https:\/\/www.e-business-unternehmensberatung.com\/blog\/wp-json\/wp\/v2\/media?parent=319"}],"curies":[{"name":"wp","href":"https:\/\/api.w.org\/{rel}","templated":true}]}}