{"id":320,"date":"2009-02-06T07:13:57","date_gmt":"2009-02-06T05:13:57","guid":{"rendered":"http:\/\/www.e-business-unternehmensberatung.com\/blog\/?page_id=320"},"modified":"2011-03-02T20:40:10","modified_gmt":"2011-03-02T18:40:10","slug":"website-optimierung-marketing-beratung-bamberg","status":"publish","type":"page","link":"https:\/\/www.e-business-unternehmensberatung.com\/blog\/beratung-verzeichnis\/unternehmensberatungen\/unternehmensberatung-bamberg\/website-optimierung-marketing-beratung-bamberg\/","title":{"rendered":"Website-Optimierung &#8211; Marketing-Beratung Bamberg"},"content":{"rendered":"<p><a href=\"https:\/\/www.e-business-unternehmensberatung.com\/blog\/wp-content\/uploads\/2009\/02\/Internetberatung-Webseitenoptimierung4.jpg\"><img loading=\"lazy\" decoding=\"async\" class=\"aligncenter size-full wp-image-1658\" title=\"Websiteoptimierung Bamberg\" src=\"https:\/\/www.e-business-unternehmensberatung.com\/blog\/wp-content\/uploads\/2009\/02\/Internetberatung-Webseitenoptimierung4.jpg\" alt=\"Websiteoptimierung Bamberg\" width=\"190\" height=\"120\" \/><\/a><\/p>\n<p>Die e-Business Unternehmensberatung.<\/p>\n<p>Die Verbindung klassischer Marketingans\u00e4tze mit den M\u00f6glichkeiten des WEB 2.0 Das ist das Know How der e- Business Unternehmensberatung. Kleine und mittest\u00e4ndische Unternehmen KMU realisieren mit uns L\u00f6sungen von der &#8222;kleinen&#8220; Webseite bis hin zu komplexen Kommunikationsplattformen f\u00fcr ihr Unternehmen.<\/p>\n<p>Unsere ganzheitliche Internet-Beratung in Verbindung mit der Pr\u00fcfung und Optimierung vorhandener Ressourcen in ihrem Unternehmen f\u00fchren Sie zum Erfolg.<\/p>\n<p><a href=\"https:\/\/www.e-business-unternehmensberatung.com\/blog\/unsere-beratungsleistungen\/\">Hier sehen Sie unsere gesamten Beratungsleistungen.<\/a><\/p>\n<p>Sprechen Sie uns einfach an:<\/p>\n<p>info(at)e-business-unternehmensberatung.com<\/p>\n","protected":false},"excerpt":{"rendered":"<p>Die e-Business Unternehmensberatung. Die Verbindung klassischer Marketingans\u00e4tze mit den M\u00f6glichkeiten des WEB 2.0 Das ist das Know How der e- Business Unternehmensberatung. Kleine und mittest\u00e4ndische Unternehmen KMU realisieren mit uns L\u00f6sungen von der &#8222;kleinen&#8220; Webseite bis hin zu komplexen Kommunikationsplattformen f\u00fcr ihr Unternehmen. Unsere ganzheitliche Internet-Beratung in Verbindung mit der Pr\u00fcfung und Optimierung vorhandener Ressourcen [&hellip;]<\/p>\n","protected":false},"author":8,"featured_media":0,"parent":259,"menu_order":0,"comment_status":"open","ping_status":"open","template":"","meta":{"_monsterinsights_skip_tracking":false,"_monsterinsights_sitenote_active":false,"_monsterinsights_sitenote_note":"","_monsterinsights_sitenote_category":0,"footnotes":""},"class_list":["post-320","page","type-page","status-publish","hentry"],"aioseo_notices":[],"_links":{"self":[{"href":"https:\/\/www.e-business-unternehmensberatung.com\/blog\/wp-json\/wp\/v2\/pages\/320","targetHints":{"allow":["GET"]}}],"collection":[{"href":"https:\/\/www.e-business-unternehmensberatung.com\/blog\/wp-json\/wp\/v2\/pages"}],"about":[{"href":"https:\/\/www.e-business-unternehmensberatung.com\/blog\/wp-json\/wp\/v2\/types\/page"}],"author":[{"embeddable":true,"href":"https:\/\/www.e-business-unternehmensberatung.com\/blog\/wp-json\/wp\/v2\/users\/8"}],"replies":[{"embeddable":true,"href":"https:\/\/www.e-business-unternehmensberatung.com\/blog\/wp-json\/wp\/v2\/comments?post=320"}],"version-history":[{"count":0,"href":"https:\/\/www.e-business-unternehmensberatung.com\/blog\/wp-json\/wp\/v2\/pages\/320\/revisions"}],"up":[{"embeddable":true,"href":"https:\/\/www.e-business-unternehmensberatung.com\/blog\/wp-json\/wp\/v2\/pages\/259"}],"wp:attachment":[{"href":"https:\/\/www.e-business-unternehmensberatung.com\/blog\/wp-json\/wp\/v2\/media?parent=320"}],"curies":[{"name":"wp","href":"https:\/\/api.w.org\/{rel}","templated":true}]}}