{"id":327,"date":"2009-02-09T07:49:34","date_gmt":"2009-02-09T05:49:34","guid":{"rendered":"http:\/\/www.e-business-unternehmensberatung.com\/blog\/?page_id=327"},"modified":"2011-03-02T20:44:08","modified_gmt":"2011-03-02T18:44:08","slug":"website-optimierung-e-commerce-beratung-chemnitz","status":"publish","type":"page","link":"https:\/\/www.e-business-unternehmensberatung.com\/blog\/beratung-verzeichnis\/unternehmensberatungen\/unternehmensberatung-chemnitz\/website-optimierung-e-commerce-beratung-chemnitz\/","title":{"rendered":"Website-Optimierung e-Commerce-Beratung Chemnitz"},"content":{"rendered":"<p><a href=\"https:\/\/www.e-business-unternehmensberatung.com\/blog\/wp-content\/uploads\/2009\/02\/Internetberatung-Webseitenoptimierung10.jpg\"><img loading=\"lazy\" decoding=\"async\" class=\"aligncenter size-full wp-image-1674\" title=\"Websiteoptimierung Chemnitz\" src=\"https:\/\/www.e-business-unternehmensberatung.com\/blog\/wp-content\/uploads\/2009\/02\/Internetberatung-Webseitenoptimierung10.jpg\" alt=\"Websiteoptimierung Chemnitz\" width=\"190\" height=\"120\" \/><\/a><\/p>\n<p>Die e-Business Unternehmensberatung.<\/p>\n<p>Geben Sie ihrem Internet-Marketing einen neuen Schub. Die e-Business Unternehmensberatung legt mit Ihnen den Grundstein f\u00fcr au\u00dfergew\u00f6hnlichen Internet-Erfolg. Von der Webseiten-Optimierung bis hin zur Planung, Entwicklung und Umsetzung ganzer Kommunikations- und Verkaufsstrategien f\u00fcr ihr Unternehmen. Mit unseren Beratungsleistungen haben Sie einen Ansprechpartner, der sich um alle Aufgaben rund um ihr e-Business k\u00fcmmert.<\/p>\n<p><a href=\"https:\/\/www.e-business-unternehmensberatung.com\/blog\/unsere-beratungsleistungen\/\">Unsere gesamten Beratungsleistungen sehen Sie hier.<\/a><\/p>\n<p>Sprechen Sie uns einfach an:<\/p>\n<p>info(at)e-business-unternehmensberatung.com<\/p>\n","protected":false},"excerpt":{"rendered":"<p>Die e-Business Unternehmensberatung. Geben Sie ihrem Internet-Marketing einen neuen Schub. Die e-Business Unternehmensberatung legt mit Ihnen den Grundstein f\u00fcr au\u00dfergew\u00f6hnlichen Internet-Erfolg. Von der Webseiten-Optimierung bis hin zur Planung, Entwicklung und Umsetzung ganzer Kommunikations- und Verkaufsstrategien f\u00fcr ihr Unternehmen. Mit unseren Beratungsleistungen haben Sie einen Ansprechpartner, der sich um alle Aufgaben rund um ihr e-Business k\u00fcmmert. [&hellip;]<\/p>\n","protected":false},"author":8,"featured_media":0,"parent":36,"menu_order":0,"comment_status":"open","ping_status":"open","template":"","meta":{"_monsterinsights_skip_tracking":false,"_monsterinsights_sitenote_active":false,"_monsterinsights_sitenote_note":"","_monsterinsights_sitenote_category":0,"footnotes":""},"class_list":["post-327","page","type-page","status-publish","hentry"],"aioseo_notices":[],"_links":{"self":[{"href":"https:\/\/www.e-business-unternehmensberatung.com\/blog\/wp-json\/wp\/v2\/pages\/327","targetHints":{"allow":["GET"]}}],"collection":[{"href":"https:\/\/www.e-business-unternehmensberatung.com\/blog\/wp-json\/wp\/v2\/pages"}],"about":[{"href":"https:\/\/www.e-business-unternehmensberatung.com\/blog\/wp-json\/wp\/v2\/types\/page"}],"author":[{"embeddable":true,"href":"https:\/\/www.e-business-unternehmensberatung.com\/blog\/wp-json\/wp\/v2\/users\/8"}],"replies":[{"embeddable":true,"href":"https:\/\/www.e-business-unternehmensberatung.com\/blog\/wp-json\/wp\/v2\/comments?post=327"}],"version-history":[{"count":0,"href":"https:\/\/www.e-business-unternehmensberatung.com\/blog\/wp-json\/wp\/v2\/pages\/327\/revisions"}],"up":[{"embeddable":true,"href":"https:\/\/www.e-business-unternehmensberatung.com\/blog\/wp-json\/wp\/v2\/pages\/36"}],"wp:attachment":[{"href":"https:\/\/www.e-business-unternehmensberatung.com\/blog\/wp-json\/wp\/v2\/media?parent=327"}],"curies":[{"name":"wp","href":"https:\/\/api.w.org\/{rel}","templated":true}]}}