{"id":335,"date":"2009-02-15T19:23:41","date_gmt":"2009-02-15T17:23:41","guid":{"rendered":"http:\/\/www.e-business-unternehmensberatung.com\/blog\/?page_id=335"},"modified":"2011-03-02T20:49:32","modified_gmt":"2011-03-02T18:49:32","slug":"e-commerce-internet-beratung-duisburg","status":"publish","type":"page","link":"https:\/\/www.e-business-unternehmensberatung.com\/blog\/beratung-verzeichnis\/unternehmensberatungen\/unternehmensberatung-duisburg\/e-commerce-internet-beratung-duisburg\/","title":{"rendered":"e-Commerce Internet-Beratung Duisburg"},"content":{"rendered":"<p><a href=\"https:\/\/www.e-business-unternehmensberatung.com\/blog\/wp-content\/uploads\/2009\/02\/Internetberatung-Webseitenoptimierung17.jpg\"><img loading=\"lazy\" decoding=\"async\" class=\"aligncenter size-full wp-image-1690\" title=\"e Commerce Beratung Duisburg\" src=\"https:\/\/www.e-business-unternehmensberatung.com\/blog\/wp-content\/uploads\/2009\/02\/Internetberatung-Webseitenoptimierung17.jpg\" alt=\"e Commerce Beratung Duisburg\" width=\"190\" height=\"120\" \/><\/a><\/p>\n<p>Die e-Business Unternehmensberatung.<\/p>\n<p>Innovative e-Commerce und Internetl\u00f6sungen. Das ist das Know How der e-Business Unternehmensberatung. Die Website-Optimierung f\u00fcr Menschen und Suchmaschinen und die Koordination und Entwicklung moderner Online-Kommunikationsplattformen f\u00fcr die Pr\u00e4sentation ihres Unternehmens und ihrer Angebote im Web 2.0 Ein Ansprechpartner f\u00fcr ihren Internet-Erfolg.<\/p>\n<p><a href=\"https:\/\/www.e-business-unternehmensberatung.com\/blog\/unsere-beratungsleistungen\/\">Hier sehen Sie unsere gesamten Beratungsleistungen.<\/a><\/p>\n<p>Sprechen Sie uns einfach an:<\/p>\n<p>info(at)e-business-unternehmensberatung.com<\/p>\n","protected":false},"excerpt":{"rendered":"<p>Die e-Business Unternehmensberatung. Innovative e-Commerce und Internetl\u00f6sungen. Das ist das Know How der e-Business Unternehmensberatung. Die Website-Optimierung f\u00fcr Menschen und Suchmaschinen und die Koordination und Entwicklung moderner Online-Kommunikationsplattformen f\u00fcr die Pr\u00e4sentation ihres Unternehmens und ihrer Angebote im Web 2.0 Ein Ansprechpartner f\u00fcr ihren Internet-Erfolg. Hier sehen Sie unsere gesamten Beratungsleistungen. Sprechen Sie uns einfach an: [&hellip;]<\/p>\n","protected":false},"author":8,"featured_media":0,"parent":242,"menu_order":0,"comment_status":"open","ping_status":"open","template":"","meta":{"_monsterinsights_skip_tracking":false,"_monsterinsights_sitenote_active":false,"_monsterinsights_sitenote_note":"","_monsterinsights_sitenote_category":0,"footnotes":""},"class_list":["post-335","page","type-page","status-publish","hentry"],"aioseo_notices":[],"_links":{"self":[{"href":"https:\/\/www.e-business-unternehmensberatung.com\/blog\/wp-json\/wp\/v2\/pages\/335","targetHints":{"allow":["GET"]}}],"collection":[{"href":"https:\/\/www.e-business-unternehmensberatung.com\/blog\/wp-json\/wp\/v2\/pages"}],"about":[{"href":"https:\/\/www.e-business-unternehmensberatung.com\/blog\/wp-json\/wp\/v2\/types\/page"}],"author":[{"embeddable":true,"href":"https:\/\/www.e-business-unternehmensberatung.com\/blog\/wp-json\/wp\/v2\/users\/8"}],"replies":[{"embeddable":true,"href":"https:\/\/www.e-business-unternehmensberatung.com\/blog\/wp-json\/wp\/v2\/comments?post=335"}],"version-history":[{"count":0,"href":"https:\/\/www.e-business-unternehmensberatung.com\/blog\/wp-json\/wp\/v2\/pages\/335\/revisions"}],"up":[{"embeddable":true,"href":"https:\/\/www.e-business-unternehmensberatung.com\/blog\/wp-json\/wp\/v2\/pages\/242"}],"wp:attachment":[{"href":"https:\/\/www.e-business-unternehmensberatung.com\/blog\/wp-json\/wp\/v2\/media?parent=335"}],"curies":[{"name":"wp","href":"https:\/\/api.w.org\/{rel}","templated":true}]}}