{"id":341,"date":"2010-07-09T06:30:16","date_gmt":"2010-07-09T04:30:16","guid":{"rendered":"http:\/\/www.e-business-unternehmensberatung.com\/blog\/?page_id=341"},"modified":"2024-10-15T07:53:28","modified_gmt":"2024-10-15T05:53:28","slug":"unsere-beratungsleistungen","status":"publish","type":"page","link":"https:\/\/www.e-business-unternehmensberatung.com\/blog\/unsere-beratungsleistungen\/","title":{"rendered":"Meine Beratungsleistungen"},"content":{"rendered":"<p>Im Rahmen von <strong><span style=\"font-size: medium;\">Tagesworkshops<\/span><\/strong>, <strong><span style=\"font-size: medium;\">Seminaren<\/span><\/strong> oder einer individuellen <strong><span style=\"font-size: medium;\">Intensivberatung<\/span><\/strong> sowie des laufenden <strong><span style=\"font-size: medium;\">Coaching<\/span><\/strong>\u00a0zeige ich Ihnen auf leicht verst\u00e4ndliche Art die wichtigsten Grundlagen und Strategien f\u00fcr au\u00dfergew\u00f6hnlichen Unternehmenserfolg im Internet. Sie arbeiten <strong><span style=\"font-size: medium;\">mit einem Spezialisten<\/span><\/strong>\u00a0zusammen, der ihre Projekte von der Planung \u00fcber das Controlling bis zur Realisierung des Projektes zum Erfolg f\u00fchrt.<\/p>\n<h4 style=\"text-align: center;\"><strong>&#8211; Sie werden mit genau der Zielgruppe arbeiten, die ihre Angebote wirklich will und bereit ist gut daf\u00fcr zu bezahlen<\/strong><\/h4>\n<h4 style=\"text-align: center;\"><strong>&#8211; Sie werden ihren Gewinn enorm steigern<\/strong><\/h4>\n<h4 style=\"text-align: center;\"><strong>&#8211; Sie werden auf alle \u00fcberfl\u00fcssigen und oft teuren Marketingangebote verzichten<\/strong><\/h4>\n<h4 style=\"text-align: center;\"><\/h4>\n<p style=\"text-align: center;\"><span style=\"color: #800000;\"><span style=\"font-family: Arial,sans-serif;\"><span style=\"font-size: medium;\"><strong>Meine Beratungsleistungen im einzelnen<\/strong><\/span><\/span><\/span><\/p>\n<p style=\"text-align: center;\"><span style=\"color: #800000;\"><span style=\"font-family: Arial,sans-serif;\"><span style=\"font-size: medium;\"><strong>\u00a0<\/strong><\/span><\/span><\/span><\/p>\n<p><strong>Strategieberatung \/ Marketingberatung\u00a0<\/strong><\/p>\n<p>Grundlagen \/ Methoden \/ Strategien \/ Verkaufstraining \/ Optimierung Arbeitsabl\u00e4ufe<\/p>\n<p style=\"margin-bottom: 0cm;\"><strong>Strategie-Entwicklung \/ Projektplanung u. Controlling f\u00fcr das World Wide Web<br \/>\n<\/strong><\/p>\n<p style=\"margin-bottom: 0cm;\">Kreative Konzepte f\u00fcr das Internet \/ Potentialanalyse Ihrer Webseite \/ Wettbewerbsanalyse \/ Koordination von Dienstleistungen<\/p>\n<p style=\"margin-bottom: 0cm;\"><strong>Internet-Marketing <\/strong><\/p>\n<p style=\"margin-bottom: 0cm;\">Suchmaschinen-Marketing \/ Netzwerkaufbau im Internet \/ Werbung \/ Promotionen \/ virales Marketing<\/p>\n<p style=\"margin-bottom: 0cm;\"><strong>Webseiten-Optimierung \/ Webdesign<\/strong><\/p>\n<p style=\"margin-bottom: 0cm;\">Suchmaschinen-Optimierung \/ Usability \/ Textinhalte \/ Design \/ Programmierung \/ laufende Betreuung und Pflege von Internetseiten \/ Webmaster Coaching<\/p>\n<p style=\"margin-bottom: 0cm;\"><strong>CMS Content Management System<\/strong><\/p>\n<p style=\"margin-bottom: 0cm;\">Mit einem sehr leistungsf\u00e4higen Content Management System auch auf Open Source Basis k\u00f6nnen Sie\u00a0<strong>die volle Leistungsf\u00e4higkeit\u00a0<\/strong>gro\u00dfer und aufwendiger CMS Systeme <strong>zum deutlich g\u00fcnstigeren Preis<\/strong> f\u00fcr Ihre Webseiten nutzen. Flexibilit\u00e4t bei der Gestaltung Ihrer Internetseiten mit der Sicherheit optimaler Effizienz bei Suchmaschinen. Lassen Sie sich hierzu von mir beraten, da auch hier erhebliche Unterschiede in der Bedienbarkeit und Suchmaschinenfreundlichkeit bestehen.<\/p>\n<p style=\"text-align: center;\"><span style=\"color: #800000;\"><span style=\"font-family: Arial,sans-serif;\"><span style=\"font-size: medium;\">\u00a0<\/span><\/span><\/span><\/p>\n<p style=\"text-align: center;\"><span style=\"color: #800000;\"><span style=\"font-family: Arial,sans-serif;\"><span style=\"font-size: medium;\">info(at)e-business-unternehmensberatung.com<\/span><\/span><\/span><\/p>\n<p style=\"text-align: center;\"><span style=\"color: #800000;\"><span style=\"font-family: Arial,sans-serif;\"><span style=\"font-size: medium;\"><a href=\"https:\/\/www.e-business-unternehmensberatung.com\/blog\/wp-content\/uploads\/2010\/07\/Internetmarketing-Entrepreneurship.jpg\"><img loading=\"lazy\" decoding=\"async\" class=\"size-full wp-image-1811\" title=\"Internetmarketing Entrepreneurship\" src=\"https:\/\/www.e-business-unternehmensberatung.com\/blog\/wp-content\/uploads\/2010\/07\/Internetmarketing-Entrepreneurship.jpg\" alt=\"Internetmarketing Entrepreneurship\" width=\"170\" height=\"40\" \/><\/a><\/span><\/span><\/span><\/p>\n<p style=\"text-align: center;\"><span style=\"color: #800000;\"><span style=\"font-family: Arial,sans-serif;\"><span style=\"font-size: medium;\">\u00a0<\/span><\/span><\/span><\/p>\n<p style=\"margin-bottom: 0cm;\">Mehr zum Hintergrund der e-Business Unternehmensberatung erfahren Sie auf der Seite <a href=\"https:\/\/www.e-business-unternehmensberatung.com\/blog\/ueber-uns\/\">\u00dcber uns<\/a>.<\/p>\n","protected":false},"excerpt":{"rendered":"<p>Im Rahmen von Tagesworkshops, Seminaren oder einer individuellen Intensivberatung sowie des laufenden Coaching\u00a0zeige ich Ihnen auf leicht verst\u00e4ndliche Art die wichtigsten Grundlagen und Strategien f\u00fcr au\u00dfergew\u00f6hnlichen Unternehmenserfolg im Internet. Sie arbeiten mit einem Spezialisten\u00a0zusammen, der ihre Projekte von der Planung \u00fcber das Controlling bis zur Realisierung des Projektes zum Erfolg f\u00fchrt. &#8211; Sie werden mit [&hellip;]<\/p>\n","protected":false},"author":1,"featured_media":0,"parent":0,"menu_order":0,"comment_status":"closed","ping_status":"open","template":"","meta":{"_monsterinsights_skip_tracking":false,"_monsterinsights_sitenote_active":false,"_monsterinsights_sitenote_note":"","_monsterinsights_sitenote_category":0,"footnotes":""},"class_list":["post-341","page","type-page","status-publish","hentry"],"aioseo_notices":[],"_links":{"self":[{"href":"https:\/\/www.e-business-unternehmensberatung.com\/blog\/wp-json\/wp\/v2\/pages\/341","targetHints":{"allow":["GET"]}}],"collection":[{"href":"https:\/\/www.e-business-unternehmensberatung.com\/blog\/wp-json\/wp\/v2\/pages"}],"about":[{"href":"https:\/\/www.e-business-unternehmensberatung.com\/blog\/wp-json\/wp\/v2\/types\/page"}],"author":[{"embeddable":true,"href":"https:\/\/www.e-business-unternehmensberatung.com\/blog\/wp-json\/wp\/v2\/users\/1"}],"replies":[{"embeddable":true,"href":"https:\/\/www.e-business-unternehmensberatung.com\/blog\/wp-json\/wp\/v2\/comments?post=341"}],"version-history":[{"count":3,"href":"https:\/\/www.e-business-unternehmensberatung.com\/blog\/wp-json\/wp\/v2\/pages\/341\/revisions"}],"predecessor-version":[{"id":4512,"href":"https:\/\/www.e-business-unternehmensberatung.com\/blog\/wp-json\/wp\/v2\/pages\/341\/revisions\/4512"}],"wp:attachment":[{"href":"https:\/\/www.e-business-unternehmensberatung.com\/blog\/wp-json\/wp\/v2\/media?parent=341"}],"curies":[{"name":"wp","href":"https:\/\/api.w.org\/{rel}","templated":true}]}}