{"id":344,"date":"2009-02-21T13:01:02","date_gmt":"2009-02-21T11:01:02","guid":{"rendered":"http:\/\/www.e-business-unternehmensberatung.com\/blog\/?page_id=344"},"modified":"2011-03-02T20:50:11","modified_gmt":"2011-03-02T18:50:11","slug":"internet-e-commerce-beratung-erfurt","status":"publish","type":"page","link":"https:\/\/www.e-business-unternehmensberatung.com\/blog\/beratung-verzeichnis\/unternehmensberatungen\/unternehmensberatung-erfurt\/internet-e-commerce-beratung-erfurt\/","title":{"rendered":"Internet-e-Commerce-Beratung Erfurt"},"content":{"rendered":"<p><a href=\"https:\/\/www.e-business-unternehmensberatung.com\/blog\/wp-content\/uploads\/2009\/02\/Internetberatung-Webseitenoptimierung18.jpg\"><img loading=\"lazy\" decoding=\"async\" class=\"aligncenter size-full wp-image-1692\" title=\"Internetberatung Erfurt\" src=\"https:\/\/www.e-business-unternehmensberatung.com\/blog\/wp-content\/uploads\/2009\/02\/Internetberatung-Webseitenoptimierung18.jpg\" alt=\"Internetberatung Erfurt\" width=\"190\" height=\"120\" \/><\/a><\/p>\n<p>Die e-Business Unternehmensberatung.<\/p>\n<p>Ein Ansprechpartner f\u00fcr ihr gesamtes Internet-Marketing. Der e-Commerce und die Internet-Nutzung wachsen stetig und \u00fcberdurchschnittlich. Die optimale Pr\u00e4sentation ihres Unternehmens und ihrer Produkte im Internet ist deshalb eine wesentliche Grundlage f\u00fcr ihren Unternehmenserfolg. Dies ist das Know How der e-Business Unternehmensberatung. Von der Weseiten-Optimierung f\u00fcr Menschen und Suchmaschinen \u00fcber die Entwicklung und Umsetzung von ganzheitlichen Internet-Marketing-Strategien sind wir Ihr Partner.<\/p>\n<p><a href=\"https:\/\/www.e-business-unternehmensberatung.com\/blog\/unsere-beratungsleistungen\/\">Hier sehen Sie unsere gesamten Beratungsleistungen.<\/a><\/p>\n<p>Sprechen Sie uns einfach an:<\/p>\n<p>info(at)e-business-unternehmensberatung.com<\/p>\n","protected":false},"excerpt":{"rendered":"<p>Die e-Business Unternehmensberatung. Ein Ansprechpartner f\u00fcr ihr gesamtes Internet-Marketing. Der e-Commerce und die Internet-Nutzung wachsen stetig und \u00fcberdurchschnittlich. Die optimale Pr\u00e4sentation ihres Unternehmens und ihrer Produkte im Internet ist deshalb eine wesentliche Grundlage f\u00fcr ihren Unternehmenserfolg. Dies ist das Know How der e-Business Unternehmensberatung. Von der Weseiten-Optimierung f\u00fcr Menschen und Suchmaschinen \u00fcber die Entwicklung und [&hellip;]<\/p>\n","protected":false},"author":8,"featured_media":0,"parent":250,"menu_order":0,"comment_status":"closed","ping_status":"open","template":"","meta":{"_monsterinsights_skip_tracking":false,"_monsterinsights_sitenote_active":false,"_monsterinsights_sitenote_note":"","_monsterinsights_sitenote_category":0,"footnotes":""},"class_list":["post-344","page","type-page","status-publish","hentry"],"aioseo_notices":[],"_links":{"self":[{"href":"https:\/\/www.e-business-unternehmensberatung.com\/blog\/wp-json\/wp\/v2\/pages\/344","targetHints":{"allow":["GET"]}}],"collection":[{"href":"https:\/\/www.e-business-unternehmensberatung.com\/blog\/wp-json\/wp\/v2\/pages"}],"about":[{"href":"https:\/\/www.e-business-unternehmensberatung.com\/blog\/wp-json\/wp\/v2\/types\/page"}],"author":[{"embeddable":true,"href":"https:\/\/www.e-business-unternehmensberatung.com\/blog\/wp-json\/wp\/v2\/users\/8"}],"replies":[{"embeddable":true,"href":"https:\/\/www.e-business-unternehmensberatung.com\/blog\/wp-json\/wp\/v2\/comments?post=344"}],"version-history":[{"count":0,"href":"https:\/\/www.e-business-unternehmensberatung.com\/blog\/wp-json\/wp\/v2\/pages\/344\/revisions"}],"up":[{"embeddable":true,"href":"https:\/\/www.e-business-unternehmensberatung.com\/blog\/wp-json\/wp\/v2\/pages\/250"}],"wp:attachment":[{"href":"https:\/\/www.e-business-unternehmensberatung.com\/blog\/wp-json\/wp\/v2\/media?parent=344"}],"curies":[{"name":"wp","href":"https:\/\/api.w.org\/{rel}","templated":true}]}}