{"id":347,"date":"2009-02-22T11:43:30","date_gmt":"2009-02-22T09:43:30","guid":{"rendered":"http:\/\/www.e-business-unternehmensberatung.com\/blog\/?page_id=347"},"modified":"2011-03-02T20:52:00","modified_gmt":"2011-03-02T18:52:00","slug":"marketing-unternehmensberatung-goettingen","status":"publish","type":"page","link":"https:\/\/www.e-business-unternehmensberatung.com\/blog\/beratung-verzeichnis\/unternehmensberatungen\/unternehmensberatung-goettingen\/marketing-unternehmensberatung-goettingen\/","title":{"rendered":"Marketing-Unternehmensberatung G\u00f6ttingen"},"content":{"rendered":"<p><a href=\"https:\/\/www.e-business-unternehmensberatung.com\/blog\/wp-content\/uploads\/2009\/02\/Internetberatung-Webseitenoptimierung21.jpg\"><img loading=\"lazy\" decoding=\"async\" class=\"aligncenter size-full wp-image-1698\" title=\"Marketing Unternehmensberatung G\u00f6ttingen\" src=\"https:\/\/www.e-business-unternehmensberatung.com\/blog\/wp-content\/uploads\/2009\/02\/Internetberatung-Webseitenoptimierung21.jpg\" alt=\"Marketing Unternehmensberatung G\u00f6ttingen\" width=\"190\" height=\"120\" \/><\/a><\/p>\n<p>Die e-Business Unternehmensberatung.<\/p>\n<p>Eine gro\u00dfe Marketingchance aber auch Herausforderung f\u00fcr Unternehmen ist das Internet. Die Integration dieser M\u00f6glichkeiten in die klassischen Marketinginstrumente ist das Know How der e-Business Unternehmensberatung. Wir begleiten Sie bei der Entwicklung, Umsetzung und Betreuung ihres Internet-Marketings. Von der Webseitenoptimierung f\u00fcr Menschen und Suchmaschinen bis zum Webmastercoaching sorgen wir daf\u00fcr, das Sie im e-Business immer die Nase vorn behalten.<\/p>\n<p><a href=\"https:\/\/www.e-business-unternehmensberatung.com\/blog\/unsere-beratungsleistungen\/\">Hier sehen Sie unsere gesamten Beratungsleistungen.<\/a><\/p>\n<p>Sprechen Sie uns einfach an:<\/p>\n<p>info(at)e-business-unternehmensberatung.com<\/p>\n","protected":false},"excerpt":{"rendered":"<p>Die e-Business Unternehmensberatung. Eine gro\u00dfe Marketingchance aber auch Herausforderung f\u00fcr Unternehmen ist das Internet. Die Integration dieser M\u00f6glichkeiten in die klassischen Marketinginstrumente ist das Know How der e-Business Unternehmensberatung. Wir begleiten Sie bei der Entwicklung, Umsetzung und Betreuung ihres Internet-Marketings. Von der Webseitenoptimierung f\u00fcr Menschen und Suchmaschinen bis zum Webmastercoaching sorgen wir daf\u00fcr, das Sie [&hellip;]<\/p>\n","protected":false},"author":48,"featured_media":0,"parent":61,"menu_order":0,"comment_status":"closed","ping_status":"open","template":"","meta":{"_monsterinsights_skip_tracking":false,"_monsterinsights_sitenote_active":false,"_monsterinsights_sitenote_note":"","_monsterinsights_sitenote_category":0,"footnotes":""},"class_list":["post-347","page","type-page","status-publish","hentry"],"aioseo_notices":[],"_links":{"self":[{"href":"https:\/\/www.e-business-unternehmensberatung.com\/blog\/wp-json\/wp\/v2\/pages\/347","targetHints":{"allow":["GET"]}}],"collection":[{"href":"https:\/\/www.e-business-unternehmensberatung.com\/blog\/wp-json\/wp\/v2\/pages"}],"about":[{"href":"https:\/\/www.e-business-unternehmensberatung.com\/blog\/wp-json\/wp\/v2\/types\/page"}],"author":[{"embeddable":true,"href":"https:\/\/www.e-business-unternehmensberatung.com\/blog\/wp-json\/wp\/v2\/users\/48"}],"replies":[{"embeddable":true,"href":"https:\/\/www.e-business-unternehmensberatung.com\/blog\/wp-json\/wp\/v2\/comments?post=347"}],"version-history":[{"count":0,"href":"https:\/\/www.e-business-unternehmensberatung.com\/blog\/wp-json\/wp\/v2\/pages\/347\/revisions"}],"up":[{"embeddable":true,"href":"https:\/\/www.e-business-unternehmensberatung.com\/blog\/wp-json\/wp\/v2\/pages\/61"}],"wp:attachment":[{"href":"https:\/\/www.e-business-unternehmensberatung.com\/blog\/wp-json\/wp\/v2\/media?parent=347"}],"curies":[{"name":"wp","href":"https:\/\/api.w.org\/{rel}","templated":true}]}}