{"id":352,"date":"2009-03-04T19:36:36","date_gmt":"2009-03-04T17:36:36","guid":{"rendered":"http:\/\/www.e-business-unternehmensberatung.com\/blog\/?page_id=352"},"modified":"2011-03-02T20:53:38","modified_gmt":"2011-03-02T18:53:38","slug":"internet-marketing-unternehmensberatung-heidelberg","status":"publish","type":"page","link":"https:\/\/www.e-business-unternehmensberatung.com\/blog\/beratung-verzeichnis\/unternehmensberatungen\/unternehmensberatung-heidelberg\/internet-marketing-unternehmensberatung-heidelberg\/","title":{"rendered":"Internet-Marketing Unternehmensberatung Heidelberg"},"content":{"rendered":"<p><a href=\"https:\/\/www.e-business-unternehmensberatung.com\/blog\/wp-content\/uploads\/2009\/03\/Internetberatung-Webseitenoptimierung.jpg\"><img loading=\"lazy\" decoding=\"async\" class=\"aligncenter size-full wp-image-1705\" title=\"Marketing Heidelberg\" src=\"https:\/\/www.e-business-unternehmensberatung.com\/blog\/wp-content\/uploads\/2009\/03\/Internetberatung-Webseitenoptimierung.jpg\" alt=\"Marketing Heidelberg\" width=\"190\" height=\"120\" \/><\/a><\/p>\n<p>Die e-Business Unternehmensberatung.<\/p>\n<p>Erfolgreiche Internet-Kommunikation setzt die Optimierung von Webseiten f\u00fcr Menschen und Suchmaschinen voraus, wie auch die gezielte Ansprache der Zielgruppe \u00fcber geschicktes Online-Marketing, das mit den klassischen Marketingans\u00e4tzen optimal korrespondiert. Dies ist das Know How der e-Business Unternehmensberatung. Wir sorgen daf\u00fcr, das Sie im e-Business die Nase vorn behalten.<\/p>\n<p><a href=\"https:\/\/www.e-business-unternehmensberatung.com\/blog\/unsere-beratungsleistungen\/\">Hier finden Sie unsere gesamten Beratungsleistungen.<\/a><\/p>\n<p>Sprechen Sie uns einfach an:<\/p>\n<p>info(at)e-business-unternehmensberatung.com<\/p>\n","protected":false},"excerpt":{"rendered":"<p>Die e-Business Unternehmensberatung. Erfolgreiche Internet-Kommunikation setzt die Optimierung von Webseiten f\u00fcr Menschen und Suchmaschinen voraus, wie auch die gezielte Ansprache der Zielgruppe \u00fcber geschicktes Online-Marketing, das mit den klassischen Marketingans\u00e4tzen optimal korrespondiert. Dies ist das Know How der e-Business Unternehmensberatung. Wir sorgen daf\u00fcr, das Sie im e-Business die Nase vorn behalten. Hier finden Sie unsere [&hellip;]<\/p>\n","protected":false},"author":8,"featured_media":0,"parent":67,"menu_order":0,"comment_status":"closed","ping_status":"open","template":"","meta":{"_monsterinsights_skip_tracking":false,"_monsterinsights_sitenote_active":false,"_monsterinsights_sitenote_note":"","_monsterinsights_sitenote_category":0,"footnotes":""},"class_list":["post-352","page","type-page","status-publish","hentry"],"aioseo_notices":[],"_links":{"self":[{"href":"https:\/\/www.e-business-unternehmensberatung.com\/blog\/wp-json\/wp\/v2\/pages\/352","targetHints":{"allow":["GET"]}}],"collection":[{"href":"https:\/\/www.e-business-unternehmensberatung.com\/blog\/wp-json\/wp\/v2\/pages"}],"about":[{"href":"https:\/\/www.e-business-unternehmensberatung.com\/blog\/wp-json\/wp\/v2\/types\/page"}],"author":[{"embeddable":true,"href":"https:\/\/www.e-business-unternehmensberatung.com\/blog\/wp-json\/wp\/v2\/users\/8"}],"replies":[{"embeddable":true,"href":"https:\/\/www.e-business-unternehmensberatung.com\/blog\/wp-json\/wp\/v2\/comments?post=352"}],"version-history":[{"count":0,"href":"https:\/\/www.e-business-unternehmensberatung.com\/blog\/wp-json\/wp\/v2\/pages\/352\/revisions"}],"up":[{"embeddable":true,"href":"https:\/\/www.e-business-unternehmensberatung.com\/blog\/wp-json\/wp\/v2\/pages\/67"}],"wp:attachment":[{"href":"https:\/\/www.e-business-unternehmensberatung.com\/blog\/wp-json\/wp\/v2\/media?parent=352"}],"curies":[{"name":"wp","href":"https:\/\/api.w.org\/{rel}","templated":true}]}}