{"id":353,"date":"2009-03-04T19:46:54","date_gmt":"2009-03-04T17:46:54","guid":{"rendered":"http:\/\/www.e-business-unternehmensberatung.com\/blog\/?page_id=353"},"modified":"2011-03-02T20:54:16","modified_gmt":"2011-03-02T18:54:16","slug":"online-shop-optimierung-webdesign-karlsruhe","status":"publish","type":"page","link":"https:\/\/www.e-business-unternehmensberatung.com\/blog\/beratung-verzeichnis\/unternehmensberatungen\/unternehmensberatung-karlsruhe\/online-shop-optimierung-webdesign-karlsruhe\/","title":{"rendered":"Online-Shop-Optimierung Webdesign Karlsruhe"},"content":{"rendered":"<p><a href=\"https:\/\/www.e-business-unternehmensberatung.com\/blog\/wp-content\/uploads\/2009\/03\/Internetberatung-Webseitenoptimierung1.jpg\"><img loading=\"lazy\" decoding=\"async\" class=\"aligncenter size-full wp-image-1707\" title=\"Onlineshop Karlsruhe\" src=\"https:\/\/www.e-business-unternehmensberatung.com\/blog\/wp-content\/uploads\/2009\/03\/Internetberatung-Webseitenoptimierung1.jpg\" alt=\"Onlineshop Karlsruhe\" width=\"190\" height=\"120\" \/><\/a><\/p>\n<p>Die e-Business Unternehmensberatung.<\/p>\n<p>Der e-Commerce w\u00e4chst auch gegen allgemeine wirtschaftliche Trends. Ein Grund daf\u00fcr sind die riesigen Chancen die Unternehmen im Verkauf und der Pr\u00e4sentation ihrer Produkte und Dienstleistungen im Internet haben. Diese Chancen optimal zu nutzen ist das Know How der e-Business Unternehmensberatung. Mit der Webseiten-Optimierung f\u00fcr Menschen und Suchmaschinen in Kombination mit innovativen Internet-Marketing-Strategien sorgen wir daf\u00fcr, das Sie im e-Business stets die Nase vorn behalten.<\/p>\n<p><a href=\"https:\/\/www.e-business-unternehmensberatung.com\/blog\/unsere-beratungsleistungen\/\">Hier finden Sie unsere gesamten Beratungsleistungen.<\/a><\/p>\n<p>Sprechen Sie uns einfach an:<\/p>\n<p>info(at)e-business-unternehmensberatung.com<\/p>\n","protected":false},"excerpt":{"rendered":"<p>Die e-Business Unternehmensberatung. Der e-Commerce w\u00e4chst auch gegen allgemeine wirtschaftliche Trends. Ein Grund daf\u00fcr sind die riesigen Chancen die Unternehmen im Verkauf und der Pr\u00e4sentation ihrer Produkte und Dienstleistungen im Internet haben. Diese Chancen optimal zu nutzen ist das Know How der e-Business Unternehmensberatung. Mit der Webseiten-Optimierung f\u00fcr Menschen und Suchmaschinen in Kombination mit innovativen [&hellip;]<\/p>\n","protected":false},"author":8,"featured_media":0,"parent":69,"menu_order":0,"comment_status":"closed","ping_status":"open","template":"","meta":{"_monsterinsights_skip_tracking":false,"_monsterinsights_sitenote_active":false,"_monsterinsights_sitenote_note":"","_monsterinsights_sitenote_category":0,"footnotes":""},"class_list":["post-353","page","type-page","status-publish","hentry"],"aioseo_notices":[],"_links":{"self":[{"href":"https:\/\/www.e-business-unternehmensberatung.com\/blog\/wp-json\/wp\/v2\/pages\/353","targetHints":{"allow":["GET"]}}],"collection":[{"href":"https:\/\/www.e-business-unternehmensberatung.com\/blog\/wp-json\/wp\/v2\/pages"}],"about":[{"href":"https:\/\/www.e-business-unternehmensberatung.com\/blog\/wp-json\/wp\/v2\/types\/page"}],"author":[{"embeddable":true,"href":"https:\/\/www.e-business-unternehmensberatung.com\/blog\/wp-json\/wp\/v2\/users\/8"}],"replies":[{"embeddable":true,"href":"https:\/\/www.e-business-unternehmensberatung.com\/blog\/wp-json\/wp\/v2\/comments?post=353"}],"version-history":[{"count":0,"href":"https:\/\/www.e-business-unternehmensberatung.com\/blog\/wp-json\/wp\/v2\/pages\/353\/revisions"}],"up":[{"embeddable":true,"href":"https:\/\/www.e-business-unternehmensberatung.com\/blog\/wp-json\/wp\/v2\/pages\/69"}],"wp:attachment":[{"href":"https:\/\/www.e-business-unternehmensberatung.com\/blog\/wp-json\/wp\/v2\/media?parent=353"}],"curies":[{"name":"wp","href":"https:\/\/api.w.org\/{rel}","templated":true}]}}