{"id":354,"date":"2009-03-05T18:43:02","date_gmt":"2009-03-05T16:43:02","guid":{"rendered":"http:\/\/www.e-business-unternehmensberatung.com\/blog\/?page_id=354"},"modified":"2011-03-02T20:54:57","modified_gmt":"2011-03-02T18:54:57","slug":"internet-marketing-beratung-kassel","status":"publish","type":"page","link":"https:\/\/www.e-business-unternehmensberatung.com\/blog\/beratung-verzeichnis\/unternehmensberatungen\/unternehmensberatung-kassel\/internet-marketing-beratung-kassel\/","title":{"rendered":"Internet-Marketing-Beratung Kassel"},"content":{"rendered":"<p><a href=\"https:\/\/www.e-business-unternehmensberatung.com\/blog\/wp-content\/uploads\/2009\/03\/Internetberatung-Webseitenoptimierung2.jpg\"><img loading=\"lazy\" decoding=\"async\" class=\"aligncenter size-full wp-image-1710\" title=\"Internetmarketingberatung Kassel\" src=\"https:\/\/www.e-business-unternehmensberatung.com\/blog\/wp-content\/uploads\/2009\/03\/Internetberatung-Webseitenoptimierung2.jpg\" alt=\"Internetmarketingberatung Kassel\" width=\"190\" height=\"120\" \/><\/a><\/p>\n<p>Die e-Business Unternehmensberatung.<\/p>\n<p>Die erfolgreiche Pr\u00e4sentation von Produkten und Dienstleistungen im Internet sowie die effiziente Internet-Kommunikation im Web 2.0 Umfeld sind das Know How der e-Business Unternehmensberatung. Wir setzen die Webseiten-Optimierung f\u00fcr Menschen und Suchmaschinen in den Kontext zur vollst\u00e4ndigen Internet-Marketing-Strategie ihres Unternehmens und sorgen so daf\u00fcr, das Sie im e-Business immer die Nase vorn behalten.<\/p>\n<p><a href=\"https:\/\/www.e-business-unternehmensberatung.com\/blog\/unsere-beratungsleistungen\/\">Hier finden Sie unsere gesamten Beratungsleistungen.<\/a><\/p>\n<p>Sprechen Sie uns einfach an:<\/p>\n<p>info(at)e-business-unternehmensberatung.com<\/p>\n","protected":false},"excerpt":{"rendered":"<p>Die e-Business Unternehmensberatung. Die erfolgreiche Pr\u00e4sentation von Produkten und Dienstleistungen im Internet sowie die effiziente Internet-Kommunikation im Web 2.0 Umfeld sind das Know How der e-Business Unternehmensberatung. Wir setzen die Webseiten-Optimierung f\u00fcr Menschen und Suchmaschinen in den Kontext zur vollst\u00e4ndigen Internet-Marketing-Strategie ihres Unternehmens und sorgen so daf\u00fcr, das Sie im e-Business immer die Nase vorn [&hellip;]<\/p>\n","protected":false},"author":8,"featured_media":0,"parent":71,"menu_order":0,"comment_status":"closed","ping_status":"open","template":"","meta":{"_monsterinsights_skip_tracking":false,"_monsterinsights_sitenote_active":false,"_monsterinsights_sitenote_note":"","_monsterinsights_sitenote_category":0,"footnotes":""},"class_list":["post-354","page","type-page","status-publish","hentry"],"aioseo_notices":[],"_links":{"self":[{"href":"https:\/\/www.e-business-unternehmensberatung.com\/blog\/wp-json\/wp\/v2\/pages\/354","targetHints":{"allow":["GET"]}}],"collection":[{"href":"https:\/\/www.e-business-unternehmensberatung.com\/blog\/wp-json\/wp\/v2\/pages"}],"about":[{"href":"https:\/\/www.e-business-unternehmensberatung.com\/blog\/wp-json\/wp\/v2\/types\/page"}],"author":[{"embeddable":true,"href":"https:\/\/www.e-business-unternehmensberatung.com\/blog\/wp-json\/wp\/v2\/users\/8"}],"replies":[{"embeddable":true,"href":"https:\/\/www.e-business-unternehmensberatung.com\/blog\/wp-json\/wp\/v2\/comments?post=354"}],"version-history":[{"count":0,"href":"https:\/\/www.e-business-unternehmensberatung.com\/blog\/wp-json\/wp\/v2\/pages\/354\/revisions"}],"up":[{"embeddable":true,"href":"https:\/\/www.e-business-unternehmensberatung.com\/blog\/wp-json\/wp\/v2\/pages\/71"}],"wp:attachment":[{"href":"https:\/\/www.e-business-unternehmensberatung.com\/blog\/wp-json\/wp\/v2\/media?parent=354"}],"curies":[{"name":"wp","href":"https:\/\/api.w.org\/{rel}","templated":true}]}}