{"id":360,"date":"2009-03-06T20:46:38","date_gmt":"2009-03-06T18:46:38","guid":{"rendered":"http:\/\/www.e-business-unternehmensberatung.com\/blog\/?page_id=360"},"modified":"2011-03-02T20:57:28","modified_gmt":"2011-03-02T18:57:28","slug":"internet-marketing-consulting-leipzig","status":"publish","type":"page","link":"https:\/\/www.e-business-unternehmensberatung.com\/blog\/beratung-verzeichnis\/unternehmensberatungen\/unternehmensberatung-leipzig\/internet-marketing-consulting-leipzig\/","title":{"rendered":"Internet-Marketing-Consulting Leipzig"},"content":{"rendered":"<p><a href=\"https:\/\/www.e-business-unternehmensberatung.com\/blog\/wp-content\/uploads\/2009\/03\/Internetberatung-Webseitenoptimierung6.jpg\"><img loading=\"lazy\" decoding=\"async\" class=\"aligncenter size-full wp-image-1719\" title=\"Marketingconsulting Leipzig\" src=\"https:\/\/www.e-business-unternehmensberatung.com\/blog\/wp-content\/uploads\/2009\/03\/Internetberatung-Webseitenoptimierung6.jpg\" alt=\"Marketingconsulting Leipzig\" width=\"190\" height=\"120\" \/><\/a><\/p>\n<p>Die e-Business Unternehmensberatung.<\/p>\n<p>Internet-Marketing konsequent umgesetzt er\u00f6ffnet jedem Unternehmen enorme Chancen und M\u00f6glichkeiten. Diese M\u00f6glichkeiten vollst\u00e4ndig zu nutzen ist das Know How der e-Business Unternehmensberatung. Von der Webseiten-Optimierung f\u00fcr Menschen und Suchmaschinen bis zu Entwicklung und Umsetzung ihre gesamten Internet-Kommunikations-Strategie im Web 2.0 Umfeld begleiten wir Sie zum Erfolg. Wir sorgen daf\u00fcr, das Sie im e-Business immer die Nase vorn behalten.<\/p>\n<p><a href=\"https:\/\/www.e-business-unternehmensberatung.com\/blog\/unsere-beratungsleistungen\/\">Hier finden Sie unsere gesamten Beratungsleistungen.<\/a><\/p>\n<p>Spechen Sie uns einfach an:<\/p>\n<p>info(at)e-business-unternehmensberatung.com<\/p>\n","protected":false},"excerpt":{"rendered":"<p>Die e-Business Unternehmensberatung. Internet-Marketing konsequent umgesetzt er\u00f6ffnet jedem Unternehmen enorme Chancen und M\u00f6glichkeiten. Diese M\u00f6glichkeiten vollst\u00e4ndig zu nutzen ist das Know How der e-Business Unternehmensberatung. Von der Webseiten-Optimierung f\u00fcr Menschen und Suchmaschinen bis zu Entwicklung und Umsetzung ihre gesamten Internet-Kommunikations-Strategie im Web 2.0 Umfeld begleiten wir Sie zum Erfolg. Wir sorgen daf\u00fcr, das Sie im [&hellip;]<\/p>\n","protected":false},"author":8,"featured_media":0,"parent":80,"menu_order":0,"comment_status":"closed","ping_status":"open","template":"","meta":{"_monsterinsights_skip_tracking":false,"_monsterinsights_sitenote_active":false,"_monsterinsights_sitenote_note":"","_monsterinsights_sitenote_category":0,"footnotes":""},"class_list":["post-360","page","type-page","status-publish","hentry"],"aioseo_notices":[],"_links":{"self":[{"href":"https:\/\/www.e-business-unternehmensberatung.com\/blog\/wp-json\/wp\/v2\/pages\/360","targetHints":{"allow":["GET"]}}],"collection":[{"href":"https:\/\/www.e-business-unternehmensberatung.com\/blog\/wp-json\/wp\/v2\/pages"}],"about":[{"href":"https:\/\/www.e-business-unternehmensberatung.com\/blog\/wp-json\/wp\/v2\/types\/page"}],"author":[{"embeddable":true,"href":"https:\/\/www.e-business-unternehmensberatung.com\/blog\/wp-json\/wp\/v2\/users\/8"}],"replies":[{"embeddable":true,"href":"https:\/\/www.e-business-unternehmensberatung.com\/blog\/wp-json\/wp\/v2\/comments?post=360"}],"version-history":[{"count":0,"href":"https:\/\/www.e-business-unternehmensberatung.com\/blog\/wp-json\/wp\/v2\/pages\/360\/revisions"}],"up":[{"embeddable":true,"href":"https:\/\/www.e-business-unternehmensberatung.com\/blog\/wp-json\/wp\/v2\/pages\/80"}],"wp:attachment":[{"href":"https:\/\/www.e-business-unternehmensberatung.com\/blog\/wp-json\/wp\/v2\/media?parent=360"}],"curies":[{"name":"wp","href":"https:\/\/api.w.org\/{rel}","templated":true}]}}