{"id":368,"date":"2009-03-13T19:26:59","date_gmt":"2009-03-13T17:26:59","guid":{"rendered":"http:\/\/www.e-business-unternehmensberatung.com\/blog\/?page_id=368"},"modified":"2011-03-02T21:02:31","modified_gmt":"2011-03-02T19:02:31","slug":"e-commerce-beratung-internet-marketing-oldenburg","status":"publish","type":"page","link":"https:\/\/www.e-business-unternehmensberatung.com\/blog\/beratung-verzeichnis\/unternehmensberatungen\/unternehmensberatung-oldenburg\/e-commerce-beratung-internet-marketing-oldenburg\/","title":{"rendered":"e-Commerce-Beratung Internet-Marketing Oldenburg"},"content":{"rendered":"<p><a href=\"https:\/\/www.e-business-unternehmensberatung.com\/blog\/wp-content\/uploads\/2009\/03\/Internetberatung-Webseitenoptimierung13.jpg\"><img loading=\"lazy\" decoding=\"async\" class=\"aligncenter size-full wp-image-1737\" title=\"Beratung Internet Oldenburg\" src=\"https:\/\/www.e-business-unternehmensberatung.com\/blog\/wp-content\/uploads\/2009\/03\/Internetberatung-Webseitenoptimierung13.jpg\" alt=\"Beratung Internet Oldenburg\" width=\"190\" height=\"120\" \/><\/a><\/p>\n<p>Die e-Business Unternehmensberatung.<\/p>\n<p>Das Internet w\u00e4chst und damit die Chancen und M\u00f6glichkeiten f\u00fcr jedes Unternehmen seine Produkte und Dienstleistungen im e-Commerce und durch effizientes Internet-Marketing einem riesigen Markt anzubieten. Dies ist das Know How der e-Business Unternehmensberatung. Von der e-Commerce-Beratung \u00fcber die Webseiten-Optimierung f\u00fcr Menschen und Suchmaschinen bis hin zur Entwicklung und Umsetzung erfolgreicher Internet-Marketing-Strategien sind wir ihr Partner.<\/p>\n<p><a href=\"https:\/\/www.e-business-unternehmensberatung.com\/blog\/unsere-beratungsleistungen\/\">Hier finden Sie unsere gesamten Beratungsleistungen.<\/a><\/p>\n<p>Sprechen Sie uns einfach an:<\/p>\n<p>info(at)e-business-unternehmensberatung.com<\/p>\n","protected":false},"excerpt":{"rendered":"<p>Die e-Business Unternehmensberatung. Das Internet w\u00e4chst und damit die Chancen und M\u00f6glichkeiten f\u00fcr jedes Unternehmen seine Produkte und Dienstleistungen im e-Commerce und durch effizientes Internet-Marketing einem riesigen Markt anzubieten. Dies ist das Know How der e-Business Unternehmensberatung. Von der e-Commerce-Beratung \u00fcber die Webseiten-Optimierung f\u00fcr Menschen und Suchmaschinen bis hin zur Entwicklung und Umsetzung erfolgreicher Internet-Marketing-Strategien [&hellip;]<\/p>\n","protected":false},"author":8,"featured_media":0,"parent":94,"menu_order":0,"comment_status":"closed","ping_status":"open","template":"","meta":{"_monsterinsights_skip_tracking":false,"_monsterinsights_sitenote_active":false,"_monsterinsights_sitenote_note":"","_monsterinsights_sitenote_category":0,"footnotes":""},"class_list":["post-368","page","type-page","status-publish","hentry"],"aioseo_notices":[],"_links":{"self":[{"href":"https:\/\/www.e-business-unternehmensberatung.com\/blog\/wp-json\/wp\/v2\/pages\/368","targetHints":{"allow":["GET"]}}],"collection":[{"href":"https:\/\/www.e-business-unternehmensberatung.com\/blog\/wp-json\/wp\/v2\/pages"}],"about":[{"href":"https:\/\/www.e-business-unternehmensberatung.com\/blog\/wp-json\/wp\/v2\/types\/page"}],"author":[{"embeddable":true,"href":"https:\/\/www.e-business-unternehmensberatung.com\/blog\/wp-json\/wp\/v2\/users\/8"}],"replies":[{"embeddable":true,"href":"https:\/\/www.e-business-unternehmensberatung.com\/blog\/wp-json\/wp\/v2\/comments?post=368"}],"version-history":[{"count":0,"href":"https:\/\/www.e-business-unternehmensberatung.com\/blog\/wp-json\/wp\/v2\/pages\/368\/revisions"}],"up":[{"embeddable":true,"href":"https:\/\/www.e-business-unternehmensberatung.com\/blog\/wp-json\/wp\/v2\/pages\/94"}],"wp:attachment":[{"href":"https:\/\/www.e-business-unternehmensberatung.com\/blog\/wp-json\/wp\/v2\/media?parent=368"}],"curies":[{"name":"wp","href":"https:\/\/api.w.org\/{rel}","templated":true}]}}