{"id":379,"date":"2009-04-09T11:05:18","date_gmt":"2009-04-09T09:05:18","guid":{"rendered":"http:\/\/www.e-business-unternehmensberatung.com\/blog\/?page_id=379"},"modified":"2011-03-02T21:11:20","modified_gmt":"2011-03-02T19:11:20","slug":"beratung-fuer-webdesign-rostock","status":"publish","type":"page","link":"https:\/\/www.e-business-unternehmensberatung.com\/blog\/beratung-verzeichnis\/unternehmensberatungen\/unternehmensberatung-rostock\/beratung-fuer-webdesign-rostock\/","title":{"rendered":"Beratung f\u00fcr Webdesign Rostock"},"content":{"rendered":"<p><a href=\"https:\/\/www.e-business-unternehmensberatung.com\/blog\/wp-content\/uploads\/2009\/04\/Internetberatung-Webseitenoptimierung4.jpg\"><img loading=\"lazy\" decoding=\"async\" class=\"aligncenter size-full wp-image-1759\" title=\"Beratung Webdesign Rostock\" src=\"https:\/\/www.e-business-unternehmensberatung.com\/blog\/wp-content\/uploads\/2009\/04\/Internetberatung-Webseitenoptimierung4.jpg\" alt=\"Beratung Webdesign Rostock\" width=\"190\" height=\"120\" \/><\/a><\/p>\n<p>Die e-Business Unternehmensberatung.<\/p>\n<p>Gutes Webdesign ist die Voraussetzung f\u00fcr au\u00dfergew\u00f6hnlichen Internet-Erfolg. Die optimale Verbindung von psychologischen Erkenntnissen aus dem Besucherverhalten, der Usability und der Suchmaschinen-Optimierung einer Website sind das Know How der e-Business Unternehmensberatung. Von der ersten Idee bis zur Umsetzung ihres Internet-Marketing sorgen wir daf\u00fcr, das Sie im e-Business immer die Nase vorn behalten.<\/p>\n<p><a href=\"https:\/\/www.e-business-unternehmensberatung.com\/blog\/unsere-beratungsleistungen\/\">Hier sehen Sie unsere ganzen Beratungsleistungen.<\/a><\/p>\n<p>Sprechen Sie uns einfach an:<\/p>\n<p>info(at)e-business-unternehmensberatung.com<\/p>\n","protected":false},"excerpt":{"rendered":"<p>Die e-Business Unternehmensberatung. Gutes Webdesign ist die Voraussetzung f\u00fcr au\u00dfergew\u00f6hnlichen Internet-Erfolg. Die optimale Verbindung von psychologischen Erkenntnissen aus dem Besucherverhalten, der Usability und der Suchmaschinen-Optimierung einer Website sind das Know How der e-Business Unternehmensberatung. Von der ersten Idee bis zur Umsetzung ihres Internet-Marketing sorgen wir daf\u00fcr, das Sie im e-Business immer die Nase vorn behalten. [&hellip;]<\/p>\n","protected":false},"author":8,"featured_media":0,"parent":104,"menu_order":0,"comment_status":"closed","ping_status":"open","template":"","meta":{"_monsterinsights_skip_tracking":false,"_monsterinsights_sitenote_active":false,"_monsterinsights_sitenote_note":"","_monsterinsights_sitenote_category":0,"footnotes":""},"class_list":["post-379","page","type-page","status-publish","hentry"],"aioseo_notices":[],"_links":{"self":[{"href":"https:\/\/www.e-business-unternehmensberatung.com\/blog\/wp-json\/wp\/v2\/pages\/379","targetHints":{"allow":["GET"]}}],"collection":[{"href":"https:\/\/www.e-business-unternehmensberatung.com\/blog\/wp-json\/wp\/v2\/pages"}],"about":[{"href":"https:\/\/www.e-business-unternehmensberatung.com\/blog\/wp-json\/wp\/v2\/types\/page"}],"author":[{"embeddable":true,"href":"https:\/\/www.e-business-unternehmensberatung.com\/blog\/wp-json\/wp\/v2\/users\/8"}],"replies":[{"embeddable":true,"href":"https:\/\/www.e-business-unternehmensberatung.com\/blog\/wp-json\/wp\/v2\/comments?post=379"}],"version-history":[{"count":0,"href":"https:\/\/www.e-business-unternehmensberatung.com\/blog\/wp-json\/wp\/v2\/pages\/379\/revisions"}],"up":[{"embeddable":true,"href":"https:\/\/www.e-business-unternehmensberatung.com\/blog\/wp-json\/wp\/v2\/pages\/104"}],"wp:attachment":[{"href":"https:\/\/www.e-business-unternehmensberatung.com\/blog\/wp-json\/wp\/v2\/media?parent=379"}],"curies":[{"name":"wp","href":"https:\/\/api.w.org\/{rel}","templated":true}]}}