{"id":38,"date":"2008-06-24T10:18:40","date_gmt":"2008-06-24T08:18:40","guid":{"rendered":"http:\/\/e-business-unternehmensberatung.com\/blog\/?page_id=38"},"modified":"2010-11-24T21:27:16","modified_gmt":"2010-11-24T19:27:16","slug":"unternehmensberatung-cottbus","status":"publish","type":"page","link":"https:\/\/www.e-business-unternehmensberatung.com\/blog\/beratung-verzeichnis\/unternehmensberatungen\/unternehmensberatung-cottbus\/","title":{"rendered":"Unternehmensberatung Cottbus"},"content":{"rendered":"<h4>Consulting Informationen und Beratungsangebote der e-Business Unternehmensberatung und weiterer Unternehmensberater in Cottbus<\/h4>\n<p>Cottbus, die zweitgr\u00f6\u00dfte Stadt in Brandenburg und mit ca. 100.000 Einwohnern Verwaltungszentrum der umliegenden Gemeinden ganz im Osten der Bundesrepublik Deutschland. Cottbus verf\u00fcgt neben einer typischen Wirtschaftsstruktur f\u00fcr mittelgro\u00dfe St\u00e4dte in Deutschland \u00fcber eine Universit\u00e4t, die weitere Impulse f\u00fcr die \u00f6rtliche Wirtschaft liefert. Unternehmen wie die Deutsche Bahn, Vattenfall Europe, ABB haben hier ihren Sitz. Weitere Unternehmen kommen vorrangig aus den Bereichen Architektur,  Chemie und Pharmazie, Dienstleistungen, Einzelhandel, Energie,  Finanzwesen, Forschung, Gesundheitswesen, Handel, Maschinenbau und  Telekommunikation. F\u00fcr Unternehmensberater bietet Cottbus aufgrund seiner Zentrumsfunktion im Grenzgebiet zu Polen einen klar abgegrenzten Einzugsbereich mit zahlreichen M\u00f6glichkeiten.<\/p>\n<p>Wenn Sie selbst Unternehmensberater in Cottbus und Umgebung sind und als  Netzwerkpartner der e-Business Unternehmensberatung eine eigene  erfolgreiche Pr\u00e4sentationsseite \/ Verlinkung im Bereich  Unternehmensberatung Cottbus nutzen m\u00f6chten, lesen Sie bitte die  Informationen auf unserer Seite <a title=\"Unternehmensberatung Partner  werden\" href=\"https:\/\/www.e-business-unternehmensberatung.com\/blog\/netzwerk-partner-werden\/\" target=\"_blank\">Netzwerkpartner werden<\/a>.<\/p>\n<p>Finden Sie hier weitere Ansprechpartner f\u00fcr ihre Region.<\/p>\n<p><a href=\"https:\/\/www.e-business-unternehmensberatung.com\/blog\/beratung-verzeichnis\/unternehmensberatungen\/unternehmensberatung-cottbus\/webseiten-erstellen-website-optimierung-cottbus\/\">e-Business Unternehmensberatung Cottbus<\/a><\/p>\n<p><a href=\"https:\/\/www.e-business-unternehmensberatung.com\/blog\/beratung-verzeichnis\/unternehmensberatungen\/unternehmensberatung-cottbus\/ihk-cottbus\/\">IHK Cottbus<\/a><\/p>\n","protected":false},"excerpt":{"rendered":"<p>Consulting Informationen und Beratungsangebote der e-Business Unternehmensberatung und weiterer Unternehmensberater in Cottbus Cottbus, die zweitgr\u00f6\u00dfte Stadt in Brandenburg und mit ca. 100.000 Einwohnern Verwaltungszentrum der umliegenden Gemeinden ganz im Osten der Bundesrepublik Deutschland. Cottbus verf\u00fcgt neben einer typischen Wirtschaftsstruktur f\u00fcr mittelgro\u00dfe St\u00e4dte in Deutschland \u00fcber eine Universit\u00e4t, die weitere Impulse f\u00fcr die \u00f6rtliche Wirtschaft liefert. [&hellip;]<\/p>\n","protected":false},"author":1,"featured_media":0,"parent":23,"menu_order":11,"comment_status":"open","ping_status":"open","template":"","meta":{"_monsterinsights_skip_tracking":false,"_monsterinsights_sitenote_active":false,"_monsterinsights_sitenote_note":"","_monsterinsights_sitenote_category":0,"footnotes":""},"class_list":["post-38","page","type-page","status-publish","hentry"],"aioseo_notices":[],"_links":{"self":[{"href":"https:\/\/www.e-business-unternehmensberatung.com\/blog\/wp-json\/wp\/v2\/pages\/38","targetHints":{"allow":["GET"]}}],"collection":[{"href":"https:\/\/www.e-business-unternehmensberatung.com\/blog\/wp-json\/wp\/v2\/pages"}],"about":[{"href":"https:\/\/www.e-business-unternehmensberatung.com\/blog\/wp-json\/wp\/v2\/types\/page"}],"author":[{"embeddable":true,"href":"https:\/\/www.e-business-unternehmensberatung.com\/blog\/wp-json\/wp\/v2\/users\/1"}],"replies":[{"embeddable":true,"href":"https:\/\/www.e-business-unternehmensberatung.com\/blog\/wp-json\/wp\/v2\/comments?post=38"}],"version-history":[{"count":0,"href":"https:\/\/www.e-business-unternehmensberatung.com\/blog\/wp-json\/wp\/v2\/pages\/38\/revisions"}],"up":[{"embeddable":true,"href":"https:\/\/www.e-business-unternehmensberatung.com\/blog\/wp-json\/wp\/v2\/pages\/23"}],"wp:attachment":[{"href":"https:\/\/www.e-business-unternehmensberatung.com\/blog\/wp-json\/wp\/v2\/media?parent=38"}],"curies":[{"name":"wp","href":"https:\/\/api.w.org\/{rel}","templated":true}]}}