{"id":384,"date":"2009-04-16T17:16:03","date_gmt":"2009-04-16T15:16:03","guid":{"rendered":"http:\/\/www.e-business-unternehmensberatung.com\/blog\/?page_id=384"},"modified":"2011-03-02T21:15:08","modified_gmt":"2011-03-02T19:15:08","slug":"suchmaschinen-marketing-internetmarketing-ulm","status":"publish","type":"page","link":"https:\/\/www.e-business-unternehmensberatung.com\/blog\/beratung-verzeichnis\/unternehmensberatungen\/unternehmensberatung-ulm\/suchmaschinen-marketing-internetmarketing-ulm\/","title":{"rendered":"Suchmaschinen-Marketing Internetmarketing Ulm"},"content":{"rendered":"<p><a href=\"https:\/\/www.e-business-unternehmensberatung.com\/blog\/wp-content\/uploads\/2009\/04\/Internetberatung-Webseitenoptimierung8.jpg\"><img loading=\"lazy\" decoding=\"async\" class=\"aligncenter size-full wp-image-1768\" title=\"Suchmaschinenmarketing Ulm\" src=\"https:\/\/www.e-business-unternehmensberatung.com\/blog\/wp-content\/uploads\/2009\/04\/Internetberatung-Webseitenoptimierung8.jpg\" alt=\"Suchmaschinenmarketing Ulm\" width=\"190\" height=\"120\" \/><\/a><\/p>\n<p>Die e-Business Unternehmensberatung.<\/p>\n<p>Das Internet erm\u00f6glicht bei optimaler Nutzung enorme Reichweiten f\u00fcr die Neukundengewinnung, der perfekten Pr\u00e4sentation von Unternehmen, Produkten und Dienstleistungen. Diese M\u00f6glichkeiten zu 100 % zu erschlie\u00dfen ist das Know How der e-Business Unternehmensberatung. Die Umsetzung innovativer Strategien im Suchmaschinen-Markting unter Einbeziehung der Webseiten-Optimierung und auch klassischer Marketingstrategien machen ihr Internetmarketing zu einer starken S\u00e4ule f\u00fcr ihr Unternehmen. Wir sorgen daf\u00fcr, das Sie im e-Business immer die Nase vorn behalten.<\/p>\n<p><a href=\"https:\/\/www.e-business-unternehmensberatung.com\/blog\/unsere-beratungsleistungen\/\">Hier sehen Sie unsere gesamten Beratungsleistungen.<\/a><\/p>\n<p>Sprechen Sie uns einfach an:<\/p>\n<p>info(at)e-business-unternehmensberatung.com<\/p>\n","protected":false},"excerpt":{"rendered":"<p>Die e-Business Unternehmensberatung. Das Internet erm\u00f6glicht bei optimaler Nutzung enorme Reichweiten f\u00fcr die Neukundengewinnung, der perfekten Pr\u00e4sentation von Unternehmen, Produkten und Dienstleistungen. Diese M\u00f6glichkeiten zu 100 % zu erschlie\u00dfen ist das Know How der e-Business Unternehmensberatung. Die Umsetzung innovativer Strategien im Suchmaschinen-Markting unter Einbeziehung der Webseiten-Optimierung und auch klassischer Marketingstrategien machen ihr Internetmarketing zu einer [&hellip;]<\/p>\n","protected":false},"author":1,"featured_media":0,"parent":112,"menu_order":0,"comment_status":"closed","ping_status":"open","template":"","meta":{"_monsterinsights_skip_tracking":false,"_monsterinsights_sitenote_active":false,"_monsterinsights_sitenote_note":"","_monsterinsights_sitenote_category":0,"footnotes":""},"class_list":["post-384","page","type-page","status-publish","hentry"],"aioseo_notices":[],"_links":{"self":[{"href":"https:\/\/www.e-business-unternehmensberatung.com\/blog\/wp-json\/wp\/v2\/pages\/384","targetHints":{"allow":["GET"]}}],"collection":[{"href":"https:\/\/www.e-business-unternehmensberatung.com\/blog\/wp-json\/wp\/v2\/pages"}],"about":[{"href":"https:\/\/www.e-business-unternehmensberatung.com\/blog\/wp-json\/wp\/v2\/types\/page"}],"author":[{"embeddable":true,"href":"https:\/\/www.e-business-unternehmensberatung.com\/blog\/wp-json\/wp\/v2\/users\/1"}],"replies":[{"embeddable":true,"href":"https:\/\/www.e-business-unternehmensberatung.com\/blog\/wp-json\/wp\/v2\/comments?post=384"}],"version-history":[{"count":0,"href":"https:\/\/www.e-business-unternehmensberatung.com\/blog\/wp-json\/wp\/v2\/pages\/384\/revisions"}],"up":[{"embeddable":true,"href":"https:\/\/www.e-business-unternehmensberatung.com\/blog\/wp-json\/wp\/v2\/pages\/112"}],"wp:attachment":[{"href":"https:\/\/www.e-business-unternehmensberatung.com\/blog\/wp-json\/wp\/v2\/media?parent=384"}],"curies":[{"name":"wp","href":"https:\/\/api.w.org\/{rel}","templated":true}]}}