{"id":388,"date":"2009-05-01T12:48:27","date_gmt":"2009-05-01T10:48:27","guid":{"rendered":"http:\/\/www.e-business-unternehmensberatung.com\/blog\/?page_id=388"},"modified":"2011-03-02T21:16:53","modified_gmt":"2011-03-02T19:16:53","slug":"e-business-konzepte-e-commerce-anwendungen-wuppertal","status":"publish","type":"page","link":"https:\/\/www.e-business-unternehmensberatung.com\/blog\/beratung-verzeichnis\/unternehmensberatungen\/unternehmensberatung-wuppertal\/e-business-konzepte-e-commerce-anwendungen-wuppertal\/","title":{"rendered":"e-Business Konzepte e-Commerce Anwendungen Wuppertal"},"content":{"rendered":"<p><a href=\"https:\/\/www.e-business-unternehmensberatung.com\/blog\/wp-content\/uploads\/2009\/05\/Internetberatung-Webseitenoptimierung.jpg\"><img loading=\"lazy\" decoding=\"async\" class=\"aligncenter size-full wp-image-1774\" title=\"e-Business Konzepte Wuppertal\" src=\"https:\/\/www.e-business-unternehmensberatung.com\/blog\/wp-content\/uploads\/2009\/05\/Internetberatung-Webseitenoptimierung.jpg\" alt=\"e-Business Konzepte Wuppertal\" width=\"190\" height=\"120\" \/><\/a><\/p>\n<p>Die e-Business Unternehmensberatung.<\/p>\n<p>Innovative Internet-Konzepte und Marketing-Ideen sind die Grundlage f\u00fcr herausragenden e-Business Erfolg. Die deutliche Wachstumsdynamik im Internet bietet jedem Unternehmen in der Pr\u00e4sentation, dem Verkauf von Produkten, Dienstleistungen und dem Informationsmanagement enorme M\u00f6glichkeiten. Dies ist das Know How der e-Business Unternehmensberatung. Von der Entwicklung innovativer e-Business Konzepte und e-Commerce Anwendungen \u00fcber das Webseiten erstellen und Website-Optimierung f\u00fcr Menschen und Suchmaschinen sorgen wir daf\u00fcr, das Sie im e-Business immer die Nase vorn behalten.<\/p>\n<p><a href=\"https:\/\/www.e-business-unternehmensberatung.com\/blog\/unsere-beratungsleistungen\/\">Hier sehen Sie unsere vollst\u00e4ndigen Beratungsleistungen.<\/a><\/p>\n<p>Sprechen Sie uns einfach an:<\/p>\n<p>info(at)e-business-unternehmensberatung.com<\/p>\n","protected":false},"excerpt":{"rendered":"<p>Die e-Business Unternehmensberatung. Innovative Internet-Konzepte und Marketing-Ideen sind die Grundlage f\u00fcr herausragenden e-Business Erfolg. Die deutliche Wachstumsdynamik im Internet bietet jedem Unternehmen in der Pr\u00e4sentation, dem Verkauf von Produkten, Dienstleistungen und dem Informationsmanagement enorme M\u00f6glichkeiten. Dies ist das Know How der e-Business Unternehmensberatung. Von der Entwicklung innovativer e-Business Konzepte und e-Commerce Anwendungen \u00fcber das Webseiten [&hellip;]<\/p>\n","protected":false},"author":8,"featured_media":0,"parent":116,"menu_order":0,"comment_status":"closed","ping_status":"open","template":"","meta":{"_monsterinsights_skip_tracking":false,"_monsterinsights_sitenote_active":false,"_monsterinsights_sitenote_note":"","_monsterinsights_sitenote_category":0,"footnotes":""},"class_list":["post-388","page","type-page","status-publish","hentry"],"aioseo_notices":[],"_links":{"self":[{"href":"https:\/\/www.e-business-unternehmensberatung.com\/blog\/wp-json\/wp\/v2\/pages\/388","targetHints":{"allow":["GET"]}}],"collection":[{"href":"https:\/\/www.e-business-unternehmensberatung.com\/blog\/wp-json\/wp\/v2\/pages"}],"about":[{"href":"https:\/\/www.e-business-unternehmensberatung.com\/blog\/wp-json\/wp\/v2\/types\/page"}],"author":[{"embeddable":true,"href":"https:\/\/www.e-business-unternehmensberatung.com\/blog\/wp-json\/wp\/v2\/users\/8"}],"replies":[{"embeddable":true,"href":"https:\/\/www.e-business-unternehmensberatung.com\/blog\/wp-json\/wp\/v2\/comments?post=388"}],"version-history":[{"count":0,"href":"https:\/\/www.e-business-unternehmensberatung.com\/blog\/wp-json\/wp\/v2\/pages\/388\/revisions"}],"up":[{"embeddable":true,"href":"https:\/\/www.e-business-unternehmensberatung.com\/blog\/wp-json\/wp\/v2\/pages\/116"}],"wp:attachment":[{"href":"https:\/\/www.e-business-unternehmensberatung.com\/blog\/wp-json\/wp\/v2\/media?parent=388"}],"curies":[{"name":"wp","href":"https:\/\/api.w.org\/{rel}","templated":true}]}}