{"id":403,"date":"2009-06-09T16:34:14","date_gmt":"2009-06-09T14:34:14","guid":{"rendered":"http:\/\/www.e-business-unternehmensberatung.com\/blog\/?page_id=403"},"modified":"2013-11-04T11:08:51","modified_gmt":"2013-11-04T09:08:51","slug":"bcpro-ev-die-studentische-unternehmensberatung-der-htw-berlin","status":"publish","type":"page","link":"https:\/\/www.e-business-unternehmensberatung.com\/blog\/beratung-verzeichnis\/unternehmensberatungen\/unternehmensberatung-berlin\/bcpro-ev-die-studentische-unternehmensberatung-der-htw-berlin\/","title":{"rendered":"BCPro e.V. &#8211; die studentische Unternehmensberatung an der HTW Berlin"},"content":{"rendered":"<p><a href=\"https:\/\/www.e-business-unternehmensberatung.com\/blog\/wp-content\/uploads\/2009\/06\/bcproberlinlogo.jpg\"><img loading=\"lazy\" decoding=\"async\" class=\"alignleft size-medium wp-image-404\" title=\"bcproberlinlogo\" alt=\"\" src=\"https:\/\/www.e-business-unternehmensberatung.com\/blog\/wp-content\/uploads\/2009\/06\/bcproberlinlogo.jpg\" width=\"142\" height=\"128\" \/><\/a><\/p>\n<p>Wir sind die Studentische Unternehmensberatung der Hochschule f\u00fcr Technik und Wirtschaft Berlin.<\/p>\n<p><a href=\"https:\/\/www.e-business-unternehmensberatung.com\/blog\/wp-content\/uploads\/2009\/06\/bcproberlinlogo.jpg\"><br \/>\n<\/a><\/p>\n<p>Seit nunmehr \u00fcber 10 Jahren beraten wir, das hei\u00dft \u00fcber 60 engagierte Studenten verschiedenster Fachrichtungen, erfolgreich Unternehmen. Durch unser Engagement angetrieben, f\u00fchren wir unsere Arbeit stets auf qualitativ hohem Niveau aus und schaffen innovative und kreative L\u00f6sungen.<br \/>\nUnsere strengen Qualit\u00e4tsrichtlinien und unser andauerndes Bem\u00fchen um eine st\u00e4ndige Weiterbildung, tragen zur hohen Professionalit\u00e4t unserer Arbeit bei.<\/p>\n<p style=\"margin-bottom: 0cm;\"><span style=\"font-family: Tahoma,sans-serif;\">Wir bieten Ihnen gezielte und individuelle Beratung in folgenden Bereichen:<\/span><\/p>\n<ul>\n<li>\n<p style=\"margin-bottom: 0cm;\"><span style=\"font-family: Tahoma,sans-serif;\">Existenzgr\u00fcndung<\/span><\/p>\n<\/li>\n<li>\n<p style=\"margin-bottom: 0cm;\"><span style=\"font-family: Tahoma,sans-serif;\">Unternehmensstrategie<\/span><\/p>\n<\/li>\n<li>\n<p style=\"margin-bottom: 0cm;\"><span style=\"font-family: Tahoma,sans-serif;\">Prozessoptimierung<\/span><\/p>\n<\/li>\n<li>\n<p style=\"margin-bottom: 0cm;\"><span style=\"font-family: Tahoma,sans-serif;\">Marketing<\/span><\/p>\n<\/li>\n<li>\n<p style=\"margin-bottom: 0cm;\"><span style=\"font-family: Tahoma,sans-serif;\">Investition und Finanzierung<\/span><\/p>\n<\/li>\n<li>\n<p style=\"margin-bottom: 0cm;\"><span style=\"font-family: Tahoma,sans-serif;\">IT<\/span><\/p>\n<\/li>\n<\/ul>\n<p>Wenn Sie allerdings auch in einem anderen Bereich unsere Beratung in Anspruch nehmen m\u00f6chten, z\u00f6gern Sie nicht, uns zu kontaktieren. Wir scheuen neue Anforderungen und ungew\u00f6hnliche Aufgaben nicht!<\/p>\n<p>Wir m\u00f6chten Ihr Unternehmen voranbringen \u2013 nutzen Sie unsere ma\u00dfgeschneiderte Beratung und profitieren Sie von unserem hohen Engagement!<\/p>\n<p>Haben wir Ihr Interesse geweckt?<\/p>\n<p>Dann besuchen Sie doch unsere Website www.bcpro.de<br \/>\noder schreiben Sie uns eine email: kontakt@bcpro.de<br \/>\noder rufen Sie uns an: +49 30 61749628<\/p>\n<p>Wir freuen uns auf Sie!<\/p>\n<p>Pressekontakt:<br \/>\nLuisa Schirm \u25aa Public Relations<\/p>\n<p>Berliner Campus Projekt e.V. [BCPro]<br \/>\nStudentische Unternehmensberatung<br \/>\nH\u00f6nower Str. 35 \u25aa 10318 Berlin<br \/>\nTel.B\u00fcro: +49 (30) 61 74 96 28<br \/>\nEmail: luisa.schirm@bcpro.de<\/p>\n","protected":false},"excerpt":{"rendered":"<p>Wir sind die Studentische Unternehmensberatung der Hochschule f\u00fcr Technik und Wirtschaft Berlin. Seit nunmehr \u00fcber 10 Jahren beraten wir, das hei\u00dft \u00fcber 60 engagierte Studenten verschiedenster Fachrichtungen, erfolgreich Unternehmen. Durch unser Engagement angetrieben, f\u00fchren wir unsere Arbeit stets auf qualitativ hohem Niveau aus und schaffen innovative und kreative L\u00f6sungen. Unsere strengen Qualit\u00e4tsrichtlinien und unser andauerndes [&hellip;]<\/p>\n","protected":false},"author":1,"featured_media":0,"parent":30,"menu_order":3,"comment_status":"closed","ping_status":"open","template":"","meta":{"_monsterinsights_skip_tracking":false,"_monsterinsights_sitenote_active":false,"_monsterinsights_sitenote_note":"","_monsterinsights_sitenote_category":0,"footnotes":""},"class_list":["post-403","page","type-page","status-publish","hentry"],"aioseo_notices":[],"_links":{"self":[{"href":"https:\/\/www.e-business-unternehmensberatung.com\/blog\/wp-json\/wp\/v2\/pages\/403","targetHints":{"allow":["GET"]}}],"collection":[{"href":"https:\/\/www.e-business-unternehmensberatung.com\/blog\/wp-json\/wp\/v2\/pages"}],"about":[{"href":"https:\/\/www.e-business-unternehmensberatung.com\/blog\/wp-json\/wp\/v2\/types\/page"}],"author":[{"embeddable":true,"href":"https:\/\/www.e-business-unternehmensberatung.com\/blog\/wp-json\/wp\/v2\/users\/1"}],"replies":[{"embeddable":true,"href":"https:\/\/www.e-business-unternehmensberatung.com\/blog\/wp-json\/wp\/v2\/comments?post=403"}],"version-history":[{"count":0,"href":"https:\/\/www.e-business-unternehmensberatung.com\/blog\/wp-json\/wp\/v2\/pages\/403\/revisions"}],"up":[{"embeddable":true,"href":"https:\/\/www.e-business-unternehmensberatung.com\/blog\/wp-json\/wp\/v2\/pages\/30"}],"wp:attachment":[{"href":"https:\/\/www.e-business-unternehmensberatung.com\/blog\/wp-json\/wp\/v2\/media?parent=403"}],"curies":[{"name":"wp","href":"https:\/\/api.w.org\/{rel}","templated":true}]}}