{"id":41,"date":"2008-06-24T11:18:00","date_gmt":"2008-06-24T09:18:00","guid":{"rendered":"http:\/\/e-business-unternehmensberatung.com\/blog\/?page_id=41"},"modified":"2013-01-30T21:48:41","modified_gmt":"2013-01-30T19:48:41","slug":"unternehmensberatung-braunschweig","status":"publish","type":"page","link":"https:\/\/www.e-business-unternehmensberatung.com\/blog\/beratung-verzeichnis\/unternehmensberatungen\/unternehmensberatung-braunschweig\/","title":{"rendered":"Unternehmensberatung Braunschweig"},"content":{"rendered":"<h4>Consulting Informationen und Beratungsangebote der e-Business Unternehmensberatung und weiterer Unternehmensberater in Braunschweig<\/h4>\n<p><a href=\"https:\/\/www.e-business-unternehmensberatung.com\/blog\/wp-content\/uploads\/2008\/06\/Unternehmensberater-Braunschweig.png\"><img loading=\"lazy\" decoding=\"async\" class=\"alignright size-full wp-image-3087\" title=\"Unternehmensberater Braunschweig\" src=\"https:\/\/www.e-business-unternehmensberatung.com\/blog\/wp-content\/uploads\/2008\/06\/Unternehmensberater-Braunschweig.png\" alt=\"Unternehmensberater in Braunschweig\" width=\"77\" height=\"75\" \/><\/a>Sie suchen nach den erfolgreichsten Wegen und Strategien um im Internet neue Kunden zu gewinnen? Sie m\u00f6chten mit Ihren bestehenden Kunden bessere Ergebnisse realisieren und innovative Marketingstrategien optimal in Ihr Gesch\u00e4ftskonzept integrieren? Die e-Business Unternehmensberatung zeigt Ihnen diese Wege und f\u00fchrt Sie zielsicher zum Erfolg. Von der Webseite oder dem Shopsystem, der Suchmaschinenoptimierung und Suchmaschinen- Internetmarketing bis zu den sozialen Netzwerken. Die e-Business Unternehmensberatung zeigt Ihnen wie es geht. Hier sehen Sie mehr zu unseren <a title=\"Unternehmensberater in Braunschweig\" href=\"https:\/\/www.e-business-unternehmensberatung.com\/blog\/unsere-beratungsleistungen\/\">Beratungsleistungen<\/a>. Wir freuen uns auf Ihren Anruf!<\/p>\n<p>.<\/p>\n<div id=\"attachment_1509\" style=\"width: 310px\" class=\"wp-caption alignleft\"><a href=\"https:\/\/www.e-business-unternehmensberatung.com\/blog\/wp-content\/uploads\/2008\/06\/Braunschweig-Unternehmensberatungen.jpg\"><img loading=\"lazy\" decoding=\"async\" aria-describedby=\"caption-attachment-1509\" class=\"size-medium wp-image-1509\" title=\"Braunschweig Unternehmensberatungen\" src=\"https:\/\/www.e-business-unternehmensberatung.com\/blog\/wp-content\/uploads\/2008\/06\/Braunschweig-Unternehmensberatungen-300x200.jpg\" alt=\"Braunschweig Unternehmensberatungen\" width=\"300\" height=\"200\" srcset=\"https:\/\/www.e-business-unternehmensberatung.com\/blog\/wp-content\/uploads\/2008\/06\/Braunschweig-Unternehmensberatungen-300x200.jpg 300w, https:\/\/www.e-business-unternehmensberatung.com\/blog\/wp-content\/uploads\/2008\/06\/Braunschweig-Unternehmensberatungen.jpg 424w\" sizes=\"auto, (max-width: 300px) 100vw, 300px\" \/><\/a><p id=\"caption-attachment-1509\" class=\"wp-caption-text\">Rathaus Braunschweig \u00a9 fotobeam Fotolia<\/p><\/div>\n<p>Braunschweig, mit ca. 245.000 Einwohner die zweitgr\u00f6\u00dfte Stadt Niedersachsens. Braunschweig geh\u00f6rt zur Metropolregion Wolfsburg, G\u00f6ttingen und Hannover. Stark durch die Automobilindustrie ausgehend vom nahen VW Stammwerk in Wolfsburg gepr\u00e4gt, bietet Braunschweig auch anderen Arbeitgebern wie Siemens Transportation Systems und der Nordzucker AG ein Zuhause. Erg\u00e4nzt wird die \u00f6rtliche Unternehmensstruktur durch kleine und mittest\u00e4ndische Unternehmen in Dienstleistung und Handwerk. Regional agierende Unternehmensberatungen mit den entsprechenden Schwerpunkten finden hier einen attraktiven Standort. Aber auch \u00fcberregionale Unternehmensberatungen k\u00f6nnen von Braunschweig aufgrund der guten Anbindung Richtung Hannover, Berlin und Hamburg optimal agieren und somit Braunschweig als Standort der kurzen Wege in zentraler Lage Deutschlands nutzen.<\/p>\n<p>Wenn Sie selbst Unternehmensberater in Braunschweig und Umgebung sind und als Netzwerkpartner der e-Business Unternehmensberatung eine eigene erfolgreiche Pr\u00e4sentationsseite \/ Verlinkung im Bereich Unternehmensberatung Braunschweig nutzen m\u00f6chten, lesen Sie bitte die Informationen auf unserer Seite <a title=\"Unternehmensberatung Partner  werden\" href=\"https:\/\/www.e-business-unternehmensberatung.com\/blog\/netzwerk-partner-werden\/\" target=\"_blank\">Netzwerkpartner werden<\/a>.<\/p>\n<p>Finden Sie hier weitere Ansprechpartner f\u00fcr ihre Region.<\/p>\n<p><a href=\"https:\/\/www.e-business-unternehmensberatung.com\/blog\/beratung-verzeichnis\/unternehmensberatungen\/unternehmensberatung-braunschweig\/internet-unternehmensberatung-braunschweig\/\">e-Business Unternehmensberatung Braunschweig<\/a><\/p>\n<p><a href=\"https:\/\/www.e-business-unternehmensberatung.com\/blog\/beratung-verzeichnis\/unternehmensberatungen\/unternehmensberatung-braunschweig\/ihk-braunschweig\/\">IHK Braunschweig<\/a><\/p>\n","protected":false},"excerpt":{"rendered":"<p>Consulting Informationen und Beratungsangebote der e-Business Unternehmensberatung und weiterer Unternehmensberater in Braunschweig Sie suchen nach den erfolgreichsten Wegen und Strategien um im Internet neue Kunden zu gewinnen? Sie m\u00f6chten mit Ihren bestehenden Kunden bessere Ergebnisse realisieren und innovative Marketingstrategien optimal in Ihr Gesch\u00e4ftskonzept integrieren? Die e-Business Unternehmensberatung zeigt Ihnen diese Wege und f\u00fchrt Sie zielsicher [&hellip;]<\/p>\n","protected":false},"author":1,"featured_media":0,"parent":23,"menu_order":8,"comment_status":"open","ping_status":"open","template":"","meta":{"_monsterinsights_skip_tracking":false,"_monsterinsights_sitenote_active":false,"_monsterinsights_sitenote_note":"","_monsterinsights_sitenote_category":0,"footnotes":""},"class_list":["post-41","page","type-page","status-publish","hentry"],"aioseo_notices":[],"_links":{"self":[{"href":"https:\/\/www.e-business-unternehmensberatung.com\/blog\/wp-json\/wp\/v2\/pages\/41","targetHints":{"allow":["GET"]}}],"collection":[{"href":"https:\/\/www.e-business-unternehmensberatung.com\/blog\/wp-json\/wp\/v2\/pages"}],"about":[{"href":"https:\/\/www.e-business-unternehmensberatung.com\/blog\/wp-json\/wp\/v2\/types\/page"}],"author":[{"embeddable":true,"href":"https:\/\/www.e-business-unternehmensberatung.com\/blog\/wp-json\/wp\/v2\/users\/1"}],"replies":[{"embeddable":true,"href":"https:\/\/www.e-business-unternehmensberatung.com\/blog\/wp-json\/wp\/v2\/comments?post=41"}],"version-history":[{"count":0,"href":"https:\/\/www.e-business-unternehmensberatung.com\/blog\/wp-json\/wp\/v2\/pages\/41\/revisions"}],"up":[{"embeddable":true,"href":"https:\/\/www.e-business-unternehmensberatung.com\/blog\/wp-json\/wp\/v2\/pages\/23"}],"wp:attachment":[{"href":"https:\/\/www.e-business-unternehmensberatung.com\/blog\/wp-json\/wp\/v2\/media?parent=41"}],"curies":[{"name":"wp","href":"https:\/\/api.w.org\/{rel}","templated":true}]}}