{"id":416,"date":"2009-07-13T22:06:13","date_gmt":"2009-07-13T20:06:13","guid":{"rendered":"http:\/\/www.e-business-unternehmensberatung.com\/blog\/?page_id=416"},"modified":"2011-03-02T21:08:24","modified_gmt":"2011-03-02T19:08:24","slug":"webdesign-consulting-potsdam","status":"publish","type":"page","link":"https:\/\/www.e-business-unternehmensberatung.com\/blog\/beratung-verzeichnis\/unternehmensberatungen\/unternehmensberatung-potsdam\/webdesign-consulting-potsdam\/","title":{"rendered":"Webdesign-Consulting Potsdam"},"content":{"rendered":"<p><a href=\"https:\/\/www.e-business-unternehmensberatung.com\/blog\/wp-content\/uploads\/2009\/07\/Internetberatung-Webseitenoptimierung1.jpg\"><img loading=\"lazy\" decoding=\"async\" class=\"aligncenter size-full wp-image-1747\" title=\"Webdesign Consulting Potsdam\" src=\"https:\/\/www.e-business-unternehmensberatung.com\/blog\/wp-content\/uploads\/2009\/07\/Internetberatung-Webseitenoptimierung1.jpg\" alt=\"Webdesign Consulting Potsdam\" width=\"190\" height=\"120\" \/><\/a><\/p>\n<p>Die e-Business Unternehmensberatung.<\/p>\n<p>Gutes Webdesign f\u00fcr Menschen und Suchmaschinen. Dies ist die Grundlage f\u00fcr au\u00dfergew\u00f6hnlichen e-Business Erfolg. Die Kombination aus intuitivem und innovativem Webdesign mit der richtigen Internet-Strategie ist das Know How der e-Business Unternehmensberatung. Von der Planung bis zur Umsetzung ihrer Internetpr\u00e4sentation sind wir Ihr Partner, der daf\u00fcr sorgt, das Sie im e-Business immer die Nase vorn behalten.<\/p>\n<p><a href=\"https:\/\/www.e-business-unternehmensberatung.com\/blog\/unsere-beratungsleistungen\/\">Hier sehen Sie unsere Beratungsleistungen.<\/a><\/p>\n<p>Spechen Sie uns einfach an:<\/p>\n<p>info(at)e-business-unternehmensberatung.com<\/p>\n","protected":false},"excerpt":{"rendered":"<p>Die e-Business Unternehmensberatung. Gutes Webdesign f\u00fcr Menschen und Suchmaschinen. Dies ist die Grundlage f\u00fcr au\u00dfergew\u00f6hnlichen e-Business Erfolg. Die Kombination aus intuitivem und innovativem Webdesign mit der richtigen Internet-Strategie ist das Know How der e-Business Unternehmensberatung. Von der Planung bis zur Umsetzung ihrer Internetpr\u00e4sentation sind wir Ihr Partner, der daf\u00fcr sorgt, das Sie im e-Business immer [&hellip;]<\/p>\n","protected":false},"author":1,"featured_media":0,"parent":415,"menu_order":0,"comment_status":"closed","ping_status":"open","template":"","meta":{"_monsterinsights_skip_tracking":false,"_monsterinsights_sitenote_active":false,"_monsterinsights_sitenote_note":"","_monsterinsights_sitenote_category":0,"footnotes":""},"class_list":["post-416","page","type-page","status-publish","hentry"],"aioseo_notices":[],"_links":{"self":[{"href":"https:\/\/www.e-business-unternehmensberatung.com\/blog\/wp-json\/wp\/v2\/pages\/416","targetHints":{"allow":["GET"]}}],"collection":[{"href":"https:\/\/www.e-business-unternehmensberatung.com\/blog\/wp-json\/wp\/v2\/pages"}],"about":[{"href":"https:\/\/www.e-business-unternehmensberatung.com\/blog\/wp-json\/wp\/v2\/types\/page"}],"author":[{"embeddable":true,"href":"https:\/\/www.e-business-unternehmensberatung.com\/blog\/wp-json\/wp\/v2\/users\/1"}],"replies":[{"embeddable":true,"href":"https:\/\/www.e-business-unternehmensberatung.com\/blog\/wp-json\/wp\/v2\/comments?post=416"}],"version-history":[{"count":0,"href":"https:\/\/www.e-business-unternehmensberatung.com\/blog\/wp-json\/wp\/v2\/pages\/416\/revisions"}],"up":[{"embeddable":true,"href":"https:\/\/www.e-business-unternehmensberatung.com\/blog\/wp-json\/wp\/v2\/pages\/415"}],"wp:attachment":[{"href":"https:\/\/www.e-business-unternehmensberatung.com\/blog\/wp-json\/wp\/v2\/media?parent=416"}],"curies":[{"name":"wp","href":"https:\/\/api.w.org\/{rel}","templated":true}]}}