{"id":417,"date":"2009-07-15T10:38:56","date_gmt":"2009-07-15T08:38:56","guid":{"rendered":"http:\/\/www.e-business-unternehmensberatung.com\/blog\/?page_id=417"},"modified":"2009-07-15T10:43:02","modified_gmt":"2009-07-15T08:43:02","slug":"uniclever-ev-die-studentische-unternehmensberatung-der-universitaet-potsdam","status":"publish","type":"page","link":"https:\/\/www.e-business-unternehmensberatung.com\/blog\/beratung-verzeichnis\/unternehmensberatungen\/unternehmensberatung-potsdam\/uniclever-ev-die-studentische-unternehmensberatung-der-universitaet-potsdam\/","title":{"rendered":"uniClever e.V. &#8211; Die studentische Unternehmensberatung der Universit\u00e4t Potsdam"},"content":{"rendered":"<p><span><a href=\"https:\/\/www.e-business-unternehmensberatung.com\/blog\/wp-content\/uploads\/2009\/07\/logo.jpg\"><img loading=\"lazy\" decoding=\"async\" class=\"aligncenter size-medium wp-image-418\" title=\"logo\" src=\"https:\/\/www.e-business-unternehmensberatung.com\/blog\/wp-content\/uploads\/2009\/07\/logo-300x97.jpg\" alt=\"\" width=\"300\" height=\"97\" srcset=\"https:\/\/www.e-business-unternehmensberatung.com\/blog\/wp-content\/uploads\/2009\/07\/logo-300x97.jpg 300w, https:\/\/www.e-business-unternehmensberatung.com\/blog\/wp-content\/uploads\/2009\/07\/logo.jpg 482w\" sizes=\"auto, (max-width: 300px) 100vw, 300px\" \/><\/a><\/span><\/p>\n<p>1998 gegr\u00fcndet, schl\u00e4gt uniClever die Br\u00fccke zwischen Theorie und Praxis f\u00fcr Studenten sowie forschungsnaher Lehre und kreativ, innovativen Konzepten f\u00fcr Unternehmen.<\/p>\n<p>Studenten aus verschiedenen Fachbereichen engagieren sich bei uniClever. Diese Interdisziplinarit\u00e4t macht die Arbeit bei uniClever nicht nur sehr abwechslungsreich, sondern ist auch ein wesentlicher Faktor unseres Erfolges: F\u00fcr jedes Problem haben wir einen Experten und gleichzeitig entstehen die besten L\u00f6sungen aus dem Dialog der Denkweisen.<\/p>\n<p>Die Vorteile f\u00fcr Unternehmen sind klar: Wir erarbeiten mit viel Engagement ma\u00dfgeschneiderte L\u00f6sungen. Studentische Unternehmensberatung, das hei\u00dft kosteng\u00fcnstiges, kompetentes und unkonventionelles Consulting.<\/p>\n<p>Unsere speziellen Fachkompetenzen liegen in:<\/p>\n<p>&#8211; Analysen, Recherchen, Erhebungen<\/p>\n<p>&#8211; Coaching<\/p>\n<p>&#8211; Finanzen<\/p>\n<p>&#8211; Marketing<\/p>\n<p>&#8211; Organisation<\/p>\n<p>&#8211; Personal<\/p>\n<p>Wenn Sie\u00a0unsere Beratung\u00a0jedoch\u00a0in einem anderen Bereich in Anspruch nehmen m\u00f6chten, dann freuen wir uns auf die Herausforderung. Durch unseren Dachverband JCNetwork haben wir die M\u00f6glichkeit auf ein Netzwerk zur\u00fcckzugreifen, welches ein gro\u00dfes Spektrum an Fachkompetenzen bereith\u00e4lt und f\u00fcr Ihr Anliegen eine passende und individuelle L\u00f6sung bietet.<\/p>\n<p>Sind Sie interessiert? Z\u00f6gern Sie nicht uns zu kontaktieren oder unsere Webseite zu besuchen, um mehr Informationen zu erhalten.<\/p>\n<p><span lang=\"EN-GB\">phone: (0176) 35 63 86 25<\/span><\/p>\n<p>mail: <a href=\"mailto:beratung@uniClever.de\"><span style=\"text-decoration: underline;\"><span style=\"color: #0000ff;\"><span style=\"text-decoration: underline;\"><span style=\"color: #0000ff;\"><span lang=\"EN-GB\">beratung@uniClever.de<\/span><\/span><\/span><\/span><\/span><\/a><\/p>\n<p><a href=\"mailto:beratung@uniClever.de\"><span style=\"text-decoration: underline;\"><span style=\"color: #0000ff;\"><span style=\"text-decoration: underline;\"><span style=\"color: #0000ff;\"><\/span><\/span><\/span><\/span><\/a><span lang=\"EN-GB\">page: <\/span><a href=\"http:\/\/www.uniclever.de\/\" target=\"_blank\"><span style=\"text-decoration: underline;\"><span style=\"color: #0000ff;\"><span style=\"text-decoration: underline;\"><span style=\"color: #0000ff;\"><span lang=\"EN-GB\">www.uniclever.de<\/span><\/span><\/span><\/span><\/span><\/a><\/p>\n","protected":false},"excerpt":{"rendered":"<p>1998 gegr\u00fcndet, schl\u00e4gt uniClever die Br\u00fccke zwischen Theorie und Praxis f\u00fcr Studenten sowie forschungsnaher Lehre und kreativ, innovativen Konzepten f\u00fcr Unternehmen. Studenten aus verschiedenen Fachbereichen engagieren sich bei uniClever. Diese Interdisziplinarit\u00e4t macht die Arbeit bei uniClever nicht nur sehr abwechslungsreich, sondern ist auch ein wesentlicher Faktor unseres Erfolges: F\u00fcr jedes Problem haben wir einen Experten [&hellip;]<\/p>\n","protected":false},"author":1,"featured_media":0,"parent":415,"menu_order":2,"comment_status":"closed","ping_status":"open","template":"","meta":{"_monsterinsights_skip_tracking":false,"_monsterinsights_sitenote_active":false,"_monsterinsights_sitenote_note":"","_monsterinsights_sitenote_category":0,"footnotes":""},"class_list":["post-417","page","type-page","status-publish","hentry"],"aioseo_notices":[],"_links":{"self":[{"href":"https:\/\/www.e-business-unternehmensberatung.com\/blog\/wp-json\/wp\/v2\/pages\/417","targetHints":{"allow":["GET"]}}],"collection":[{"href":"https:\/\/www.e-business-unternehmensberatung.com\/blog\/wp-json\/wp\/v2\/pages"}],"about":[{"href":"https:\/\/www.e-business-unternehmensberatung.com\/blog\/wp-json\/wp\/v2\/types\/page"}],"author":[{"embeddable":true,"href":"https:\/\/www.e-business-unternehmensberatung.com\/blog\/wp-json\/wp\/v2\/users\/1"}],"replies":[{"embeddable":true,"href":"https:\/\/www.e-business-unternehmensberatung.com\/blog\/wp-json\/wp\/v2\/comments?post=417"}],"version-history":[{"count":0,"href":"https:\/\/www.e-business-unternehmensberatung.com\/blog\/wp-json\/wp\/v2\/pages\/417\/revisions"}],"up":[{"embeddable":true,"href":"https:\/\/www.e-business-unternehmensberatung.com\/blog\/wp-json\/wp\/v2\/pages\/415"}],"wp:attachment":[{"href":"https:\/\/www.e-business-unternehmensberatung.com\/blog\/wp-json\/wp\/v2\/media?parent=417"}],"curies":[{"name":"wp","href":"https:\/\/api.w.org\/{rel}","templated":true}]}}