{"id":422,"date":"2009-07-28T20:14:20","date_gmt":"2009-07-28T18:14:20","guid":{"rendered":"http:\/\/www.e-business-unternehmensberatung.com\/blog\/?page_id=422"},"modified":"2011-03-02T20:45:51","modified_gmt":"2011-03-02T18:45:51","slug":"webseiten-analyse-website-beratung-deggendorf","status":"publish","type":"page","link":"https:\/\/www.e-business-unternehmensberatung.com\/blog\/beratung-verzeichnis\/unternehmensberatungen\/unternehmensberatung-deggendorf\/webseiten-analyse-website-beratung-deggendorf\/","title":{"rendered":"Webseiten-Analyse Website-Beratung Deggendorf"},"content":{"rendered":"<p><a href=\"https:\/\/www.e-business-unternehmensberatung.com\/blog\/wp-content\/uploads\/2009\/07\/Internetberatung-Webseitenoptimierung.jpg\"><img loading=\"lazy\" decoding=\"async\" class=\"aligncenter size-full wp-image-1680\" title=\"Websiteberatung Deggendorf\" src=\"https:\/\/www.e-business-unternehmensberatung.com\/blog\/wp-content\/uploads\/2009\/07\/Internetberatung-Webseitenoptimierung.jpg\" alt=\"Websiteberatung Deggendorf\" width=\"190\" height=\"120\" \/><\/a><\/p>\n<p>Die e-Business Unternehmensberatung.<\/p>\n<p>Viele Webseiten sehen gut aus, haben aber dennoch keinen Erfolg. Wenige Besucher und oft kein Umsatz oder neue Kontakte. Dies sind die Folgen einer falschen Internetstrategie. Eine gr\u00fcndliche Webseiten-Analyse zeigt hier schnell die Schw\u00e4chen einer Webseite auf. Auf dieser Basis lassen sich oft ohne gro\u00dfe Aufwendungen erstaunliche Ergebnisse in kurzer Zeit erzielen. Dies ist das Know How der e-Business Unternehmensberatung. Von der Wesite-Beratung bis zur Umsetzung ihres ganzen Internet-Marketing sorgen wir daf\u00fcr, das Sie im Internet immer die Nase vorn behalten.<\/p>\n<p><a href=\"https:\/\/www.e-business-unternehmensberatung.com\/blog\/unsere-beratungsleistungen\/\">Hier sehen Sie unsere Beratungsleistungen.<\/a><\/p>\n<p>Rufen Sie uns einfach an:<\/p>\n<p>info(at)e-business-unternehmensberatung.com<\/p>\n","protected":false},"excerpt":{"rendered":"<p>Die e-Business Unternehmensberatung. Viele Webseiten sehen gut aus, haben aber dennoch keinen Erfolg. Wenige Besucher und oft kein Umsatz oder neue Kontakte. Dies sind die Folgen einer falschen Internetstrategie. Eine gr\u00fcndliche Webseiten-Analyse zeigt hier schnell die Schw\u00e4chen einer Webseite auf. Auf dieser Basis lassen sich oft ohne gro\u00dfe Aufwendungen erstaunliche Ergebnisse in kurzer Zeit erzielen. [&hellip;]<\/p>\n","protected":false},"author":8,"featured_media":0,"parent":424,"menu_order":0,"comment_status":"closed","ping_status":"open","template":"","meta":{"_monsterinsights_skip_tracking":false,"_monsterinsights_sitenote_active":false,"_monsterinsights_sitenote_note":"","_monsterinsights_sitenote_category":0,"footnotes":""},"class_list":["post-422","page","type-page","status-publish","hentry"],"aioseo_notices":[],"_links":{"self":[{"href":"https:\/\/www.e-business-unternehmensberatung.com\/blog\/wp-json\/wp\/v2\/pages\/422","targetHints":{"allow":["GET"]}}],"collection":[{"href":"https:\/\/www.e-business-unternehmensberatung.com\/blog\/wp-json\/wp\/v2\/pages"}],"about":[{"href":"https:\/\/www.e-business-unternehmensberatung.com\/blog\/wp-json\/wp\/v2\/types\/page"}],"author":[{"embeddable":true,"href":"https:\/\/www.e-business-unternehmensberatung.com\/blog\/wp-json\/wp\/v2\/users\/8"}],"replies":[{"embeddable":true,"href":"https:\/\/www.e-business-unternehmensberatung.com\/blog\/wp-json\/wp\/v2\/comments?post=422"}],"version-history":[{"count":0,"href":"https:\/\/www.e-business-unternehmensberatung.com\/blog\/wp-json\/wp\/v2\/pages\/422\/revisions"}],"up":[{"embeddable":true,"href":"https:\/\/www.e-business-unternehmensberatung.com\/blog\/wp-json\/wp\/v2\/pages\/424"}],"wp:attachment":[{"href":"https:\/\/www.e-business-unternehmensberatung.com\/blog\/wp-json\/wp\/v2\/media?parent=422"}],"curies":[{"name":"wp","href":"https:\/\/api.w.org\/{rel}","templated":true}]}}