{"id":427,"date":"2009-08-18T13:13:48","date_gmt":"2009-08-18T11:13:48","guid":{"rendered":"http:\/\/www.e-business-unternehmensberatung.com\/blog\/?page_id=427"},"modified":"2011-04-15T07:54:53","modified_gmt":"2011-04-15T05:54:53","slug":"consult-it-ev-studentische-unternehmensberatung-deggendorf","status":"publish","type":"page","link":"https:\/\/www.e-business-unternehmensberatung.com\/blog\/beratung-verzeichnis\/unternehmensberatungen\/unternehmensberatung-deggendorf\/consult-it-ev-studentische-unternehmensberatung-deggendorf\/","title":{"rendered":"consult it! e.V. Studentische Unternehmensberatung Deggendorf"},"content":{"rendered":"<p style=\"text-align: center;\" lang=\"de-DE\"><span style=\"color: #000000;\"><span style=\"font-family: PaddingtonSC,PaddingtonSC,sans-serif;\"><span style=\"font-size: small;\"><span style=\"color: #000000;\"><span style=\"font-size: large;\"><span style=\"color: #000000;\"><span style=\"font-family: Verdana,Verdana,sans-serif;\"><span style=\"font-size: medium;\"><strong><a href=\"https:\/\/www.e-business-unternehmensberatung.com\/blog\/wp-content\/uploads\/2009\/08\/logo-gros.jpg\"><img loading=\"lazy\" decoding=\"async\" class=\"size-medium wp-image-428 aligncenter\" title=\"logo-gros\" src=\"https:\/\/www.e-business-unternehmensberatung.com\/blog\/wp-content\/uploads\/2009\/08\/logo-gros-300x100.jpg\" alt=\"\" width=\"300\" height=\"100\" \/><\/a><\/strong><\/span><\/span><\/span><\/span><\/span><\/span><\/span><\/span><\/p>\n<p style=\"margin-bottom: 0cm; line-height: 0.43cm; widows: 2; orphans: 2;\" lang=\"de-DE\">&nbsp;<\/p>\n<p style=\"margin-bottom: 0cm; line-height: 0.43cm; widows: 2; orphans: 2;\" lang=\"de-DE\"><span style=\"color: #000000;\"><span style=\"font-family: PaddingtonSC,PaddingtonSC,sans-serif;\"><span style=\"font-size: small;\"><span style=\"color: #000000;\"><span style=\"font-size: large;\"><span style=\"color: #000000;\"><span style=\"font-family: Verdana,Verdana,sans-serif;\"><span style=\"font-size: medium;\"><strong> <\/strong><\/span><\/span><\/span><\/span><\/span><\/span><\/span><\/span><\/p>\n<p style=\"margin-bottom: 0cm; line-height: 0.43cm; widows: 2; orphans: 2;\" lang=\"de-DE\"><span style=\"color: #000000;\"><span style=\"font-family: PaddingtonSC,PaddingtonSC,sans-serif;\"><span style=\"font-size: small;\"><span style=\"color: #000000;\"><span style=\"font-size: large;\"><span style=\"color: #000000;\"> <\/span><\/span><\/span><\/span><\/span><\/span><\/p>\n<p style=\"margin-bottom: 0cm; line-height: 0.43cm; widows: 2; orphans: 2;\" lang=\"de-DE\"><span style=\"color: #000000;\"><span style=\"font-family: PaddingtonSC,PaddingtonSC,sans-serif;\"><span style=\"font-size: small;\"><span style=\"color: #000000;\"><span style=\"font-size: large;\"><span style=\"color: #000000;\"><span style=\"font-family: Verdana,Verdana,sans-serif;\"><span style=\"font-size: medium;\">.<\/span><\/span><\/span><\/span><\/span><\/span><\/span><\/span><\/p>\n<p style=\"margin-bottom: 0cm; line-height: 0.43cm; widows: 2; orphans: 2;\" lang=\"de-DE\">&nbsp;<\/p>\n<p style=\"margin-bottom: 0cm; line-height: 0.43cm; widows: 2; orphans: 2;\" lang=\"de-DE\"><span style=\"color: #000000;\"><span style=\"font-family: PaddingtonSC,PaddingtonSC,sans-serif;\"><span style=\"font-size: small;\"><span style=\"color: #000000;\"><span style=\"font-size: large;\"><span style=\"color: #000000;\"><span style=\"font-family: Verdana,Verdana,sans-serif;\"><span style=\"font-size: medium;\"><strong>consult-it!<\/strong><\/span><\/span><\/span><\/span><\/span><span style=\"color: #000000;\"><span style=\"font-size: large;\"><span style=\"color: #000000;\"><span style=\"font-family: Verdana,Verdana,sans-serif;\"><span style=\"font-size: medium;\"> stellt sich vor: <\/span><\/span><\/span><\/span><\/span><\/span><\/span><\/span><\/p>\n<p style=\"margin-bottom: 0cm; widows: 2; orphans: 2;\" lang=\"de-DE\">&nbsp;<\/p>\n<p style=\"margin-bottom: 0cm; line-height: 115%; widows: 2; orphans: 2;\" lang=\"de-DE\"><span style=\"color: #000000;\"><span style=\"font-family: PaddingtonSC,PaddingtonSC,sans-serif;\"><span style=\"font-size: small;\"><span style=\"font-family: Verdana,Verdana,sans-serif;\"><span style=\"font-size: small;\">Wir sind seit 1999 ein innovativer, dyna\u00admischer und zuverl\u00e4ssiger Partner f\u00fcr Ihr Unternehmen. Im Raum Ostbayern un\u00adterst\u00fctzen wir kleine und mittelst\u00e4ndische Unternehmen, sowie Existenzgr\u00fcnder. <\/span><\/span><\/span><\/span><\/span><\/p>\n<p style=\"margin-bottom: 0cm; line-height: 115%; widows: 2; orphans: 2;\" lang=\"de-DE\"><span style=\"color: #000000;\"><span style=\"font-family: PaddingtonSC,PaddingtonSC,sans-serif;\"><span style=\"font-size: small;\"><span style=\"font-family: Verdana,Verdana,sans-serif;\"><span style=\"font-size: small;\">consult-it! bietet seinen Kunden ein breit gef\u00e4chertes Leistungsspektrum, basie\u00adrend auf dem durch die Hochschule De\u00adggendorf vermittelten Fachwissen aus den verschiedenen Studieng\u00e4ngen. <\/span><\/span><\/span><\/span><\/span><\/p>\n<p style=\"margin-bottom: 0cm; line-height: 115%; widows: 2; orphans: 2;\" lang=\"de-DE\"><span style=\"color: #000000;\"><span style=\"font-family: PaddingtonSC,PaddingtonSC,sans-serif;\"><span style=\"font-size: small;\"><span style=\"font-family: Verdana,Verdana,sans-serif;\"><span style=\"font-size: small;\">Unsere Kompetenzen liegen in den Bereichen: <\/span><\/span><\/span><\/span><\/span><\/p>\n<p style=\"margin-bottom: 0cm; line-height: 0.43cm; widows: 2; orphans: 2;\" lang=\"de-DE\">&nbsp;<\/p>\n<ul>\n<li>\n<p style=\"margin-bottom: 0cm; line-height: 115%; widows: 2; orphans: 2;\" lang=\"de-DE\"><span style=\"color: #000000;\"><span style=\"font-family: Verdana,Verdana,sans-serif;\"><span style=\"font-size: small;\">IT-L\u00f6sung <\/span><\/span><\/span><\/p>\n<\/li>\n<li>\n<p style=\"margin-bottom: 0cm; line-height: 115%; widows: 2; orphans: 2;\" lang=\"de-DE\"><span style=\"color: #000000;\"><span style=\"font-family: Verdana,Verdana,sans-serif;\"><span style=\"font-size: small;\">Marketingstrategien <\/span><\/span><\/span><\/p>\n<\/li>\n<li>\n<p style=\"margin-bottom: 0cm; line-height: 115%; widows: 2; orphans: 2;\" lang=\"de-DE\"><span style=\"color: #000000;\"><span style=\"font-family: Verdana,Verdana,sans-serif;\"><span style=\"font-size: small;\">Mediengestaltung <\/span><\/span><\/span><\/p>\n<\/li>\n<li>\n<p style=\"margin-bottom: 0cm; line-height: 115%; widows: 2; orphans: 2;\" lang=\"de-DE\"><span style=\"color: #000000;\"><span style=\"font-family: Verdana,Verdana,sans-serif;\"><span style=\"font-size: small;\">Kundenzufriedenheitsanalysen <\/span><\/span><\/span><\/p>\n<\/li>\n<li>\n<p style=\"margin-bottom: 0cm;\"><span style=\"font-family: Verdana,Verdana,sans-serif;\"><span style=\"font-size: small;\">Kostenkalkulation<\/span><\/span><\/p>\n<\/li>\n<\/ul>\n<p style=\"margin-bottom: 0cm;\">&nbsp;<\/p>\n<p style=\"margin-bottom: 0cm; widows: 2; orphans: 2;\" lang=\"de-DE\">&nbsp;<\/p>\n<p style=\"margin-bottom: 0cm; line-height: 0.43cm; widows: 2; orphans: 2;\" lang=\"de-DE\">&nbsp;<\/p>\n<p style=\"margin-bottom: 0cm; line-height: 0.43cm; widows: 2; orphans: 2;\" lang=\"de-DE\">.<\/p>\n<p style=\"margin-bottom: 0cm; line-height: 0.43cm; widows: 2; orphans: 2;\" lang=\"de-DE\"><span style=\"color: #000000;\"><span style=\"font-family: PaddingtonSC,PaddingtonSC,sans-serif;\"><span style=\"font-size: small;\"><span style=\"color: #000000;\"><span style=\"font-size: large;\"><span style=\"color: #000000;\"><span style=\"font-family: Verdana,Verdana,sans-serif;\">Die Idee:<\/span><\/span><\/span><\/span><\/span><\/span><\/span><\/p>\n<p style=\"margin-bottom: 0cm; line-height: 0.43cm; widows: 2; orphans: 2;\" lang=\"de-DE\">.<\/p>\n<p style=\"margin-bottom: 0cm; line-height: 0.43cm; widows: 2; orphans: 2;\" lang=\"de-DE\">&nbsp;<\/p>\n<p style=\"margin-bottom: 0cm; widows: 2; orphans: 2;\" lang=\"de-DE\">&nbsp;<\/p>\n<p style=\"margin-bottom: 0cm; line-height: 115%; widows: 2; orphans: 2;\" lang=\"de-DE\"><span style=\"color: #000000;\"><span style=\"font-family: Verdana,Verdana,sans-serif;\"><span style=\"font-size: small;\">Engagierte und motivierte consult-it! <\/span><\/span><\/span><span style=\"font-family: Verdana,Verdana,sans-serif;\"><span style=\"font-size: small;\">Mitglieder schlagen eine Br\u00fccke zwi\u00adschen Theorie und Praxis. Wir stellen Ihnen unser im Studium gewonnenes Wissen in professioneller Projektarbeit zur Verf\u00fcgung.<\/span><\/span><\/p>\n<p style=\"margin-bottom: 0cm;\">.<\/p>\n<p style=\"margin-bottom: 0cm;\">&nbsp;<\/p>\n<p style=\"margin-bottom: 0cm; widows: 2; orphans: 2;\" lang=\"de-DE\">&nbsp;<\/p>\n<p style=\"margin-bottom: 0cm; line-height: 0.43cm; widows: 2; orphans: 2;\" lang=\"de-DE\"><span style=\"color: #000000;\"><span style=\"font-family: PaddingtonSC,PaddingtonSC,sans-serif;\"><span style=\"font-size: small;\"><span style=\"color: #000000;\"><span style=\"font-size: large;\"><span style=\"color: #000000;\"><span style=\"font-family: Verdana,Verdana,sans-serif;\">Kompetenzen: <\/span><\/span><\/span><\/span><\/span><\/span><\/span><\/p>\n<p style=\"margin-bottom: 0cm; line-height: 0.43cm; widows: 2; orphans: 2;\" lang=\"de-DE\">.<\/p>\n<p style=\"margin-bottom: 0cm; line-height: 0.43cm; widows: 2; orphans: 2;\" lang=\"de-DE\">&nbsp;<\/p>\n<p style=\"margin-bottom: 0cm; widows: 2; orphans: 2;\" lang=\"de-DE\">&nbsp;<\/p>\n<p style=\"margin-bottom: 0cm;\"><span style=\"font-family: Verdana,Verdana,sans-serif;\"><span style=\"font-size: small;\">Unser fundiertes Know-how beruht auf gesammelter Berufserfahrung, perma\u00adnenter Weiterbildung und den Kennt\u00adnissen aus erfolgreich abgeschlossenen Projekten. Die F\u00e4higkeiten unserer Mitglieder sind:<\/span><\/span><\/p>\n<p style=\"margin-bottom: 0cm; line-height: 100%;\">&nbsp;<\/p>\n<ul>\n<li>\n<p style=\"margin-bottom: 0cm; line-height: 115%; widows: 2; orphans: 2;\" lang=\"de-DE\"><span style=\"color: #000000;\"><span style=\"font-family: Verdana,Verdana,sans-serif;\"><span style=\"font-size: small;\">Kommunikationsf\u00e4higkeit <\/span><\/span><\/span><\/p>\n<\/li>\n<li>\n<p style=\"margin-bottom: 0cm; line-height: 115%; widows: 2; orphans: 2;\" lang=\"de-DE\"><span style=\"color: #000000;\"><span style=\"font-family: Verdana,Verdana,sans-serif;\"><span style=\"font-size: small;\">Verantwortungsbewusstsein <\/span><\/span><\/span><\/p>\n<\/li>\n<li>\n<p style=\"margin-bottom: 0cm; line-height: 115%; widows: 2; orphans: 2;\" lang=\"de-DE\"><span style=\"color: #000000;\"><span style=\"font-family: Verdana,Verdana,sans-serif;\"><span style=\"font-size: small;\">Teamwork <\/span><\/span><\/span><\/p>\n<\/li>\n<li>\n<p style=\"margin-bottom: 0cm; line-height: 115%; widows: 2; orphans: 2;\" lang=\"de-DE\"><span style=\"color: #000000;\"><span style=\"font-family: Verdana,Verdana,sans-serif;\"><span style=\"font-size: small;\">Kreativit\u00e4t <\/span><\/span><\/span><\/p>\n<\/li>\n<li>\n<p style=\"margin-bottom: 0cm; line-height: 115%; widows: 2; orphans: 2;\" lang=\"de-DE\"><span style=\"color: #000000;\"><span style=\"font-family: Verdana,Verdana,sans-serif;\"><span style=\"font-size: small;\">Flexibilit\u00e4t<\/span><\/span><\/span><\/p>\n<\/li>\n<\/ul>\n<p style=\"margin-bottom: 0cm; widows: 2; orphans: 2;\" lang=\"de-DE\">&nbsp;<\/p>\n<p style=\"margin-bottom: 0cm; line-height: 0.43cm; widows: 2; orphans: 2;\" lang=\"de-DE\">&nbsp;<\/p>\n<p style=\"margin-bottom: 0cm; line-height: 0.43cm; widows: 2; orphans: 2;\" lang=\"de-DE\">.<\/p>\n<p style=\"margin-bottom: 0cm; line-height: 0.43cm; widows: 2; orphans: 2;\" lang=\"de-DE\"><span style=\"color: #000000;\"><span style=\"font-family: PaddingtonSC,PaddingtonSC,sans-serif;\"><span style=\"font-size: small;\"><span style=\"color: #000000;\"><span style=\"font-size: large;\"><span style=\"color: #000000;\">Kontakt:<\/span><\/span><\/span><\/span><\/span><\/span><\/p>\n<p style=\"margin-bottom: 0cm; line-height: 0.43cm; widows: 2; orphans: 2;\" lang=\"de-DE\">.<\/p>\n<p style=\"margin-bottom: 0cm; line-height: 0.43cm; widows: 2; orphans: 2;\" lang=\"de-DE\">&nbsp;<\/p>\n<p style=\"margin-bottom: 0cm; widows: 2; orphans: 2;\" lang=\"de-DE\">&nbsp;<\/p>\n<p style=\"margin-bottom: 0cm; line-height: 100%;\"><span style=\"font-family: Verdana,Verdana,sans-serif;\"><span style=\"font-size: small;\">consult-it! e.V.<\/span><\/span><\/p>\n<p style=\"margin-bottom: 0cm; line-height: 100%;\"><span style=\"font-family: Verdana,Verdana,sans-serif;\"><span style=\"font-size: small;\">Geb\u00e4udeteil D &#8211; Raum 118<\/span><\/span><\/p>\n<p style=\"margin-bottom: 0cm; line-height: 100%;\"><span style=\"font-family: Verdana,Verdana,sans-serif;\"><span style=\"font-size: small;\">Edlmairstra\u00dfe 6 + 8<\/span><\/span><\/p>\n<p style=\"margin-bottom: 0cm; line-height: 100%;\"><span style=\"font-family: Verdana,Verdana,sans-serif;\"><span style=\"font-size: small;\">94469 Deggendorf<\/span><\/span><\/p>\n<p style=\"margin-bottom: 0cm; line-height: 100%;\">&nbsp;<\/p>\n<p style=\"margin-bottom: 0cm; line-height: 100%;\">&nbsp;<\/p>\n<p style=\"margin-bottom: 0cm; line-height: 100%;\">.<\/p>\n<p style=\"margin-bottom: 0cm; line-height: 100%;\"><span style=\"font-family: Verdana,Verdana,sans-serif;\"><span style=\"font-size: small;\">Email: <a href=\"mailto:kontakt@consult-it-online.de\">kontakt@consult-it-online.de<\/a><\/span><\/span><\/p>\n<p style=\"margin-bottom: 0cm; line-height: 100%;\"><span style=\"font-family: Verdana,Verdana,sans-serif;\"><span style=\"font-size: small;\">web: <a href=\"http:\/\/www.consult-it-online.de\" target=\"_blank\">www.consult-it-online.de<\/a><\/span><\/span><\/p>\n<p style=\"margin-bottom: 0cm; line-height: 100%;\">&nbsp;<\/p>\n<p style=\"margin-bottom: 0cm; line-height: 100%;\">&nbsp;<\/p>\n<p style=\"margin-bottom: 0cm; line-height: 100%;\">.<\/p>\n<p style=\"margin-bottom: 0cm; line-height: 100%;\"><span style=\"font-family: Verdana,Verdana,sans-serif;\"><span style=\"font-size: small;\">Fon: +49 (0)700 1161 1161*<\/span><\/span><\/p>\n<p style=\"margin-bottom: 0cm; line-height: 100%;\"><span style=\"font-family: Verdana,Verdana,sans-serif;\"><span style=\"font-size: small;\">Fax: +49 (0)700 1161 1161*<\/span><\/span><\/p>\n<p style=\"margin-bottom: 0cm; line-height: 100%;\"><span style=\"font-family: Verdana,Verdana,sans-serif;\"><span style=\"font-size: small;\">*0,12 EUR HZ\/Min. &#8211; 0,06 EUR NZ\/Min. aus dem Festnetz der Dt. Telekom <\/span><\/span><\/p>\n<p style=\"margin-bottom: 0cm; line-height: 100%;\"><span style=\"font-family: Verdana,Verdana,sans-serif;\"><span style=\"font-size: small;\">Mobilfunk abweichend<\/span><\/span><\/p>\n<p style=\"margin-bottom: 0cm; widows: 2; orphans: 2;\" lang=\"de-DE\">&nbsp;<\/p>\n","protected":false},"excerpt":{"rendered":"<p>&nbsp; . &nbsp; consult-it! stellt sich vor: &nbsp; Wir sind seit 1999 ein innovativer, dyna\u00admischer und zuverl\u00e4ssiger Partner f\u00fcr Ihr Unternehmen. Im Raum Ostbayern un\u00adterst\u00fctzen wir kleine und mittelst\u00e4ndische Unternehmen, sowie Existenzgr\u00fcnder. consult-it! bietet seinen Kunden ein breit gef\u00e4chertes Leistungsspektrum, basie\u00adrend auf dem durch die Hochschule De\u00adggendorf vermittelten Fachwissen aus den verschiedenen Studieng\u00e4ngen. Unsere Kompetenzen [&hellip;]<\/p>\n","protected":false},"author":8,"featured_media":0,"parent":424,"menu_order":2,"comment_status":"closed","ping_status":"open","template":"","meta":{"_monsterinsights_skip_tracking":false,"_monsterinsights_sitenote_active":false,"_monsterinsights_sitenote_note":"","_monsterinsights_sitenote_category":0,"footnotes":""},"class_list":["post-427","page","type-page","status-publish","hentry"],"aioseo_notices":[],"_links":{"self":[{"href":"https:\/\/www.e-business-unternehmensberatung.com\/blog\/wp-json\/wp\/v2\/pages\/427","targetHints":{"allow":["GET"]}}],"collection":[{"href":"https:\/\/www.e-business-unternehmensberatung.com\/blog\/wp-json\/wp\/v2\/pages"}],"about":[{"href":"https:\/\/www.e-business-unternehmensberatung.com\/blog\/wp-json\/wp\/v2\/types\/page"}],"author":[{"embeddable":true,"href":"https:\/\/www.e-business-unternehmensberatung.com\/blog\/wp-json\/wp\/v2\/users\/8"}],"replies":[{"embeddable":true,"href":"https:\/\/www.e-business-unternehmensberatung.com\/blog\/wp-json\/wp\/v2\/comments?post=427"}],"version-history":[{"count":0,"href":"https:\/\/www.e-business-unternehmensberatung.com\/blog\/wp-json\/wp\/v2\/pages\/427\/revisions"}],"up":[{"embeddable":true,"href":"https:\/\/www.e-business-unternehmensberatung.com\/blog\/wp-json\/wp\/v2\/pages\/424"}],"wp:attachment":[{"href":"https:\/\/www.e-business-unternehmensberatung.com\/blog\/wp-json\/wp\/v2\/media?parent=427"}],"curies":[{"name":"wp","href":"https:\/\/api.w.org\/{rel}","templated":true}]}}