{"id":436,"date":"2009-09-03T12:19:39","date_gmt":"2009-09-03T10:19:39","guid":{"rendered":"http:\/\/www.e-business-unternehmensberatung.com\/blog\/?page_id=436"},"modified":"2014-01-06T18:53:45","modified_gmt":"2014-01-06T16:53:45","slug":"sidum-ev-studentische-unternehmensberatung-an-der-universitaet-magdeburg","status":"publish","type":"page","link":"https:\/\/www.e-business-unternehmensberatung.com\/blog\/beratung-verzeichnis\/unternehmensberatungen\/unternehmensberatung-magdeburg\/sidum-ev-studentische-unternehmensberatung-an-der-universitaet-magdeburg\/","title":{"rendered":"SIDUM e.V. &#8211; Studentische Unternehmensberatung an der Universit\u00e4t Magdeburg"},"content":{"rendered":"<p><a href=\"https:\/\/www.e-business-unternehmensberatung.com\/blog\/wp-content\/uploads\/2009\/09\/sidum-ev-logo.jpg\"><img loading=\"lazy\" decoding=\"async\" class=\"aligncenter size-full wp-image-437\" title=\"sidum-ev-logo\" alt=\"\" src=\"https:\/\/www.e-business-unternehmensberatung.com\/blog\/wp-content\/uploads\/2009\/09\/sidum-ev-logo.jpg\" width=\"500\" height=\"188\" srcset=\"https:\/\/www.e-business-unternehmensberatung.com\/blog\/wp-content\/uploads\/2009\/09\/sidum-ev-logo.jpg 884w, https:\/\/www.e-business-unternehmensberatung.com\/blog\/wp-content\/uploads\/2009\/09\/sidum-ev-logo-300x113.jpg 300w\" sizes=\"auto, (max-width: 500px) 100vw, 500px\" \/><\/a><\/p>\n<p>SIDUM e.V. &#8211; Studentische Unternehmensberatung an der Universit\u00e4t Magdeburg<\/p>\n<p>Unser interdisziplin\u00e4r aufgestelltes Team ber\u00e4t seit dem Jahr 2000 erfolgreich Unternehmen. Die Vision von damals gilt auch heute noch: \u201eAls studentische Unternehmensberatung haben wir uns das Ziel gesetzt, die L\u00fccke zwischen universit\u00e4rer Lehre und deren praktischen Anwendung zu schlie\u00dfen.\u201c<br \/>\nF\u00fcr Sie bedeutet das, von einer innovativen Beratung und einem fairen Preis-Leistungsverh\u00e4ltnis zu profitieren.<\/p>\n<p>Vielfalt ist unsere St\u00e4rke<br \/>\nAls studentische Unternehmensberatung lebt unser Angebot vom universit\u00e4ren Wissen und dem Know-how, das sich unsere Mitglieder in- und au\u00dferhalb des Vereins angeeignet haben. Bisher haben wir Projekte zu folgenden Themen durchgef\u00fchrt:<br \/>\n\u00b7\u00a0\u00a0 \u00a0Unternehmensstrategie (z.B. Outsourcing- und Standort-Analyse)<br \/>\n\u00b7\u00a0\u00a0 \u00a0Prozessoptimierung<br \/>\n\u00b7\u00a0\u00a0 \u00a0Marketing (z.B. Marketing- und KundenzufriedenheitsAnalyse)<br \/>\n\u00b7\u00a0\u00a0 \u00a0Investition und Finanzierung (z.B. Businessplan-Erstellung und Kostenoptimierung)<br \/>\n\u00b7\u00a0\u00a0 \u00a0Personalschulungen<\/p>\n<p>Das Potential unserer Mitglieder ist damit nicht ersch\u00f6pft!<br \/>\nIst Ihre gew\u00fcnschte Dienstleistung nicht aufgef\u00fchrt, dann kontaktieren Sie uns und wir werden f\u00fcr Sie ein individuelles Beraterteam zusammenstellen, welches Ihren Erwartungen entspricht.<\/p>\n<p>Weitere Informationen finden Sie auf unserer Website www.sidum.de<br \/>\nF\u00fcr Fragen und Auftr\u00e4ge schreiben Sie uns eine E-mail info@sidum.de<br \/>\noder rufen Sie uns an.<\/p>\n<p>Wir freuen uns auf Sie!<\/p>\n","protected":false},"excerpt":{"rendered":"<p>SIDUM e.V. &#8211; Studentische Unternehmensberatung an der Universit\u00e4t Magdeburg Unser interdisziplin\u00e4r aufgestelltes Team ber\u00e4t seit dem Jahr 2000 erfolgreich Unternehmen. Die Vision von damals gilt auch heute noch: \u201eAls studentische Unternehmensberatung haben wir uns das Ziel gesetzt, die L\u00fccke zwischen universit\u00e4rer Lehre und deren praktischen Anwendung zu schlie\u00dfen.\u201c F\u00fcr Sie bedeutet das, von einer innovativen [&hellip;]<\/p>\n","protected":false},"author":8,"featured_media":0,"parent":82,"menu_order":3,"comment_status":"closed","ping_status":"open","template":"","meta":{"_monsterinsights_skip_tracking":false,"_monsterinsights_sitenote_active":false,"_monsterinsights_sitenote_note":"","_monsterinsights_sitenote_category":0,"footnotes":""},"class_list":["post-436","page","type-page","status-publish","hentry"],"aioseo_notices":[],"_links":{"self":[{"href":"https:\/\/www.e-business-unternehmensberatung.com\/blog\/wp-json\/wp\/v2\/pages\/436","targetHints":{"allow":["GET"]}}],"collection":[{"href":"https:\/\/www.e-business-unternehmensberatung.com\/blog\/wp-json\/wp\/v2\/pages"}],"about":[{"href":"https:\/\/www.e-business-unternehmensberatung.com\/blog\/wp-json\/wp\/v2\/types\/page"}],"author":[{"embeddable":true,"href":"https:\/\/www.e-business-unternehmensberatung.com\/blog\/wp-json\/wp\/v2\/users\/8"}],"replies":[{"embeddable":true,"href":"https:\/\/www.e-business-unternehmensberatung.com\/blog\/wp-json\/wp\/v2\/comments?post=436"}],"version-history":[{"count":0,"href":"https:\/\/www.e-business-unternehmensberatung.com\/blog\/wp-json\/wp\/v2\/pages\/436\/revisions"}],"up":[{"embeddable":true,"href":"https:\/\/www.e-business-unternehmensberatung.com\/blog\/wp-json\/wp\/v2\/pages\/82"}],"wp:attachment":[{"href":"https:\/\/www.e-business-unternehmensberatung.com\/blog\/wp-json\/wp\/v2\/media?parent=436"}],"curies":[{"name":"wp","href":"https:\/\/api.w.org\/{rel}","templated":true}]}}