{"id":46,"date":"2008-06-24T11:40:32","date_gmt":"2008-06-24T09:40:32","guid":{"rendered":"http:\/\/e-business-unternehmensberatung.com\/blog\/?page_id=46"},"modified":"2013-01-30T21:50:33","modified_gmt":"2013-01-30T19:50:33","slug":"unternehmensberatung-darmstadt","status":"publish","type":"page","link":"https:\/\/www.e-business-unternehmensberatung.com\/blog\/beratung-verzeichnis\/unternehmensberatungen\/unternehmensberatung-darmstadt\/","title":{"rendered":"Unternehmensberatung Darmstadt"},"content":{"rendered":"<h4>Consulting Informationen und Beratungsangebote der e-Business Unternehmensberatung und weiterer Unternehmensberater in Darmstadt<\/h4>\n<p><a href=\"https:\/\/www.e-business-unternehmensberatung.com\/blog\/wp-content\/uploads\/2008\/06\/Unternehmensberater-Darmstadt.png\"><img loading=\"lazy\" decoding=\"async\" class=\"alignright size-full wp-image-3430\" title=\"Unternehmensberater Darmstadt\" src=\"https:\/\/www.e-business-unternehmensberatung.com\/blog\/wp-content\/uploads\/2008\/06\/Unternehmensberater-Darmstadt.png\" alt=\"Unternehmensberater in Darmstadt\" width=\"77\" height=\"75\" \/><\/a>Sie suchen nach den erfolgreichsten Wegen und Strategien um im Internet neue Kunden zu gewinnen? Sie m\u00f6chten mit Ihren bestehenden Kunden bessere Ergebnisse realisieren und innovative Marketingstrategien optimal in Ihr Gesch\u00e4ftskonzept integrieren? Die e-Business Unternehmensberatung zeigt Ihnen diese Wege und f\u00fchrt Sie zielsicher zum Erfolg. Von der Webseite oder dem Shopsystem, der Suchmaschinenoptimierung und Suchmaschinen- Internetmarketing bis zu den sozialen Netzwerken. Die e-Business Unternehmensberatung zeigt Ihnen wie es geht. Hier sehen Sie mehr zu unseren\u00a0<a title=\"Unternehmensberater in Darmstadt\" href=\"https:\/\/www.e-business-unternehmensberatung.com\/blog\/unsere-beratungsleistungen\/\">Beratungsleistungen<\/a>. Wir freuen uns auf Ihren Anruf!<\/p>\n<p>.<\/p>\n<div id=\"attachment_1516\" style=\"width: 120px\" class=\"wp-caption alignleft\"><a href=\"https:\/\/www.e-business-unternehmensberatung.com\/blog\/wp-content\/uploads\/2008\/06\/Darmstadt-Unternehmensberatungen.jpg\"><img loading=\"lazy\" decoding=\"async\" aria-describedby=\"caption-attachment-1516\" class=\"size-full wp-image-1516\" title=\"Darmstadt Unternehmensberatungen\" src=\"https:\/\/www.e-business-unternehmensberatung.com\/blog\/wp-content\/uploads\/2008\/06\/Darmstadt-Unternehmensberatungen.jpg\" alt=\"Darmstadt Unternehmensberatungen\" width=\"110\" height=\"73\" \/><\/a><p id=\"caption-attachment-1516\" class=\"wp-caption-text\">Historisch \u00a9 Frankwalker.de Fotolia<\/p><\/div>\n<p>Darmstadt, mit ca. 142.000 Einwohnern die viertgr\u00f6\u00dfte Stadt in Hessen liegt im direkten Einzugsgebiet von Rhein-Main und profitiert von einem entsprechend gro\u00dfen Spektrum an Nachbarst\u00e4dten mit wirtschaftlichem Potential. Die Wirtschaft von Darmstadt wird im wesentlichen gepr\u00e4gt von den Branchen IT, Chemie Pharma, Maschinenbau und Mechatronik, Haarkosmetik und Weltraum- und Sattelitentechnik. Bekannte ans\u00e4ssige Unternehmen sind Merck, Wella, R\u00f6hm, D\u00f6hler, Goldwell und Software AG. Durch die gute Infrastruktur und international agierenden Unternehmen hat sich auch in Darmstadt ein vitale Dienstleistungsszene etabliert und bietet f\u00fcr Unternehmensberater eine attraktive Adresse um von Darmstadt auch die Nachbarzentren, Frankfurt am Main, Mainz, Wiesbaden und Mannheim zu erreichen.<\/p>\n<p>Wenn Sie selbst Unternehmensberater in Darmstadt und Umgebung sind und als Netzwerkpartner der e-Business Unternehmensberatung eine eigene erfolgreiche Pr\u00e4sentationsseite \/ Verlinkung im Bereich Unternehmensberatung Darmstadt nutzen m\u00f6chten, lesen Sie bitte die Informationen auf unserer Seite <a title=\"Unternehmensberatung Partner  werden\" href=\"https:\/\/www.e-business-unternehmensberatung.com\/blog\/netzwerk-partner-werden\/\" target=\"_blank\">Netzwerkpartner werden<\/a>.<\/p>\n<p>Finden Sie hier weitere Ansprechpartner f\u00fcr ihre Region.<\/p>\n<p><a href=\"https:\/\/www.e-business-unternehmensberatung.com\/blog\/beratung-verzeichnis\/unternehmensberatungen\/unternehmensberatung-darmstadt\/professionelle-suchmaschinen-optimierung-darmstadt\/\">e-Business Unternehmensberatung Darmstadt<\/a><\/p>\n<p><a href=\"https:\/\/www.e-business-unternehmensberatung.com\/blog\/beratung-verzeichnis\/unternehmensberatungen\/unternehmensberatung-darmstadt\/ihk-darmstadt\/\">IHK Darmstadt<\/a><\/p>\n","protected":false},"excerpt":{"rendered":"<p>Consulting Informationen und Beratungsangebote der e-Business Unternehmensberatung und weiterer Unternehmensberater in Darmstadt Sie suchen nach den erfolgreichsten Wegen und Strategien um im Internet neue Kunden zu gewinnen? Sie m\u00f6chten mit Ihren bestehenden Kunden bessere Ergebnisse realisieren und innovative Marketingstrategien optimal in Ihr Gesch\u00e4ftskonzept integrieren? Die e-Business Unternehmensberatung zeigt Ihnen diese Wege und f\u00fchrt Sie zielsicher [&hellip;]<\/p>\n","protected":false},"author":1,"featured_media":0,"parent":23,"menu_order":12,"comment_status":"open","ping_status":"open","template":"","meta":{"_monsterinsights_skip_tracking":false,"_monsterinsights_sitenote_active":false,"_monsterinsights_sitenote_note":"","_monsterinsights_sitenote_category":0,"footnotes":""},"class_list":["post-46","page","type-page","status-publish","hentry"],"aioseo_notices":[],"_links":{"self":[{"href":"https:\/\/www.e-business-unternehmensberatung.com\/blog\/wp-json\/wp\/v2\/pages\/46","targetHints":{"allow":["GET"]}}],"collection":[{"href":"https:\/\/www.e-business-unternehmensberatung.com\/blog\/wp-json\/wp\/v2\/pages"}],"about":[{"href":"https:\/\/www.e-business-unternehmensberatung.com\/blog\/wp-json\/wp\/v2\/types\/page"}],"author":[{"embeddable":true,"href":"https:\/\/www.e-business-unternehmensberatung.com\/blog\/wp-json\/wp\/v2\/users\/1"}],"replies":[{"embeddable":true,"href":"https:\/\/www.e-business-unternehmensberatung.com\/blog\/wp-json\/wp\/v2\/comments?post=46"}],"version-history":[{"count":0,"href":"https:\/\/www.e-business-unternehmensberatung.com\/blog\/wp-json\/wp\/v2\/pages\/46\/revisions"}],"up":[{"embeddable":true,"href":"https:\/\/www.e-business-unternehmensberatung.com\/blog\/wp-json\/wp\/v2\/pages\/23"}],"wp:attachment":[{"href":"https:\/\/www.e-business-unternehmensberatung.com\/blog\/wp-json\/wp\/v2\/media?parent=46"}],"curies":[{"name":"wp","href":"https:\/\/api.w.org\/{rel}","templated":true}]}}