{"id":52,"date":"2008-06-24T11:53:36","date_gmt":"2008-06-24T09:53:36","guid":{"rendered":"http:\/\/e-business-unternehmensberatung.com\/blog\/?page_id=52"},"modified":"2013-01-30T21:52:11","modified_gmt":"2013-01-30T19:52:11","slug":"unternehmensberatung-duesseldorf","status":"publish","type":"page","link":"https:\/\/www.e-business-unternehmensberatung.com\/blog\/beratung-verzeichnis\/unternehmensberatungen\/unternehmensberatung-duesseldorf\/","title":{"rendered":"Unternehmensberatung D\u00fcsseldorf"},"content":{"rendered":"<h4>Consulting Informationen und Beratungsangebote der e-Business Unternehmensberatung und weiterer Unternehmensberater in D\u00fcsseldorf<\/h4>\n<p><a href=\"https:\/\/www.e-business-unternehmensberatung.com\/blog\/wp-content\/uploads\/2008\/06\/Unternehmensberater-D%C3%BCsseldorf.png\"><img loading=\"lazy\" decoding=\"async\" class=\"alignright size-full wp-image-3035\" title=\"Unternehmensberater D\u00fcsseldorf\" src=\"https:\/\/www.e-business-unternehmensberatung.com\/blog\/wp-content\/uploads\/2008\/06\/Unternehmensberater-D%C3%BCsseldorf.png\" alt=\"Unternehmensberater in D\u00fcsseldorf\" width=\"77\" height=\"75\" \/><\/a>Sie suchen nach den erfolgreichsten Wegen und Strategien um im Internet neue Kunden zu gewinnen? Sie m\u00f6chten mit Ihren bestehenden Kunden bessere Ergebnisse realisieren und innovative Marketingstrategien optimal in Ihr Gesch\u00e4ftskonzept integrieren? Die e-Business Unternehmensberatung zeigt Ihnen diese Wege und f\u00fchrt Sie zielsicher zum Erfolg. Von der Webseite oder dem Shopsystem, der Suchmaschinenoptimierung und Suchmaschinen- Internetmarketing bis zu den sozialen Netzwerken. Die e-Business Unternehmensberatung zeigt Ihnen wie es geht. Hier sehen Sie mehr zu unseren <a title=\"Unternehmensberater in D\u00fcsseldorf\" href=\"https:\/\/www.e-business-unternehmensberatung.com\/blog\/unsere-beratungsleistungen\/\">Beratungsleistungen<\/a>. Wir freuen uns auf Ihren Anruf!<\/p>\n<p>.<\/p>\n<div id=\"attachment_1523\" style=\"width: 310px\" class=\"wp-caption alignleft\"><a href=\"https:\/\/www.e-business-unternehmensberatung.com\/blog\/wp-content\/uploads\/2008\/06\/Duesseldorf-Unternehmensberatungen.jpg\"><img loading=\"lazy\" decoding=\"async\" aria-describedby=\"caption-attachment-1523\" class=\"size-medium wp-image-1523\" title=\"D\u00fcsseldorf Unternehmensberatungen\" src=\"https:\/\/www.e-business-unternehmensberatung.com\/blog\/wp-content\/uploads\/2008\/06\/Duesseldorf-Unternehmensberatungen-300x200.jpg\" alt=\"D\u00fcsseldorf Unternehmensberatungen\" width=\"300\" height=\"200\" srcset=\"https:\/\/www.e-business-unternehmensberatung.com\/blog\/wp-content\/uploads\/2008\/06\/Duesseldorf-Unternehmensberatungen-300x200.jpg 300w, https:\/\/www.e-business-unternehmensberatung.com\/blog\/wp-content\/uploads\/2008\/06\/Duesseldorf-Unternehmensberatungen.jpg 424w\" sizes=\"auto, (max-width: 300px) 100vw, 300px\" \/><\/a><p id=\"caption-attachment-1523\" class=\"wp-caption-text\">d\u00fcsseldorf hafen \u00a9 Sebastian Scheel Fotolia<\/p><\/div>\n<p>D\u00fcsseldorf, Landeshaupstadt und mit ca. 584.000 Einwohnern eine der wichtigsten St\u00e4dte in Nordrhein Westfalen. Gepr\u00e4gt von international aktiven Unternehmen ist D\u00fcsseldorf neben seiner Funkion als Messestandort eine Metropole inmitten von Rhein-Ruhr. Damit geh\u00f6rt D\u00fcsseldorf zu einer der gro\u00dfen Metropolregionen Deutschlands. Folge dieses Umfeldes: In D\u00fcsseldorf finden sich zahlreiche Unternehmensberatungen, Wirtschaftspr\u00fcfungsgesellschaften, Rechtsberatungen und auch eine gro\u00dfe Anzahl an Werbeagenturen von internationalem Ruf. Erg\u00e4nzt wird dies durch Finanzdienstleistungen und einer eigenen B\u00f6rse. Zu den bekannten Unternehmen die ihren Sitz in D\u00fcsseldorf haben z\u00e4hlen L\u00b4\u00f3real, Vodafone, Metro, Eon, Rheinmetall, Henkel, WestLB, Alno K\u00fcchen sowie die ERGO Versicherungsgruppe, Provinzial Rheinland und viele andere Unternehmen. D\u00fcsseldorf ist eine der Adressen f\u00fcr Unternehmensberater, Krative und Spezialisten aller Art.<\/p>\n<p>Wenn Sie selbst Unternehmensberater in D\u00fcsseldorf und Umgebung sind und als Netzwerkpartner der e-Business Unternehmensberatung eine eigene erfolgreiche Pr\u00e4sentationsseite \/ Verlinkung im Bereich Unternehmensberatung D\u00fcsseldorf nutzen m\u00f6chten, lesen Sie bitte die Informationen auf unserer Seite <a title=\"Unternehmensberatung Partner  werden\" href=\"https:\/\/www.e-business-unternehmensberatung.com\/blog\/netzwerk-partner-werden\/\" target=\"_blank\">Netzwerkpartner werden<\/a>.<\/p>\n<p>Finden Sie hier weitere Ansprechpartner f\u00fcr ihre Region.<\/p>\n<p><a href=\"https:\/\/www.e-business-unternehmensberatung.com\/blog\/beratung-verzeichnis\/unternehmensberatungen\/unternehmensberatung-duesseldorf\/unternehmensberatung-online-marketing-duesseldorf\/\">e-Business Unternehmensberatung D\u00fcsseldorf<\/a><\/p>\n<p><a href=\"https:\/\/www.e-business-unternehmensberatung.com\/blog\/beratung-verzeichnis\/unternehmensberatungen\/unternehmensberatung-duesseldorf\/ihk-duesseldorf\/\">IHK D\u00fcsseldorf<\/a><\/p>\n","protected":false},"excerpt":{"rendered":"<p>Consulting Informationen und Beratungsangebote der e-Business Unternehmensberatung und weiterer Unternehmensberater in D\u00fcsseldorf Sie suchen nach den erfolgreichsten Wegen und Strategien um im Internet neue Kunden zu gewinnen? Sie m\u00f6chten mit Ihren bestehenden Kunden bessere Ergebnisse realisieren und innovative Marketingstrategien optimal in Ihr Gesch\u00e4ftskonzept integrieren? Die e-Business Unternehmensberatung zeigt Ihnen diese Wege und f\u00fchrt Sie zielsicher [&hellip;]<\/p>\n","protected":false},"author":1,"featured_media":0,"parent":23,"menu_order":15,"comment_status":"open","ping_status":"open","template":"","meta":{"_monsterinsights_skip_tracking":false,"_monsterinsights_sitenote_active":false,"_monsterinsights_sitenote_note":"","_monsterinsights_sitenote_category":0,"footnotes":""},"class_list":["post-52","page","type-page","status-publish","hentry"],"aioseo_notices":[],"_links":{"self":[{"href":"https:\/\/www.e-business-unternehmensberatung.com\/blog\/wp-json\/wp\/v2\/pages\/52","targetHints":{"allow":["GET"]}}],"collection":[{"href":"https:\/\/www.e-business-unternehmensberatung.com\/blog\/wp-json\/wp\/v2\/pages"}],"about":[{"href":"https:\/\/www.e-business-unternehmensberatung.com\/blog\/wp-json\/wp\/v2\/types\/page"}],"author":[{"embeddable":true,"href":"https:\/\/www.e-business-unternehmensberatung.com\/blog\/wp-json\/wp\/v2\/users\/1"}],"replies":[{"embeddable":true,"href":"https:\/\/www.e-business-unternehmensberatung.com\/blog\/wp-json\/wp\/v2\/comments?post=52"}],"version-history":[{"count":0,"href":"https:\/\/www.e-business-unternehmensberatung.com\/blog\/wp-json\/wp\/v2\/pages\/52\/revisions"}],"up":[{"embeddable":true,"href":"https:\/\/www.e-business-unternehmensberatung.com\/blog\/wp-json\/wp\/v2\/pages\/23"}],"wp:attachment":[{"href":"https:\/\/www.e-business-unternehmensberatung.com\/blog\/wp-json\/wp\/v2\/media?parent=52"}],"curies":[{"name":"wp","href":"https:\/\/api.w.org\/{rel}","templated":true}]}}