{"id":59,"date":"2008-06-24T15:00:53","date_gmt":"2008-06-24T13:00:53","guid":{"rendered":"http:\/\/e-business-unternehmensberatung.com\/blog\/?page_id=59"},"modified":"2011-11-10T17:15:49","modified_gmt":"2011-11-10T15:15:49","slug":"unternehmensberatung-freiburg","status":"publish","type":"page","link":"https:\/\/www.e-business-unternehmensberatung.com\/blog\/beratung-verzeichnis\/unternehmensberatungen\/unternehmensberatung-freiburg\/","title":{"rendered":"Unternehmensberatung Freiburg"},"content":{"rendered":"<h4>Consulting Informationen und Beratungsangebote der e-Business Unternehmensberatung und weiterer Unternehmensberater in Freiburg<\/h4>\n<p>.<\/p>\n<div id=\"attachment_1534\" style=\"width: 310px\" class=\"wp-caption alignleft\"><a href=\"https:\/\/www.e-business-unternehmensberatung.com\/blog\/wp-content\/uploads\/2008\/06\/Freiburg-Unternehmensberatungen.jpg\"><img loading=\"lazy\" decoding=\"async\" aria-describedby=\"caption-attachment-1534\" class=\"size-medium wp-image-1534\" title=\"Freiburg Unternehmensberatungen\" src=\"https:\/\/www.e-business-unternehmensberatung.com\/blog\/wp-content\/uploads\/2008\/06\/Freiburg-Unternehmensberatungen-300x199.jpg\" alt=\"Freiburg Unternehmensberatungen\" width=\"300\" height=\"199\" srcset=\"https:\/\/www.e-business-unternehmensberatung.com\/blog\/wp-content\/uploads\/2008\/06\/Freiburg-Unternehmensberatungen-300x199.jpg 300w, https:\/\/www.e-business-unternehmensberatung.com\/blog\/wp-content\/uploads\/2008\/06\/Freiburg-Unternehmensberatungen.jpg 425w\" sizes=\"auto, (max-width: 300px) 100vw, 300px\" \/><\/a><p id=\"caption-attachment-1534\" class=\"wp-caption-text\">Solarenergie \u00a9 reises Fotolia<\/p><\/div>\n<p>Freiburg im Breisgau. Im \u00e4u\u00dfersten S\u00fcdwesten der Bundesrepublik Deutschland gelegen verf\u00fcgt Freiburg mit seinen ca. 219.000 Einwohnern \u00fcber einige Attribute mit besonderem Charme. Neben der direkten Grenzlage zur Schweiz und Frankreich sowie dem in der Regel im Vergleich zum Rest Deutschlands eher milderem Klima ist Freiburg auch ein Standort mit einer gro\u00dfen Universit\u00e4t die auch der gr\u00f6\u00dfte Arbeitgeber in Freiburg ist. Freiburg hat dadurch eine lebendige Dienstleistungsbranche und durch die Universit\u00e4t beg\u00fcnstigt auch einige Technologieanbieter im Bereich der Solartechnik, Medizintechnik und Biotechnologie. Zu den gr\u00f6\u00dferen Arbeitgebern in Freiburg z\u00e4hlen der Halbleiterhersteller Micronas, LITEF, Rhodia Acetow, G\u00f6decke, Weinig International sowie zahlreiche andere Unternehmen. F\u00fcr Unternehmensberater ist Freiburg ein Standort mit Potential und kurzen Wegen in die Schweiz und nach Frankreich.<\/p>\n<p>Wenn Sie selbst Unternehmensberater in Freiburg und Umgebung sind und als Netzwerkpartner der e-Business Unternehmensberatung eine eigene erfolgreiche Pr\u00e4sentationsseite \/ Verlinkung im Bereich Unternehmensberatung Freiburg nutzen m\u00f6chten, lesen Sie bitte die Informationen auf unserer Seite <a title=\"Unternehmensberatung Partner  werden\" href=\"https:\/\/www.e-business-unternehmensberatung.com\/blog\/netzwerk-partner-werden\/\" target=\"_blank\">Netzwerkpartner werden<\/a>.<\/p>\n<p>Finden Sie hier weitere Ansprechpartner f\u00fcr ihre Region.<\/p>\n<p><a href=\"https:\/\/www.e-business-unternehmensberatung.com\/blog\/beratung-verzeichnis\/unternehmensberatungen\/unternehmensberatung-freiburg\/marketing-beratung-webdesign-freiburg\/\">e-Business Unternehmensberatung Freiburg<\/a><\/p>\n<p><a href=\"https:\/\/www.e-business-unternehmensberatung.com\/blog\/beratung-verzeichnis\/unternehmensberatungen\/unternehmensberatung-freiburg\/ihk-freiburg\/\">IHK Freiburg<\/a><\/p>\n","protected":false},"excerpt":{"rendered":"<p>Consulting Informationen und Beratungsangebote der e-Business Unternehmensberatung und weiterer Unternehmensberater in Freiburg . Freiburg im Breisgau. Im \u00e4u\u00dfersten S\u00fcdwesten der Bundesrepublik Deutschland gelegen verf\u00fcgt Freiburg mit seinen ca. 219.000 Einwohnern \u00fcber einige Attribute mit besonderem Charme. Neben der direkten Grenzlage zur Schweiz und Frankreich sowie dem in der Regel im Vergleich zum Rest Deutschlands eher [&hellip;]<\/p>\n","protected":false},"author":1,"featured_media":0,"parent":23,"menu_order":18,"comment_status":"open","ping_status":"open","template":"","meta":{"_monsterinsights_skip_tracking":false,"_monsterinsights_sitenote_active":false,"_monsterinsights_sitenote_note":"","_monsterinsights_sitenote_category":0,"footnotes":""},"class_list":["post-59","page","type-page","status-publish","hentry"],"aioseo_notices":[],"_links":{"self":[{"href":"https:\/\/www.e-business-unternehmensberatung.com\/blog\/wp-json\/wp\/v2\/pages\/59","targetHints":{"allow":["GET"]}}],"collection":[{"href":"https:\/\/www.e-business-unternehmensberatung.com\/blog\/wp-json\/wp\/v2\/pages"}],"about":[{"href":"https:\/\/www.e-business-unternehmensberatung.com\/blog\/wp-json\/wp\/v2\/types\/page"}],"author":[{"embeddable":true,"href":"https:\/\/www.e-business-unternehmensberatung.com\/blog\/wp-json\/wp\/v2\/users\/1"}],"replies":[{"embeddable":true,"href":"https:\/\/www.e-business-unternehmensberatung.com\/blog\/wp-json\/wp\/v2\/comments?post=59"}],"version-history":[{"count":0,"href":"https:\/\/www.e-business-unternehmensberatung.com\/blog\/wp-json\/wp\/v2\/pages\/59\/revisions"}],"up":[{"embeddable":true,"href":"https:\/\/www.e-business-unternehmensberatung.com\/blog\/wp-json\/wp\/v2\/pages\/23"}],"wp:attachment":[{"href":"https:\/\/www.e-business-unternehmensberatung.com\/blog\/wp-json\/wp\/v2\/media?parent=59"}],"curies":[{"name":"wp","href":"https:\/\/api.w.org\/{rel}","templated":true}]}}