{"id":63,"date":"2008-06-24T15:09:10","date_gmt":"2008-06-24T13:09:10","guid":{"rendered":"http:\/\/e-business-unternehmensberatung.com\/blog\/?page_id=63"},"modified":"2013-01-30T21:55:48","modified_gmt":"2013-01-30T19:55:48","slug":"unternehmensberatung-hamburg","status":"publish","type":"page","link":"https:\/\/www.e-business-unternehmensberatung.com\/blog\/beratung-verzeichnis\/unternehmensberatungen\/unternehmensberatung-hamburg\/","title":{"rendered":"Unternehmensberatung Hamburg"},"content":{"rendered":"<h4>Consulting Informationen und Beratungsangebote der e-Business Unternehmensberatung und weiterer Unternehmensberater in Hamburg<\/h4>\n<p><a href=\"https:\/\/www.e-business-unternehmensberatung.com\/blog\/wp-content\/uploads\/2008\/06\/Unternehmensberater-Hamburg.png\"><img loading=\"lazy\" decoding=\"async\" class=\"alignright size-full wp-image-2934\" title=\"Unternehmensberater Hamburg\" src=\"https:\/\/www.e-business-unternehmensberatung.com\/blog\/wp-content\/uploads\/2008\/06\/Unternehmensberater-Hamburg.png\" alt=\"Unternehmensberater in Hamburg\" width=\"77\" height=\"75\" \/><\/a>Sie suchen nach den erfolgreichsten Wegen und Strategien um im Internet neue Kunden zu gewinnen? Sie m\u00f6chten mit Ihren bestehenden Kunden bessere Ergebnisse realisieren und innovative Marketingstrategien optimal in Ihr Gesch\u00e4ftskonzept integrieren? Die e-Business Unternehmensberatung zeigt Ihnen diese Wege und f\u00fchrt Sie zielsicher zum Erfolg. Von der Webseite oder dem Shopsystem, der Suchmaschinenoptimierung und Suchmaschinen- Internetmarketing bis zu den sozialen Netzwerken. Die e-Business Unternehmensberatung zeigt Ihnen wie es geht. Hier sehen Sie mehr zu unseren <a title=\"Unternehmensberater in Hamburg\" href=\"https:\/\/www.e-business-unternehmensberatung.com\/blog\/unsere-beratungsleistungen\/\">Beratungsleistungen<\/a>. Wir freuen uns auf Ihren Anruf!<\/p>\n<p>.<\/p>\n<div id=\"attachment_1538\" style=\"width: 310px\" class=\"wp-caption alignleft\"><a href=\"https:\/\/www.e-business-unternehmensberatung.com\/blog\/wp-content\/uploads\/2008\/06\/Hamburg-Unternehmensberatungen.jpg\"><img loading=\"lazy\" decoding=\"async\" aria-describedby=\"caption-attachment-1538\" class=\"size-medium wp-image-1538\" title=\"Hamburg Unternehmensberatungen\" src=\"https:\/\/www.e-business-unternehmensberatung.com\/blog\/wp-content\/uploads\/2008\/06\/Hamburg-Unternehmensberatungen-300x200.jpg\" alt=\"Hamburg Unternehmensberatungen\" width=\"300\" height=\"200\" srcset=\"https:\/\/www.e-business-unternehmensberatung.com\/blog\/wp-content\/uploads\/2008\/06\/Hamburg-Unternehmensberatungen-300x200.jpg 300w, https:\/\/www.e-business-unternehmensberatung.com\/blog\/wp-content\/uploads\/2008\/06\/Hamburg-Unternehmensberatungen.jpg 424w\" sizes=\"auto, (max-width: 300px) 100vw, 300px\" \/><\/a><p id=\"caption-attachment-1538\" class=\"wp-caption-text\">Hamburg Landungsbr\u00fccken \u00a9 Jonn R\u00fcbcke Fotolia<\/p><\/div>\n<p>Hamburg, die freie und Hansestadt. Die Elbmetropole im Norden von Deutschland. Tor zur Welt und Heimat von Weltunternehmen. Hamburg ist die zweitgr\u00f6\u00dfte Stadt Deutschlands nach Berlin. Mit knapp 1,8 Millionen Einwohnern ist Hamburg auch wirtschaftlich einer der bedeutendsten St\u00e4dte Europas. Neben den traditionell durch den Hafen bestimmten Branchen der maritimen Industrie, der Logistik und nat\u00fcrlich auch Touristik sowie Import- und Export verf\u00fcgt Hamburg \u00fcber ein nahezu unersch\u00f6pfliches Ma\u00df an Dienstleistern aus allen Branchen. Die Kreativen der Welt aus Werbung, Marketing, Mode und Design wie Architektur sind hier ganauso zu Hause wie die Unternehmensberater, Rechtsexperten, Wirtschaftspr\u00fcfer, Banken und Diplomaten. Hamburg ist das Venedig des Nordens, eine Technologiehochburg und Umschlagplatz f\u00fcr Ideen, Produkte und Kontakte. F\u00fcr Unternehmensberatungen ist Hamburg eine absolute top Adresse.<\/p>\n<p>Wenn Sie selbst Unternehmensberater in Hamburg und Umgebung sind und als Netzwerkpartner der e-Business Unternehmensberatung eine eigene erfolgreiche Pr\u00e4sentationsseite \/ Verlinkung im Bereich Unternehmensberatung Hamburg nutzen m\u00f6chten, lesen Sie bitte die Informationen auf unserer Seite <a title=\"Unternehmensberatung Partner  werden\" href=\"https:\/\/www.e-business-unternehmensberatung.com\/blog\/netzwerk-partner-werden\/\" target=\"_blank\">Netzwerkpartner werden<\/a>.<\/p>\n<p>Finden Sie hier weitere Ansprechpartner f\u00fcr ihre Region.<\/p>\n<p><a href=\"https:\/\/www.e-business-unternehmensberatung.com\/blog\/beratung-verzeichnis\/unternehmensberatungen\/unternehmensberatung-hamburg\/webseiten-optimierung-internet-unternehmensberatung-hamburg\/\">e-Business Unternehmensberatung Hamburg<\/a><\/p>\n<p><a href=\"https:\/\/www.e-business-unternehmensberatung.com\/blog\/beratung-verzeichnis\/unternehmensberatungen\/unternehmensberatung-hamburg\/handelskammer-hamburg\/\">Handelskammer Hamburg<\/a><\/p>\n<p><a href=\"https:\/\/www.e-business-unternehmensberatung.com\/blog\/beratung-verzeichnis\/unternehmensberatungen\/unternehmensberatung-hamburg\/elokron-website-optimierung-in-hamburg\/\"><br \/>\n<\/a><\/p>\n","protected":false},"excerpt":{"rendered":"<p>Consulting Informationen und Beratungsangebote der e-Business Unternehmensberatung und weiterer Unternehmensberater in Hamburg Sie suchen nach den erfolgreichsten Wegen und Strategien um im Internet neue Kunden zu gewinnen? Sie m\u00f6chten mit Ihren bestehenden Kunden bessere Ergebnisse realisieren und innovative Marketingstrategien optimal in Ihr Gesch\u00e4ftskonzept integrieren? Die e-Business Unternehmensberatung zeigt Ihnen diese Wege und f\u00fchrt Sie zielsicher [&hellip;]<\/p>\n","protected":false},"author":1,"featured_media":0,"parent":23,"menu_order":20,"comment_status":"open","ping_status":"open","template":"","meta":{"_monsterinsights_skip_tracking":false,"_monsterinsights_sitenote_active":false,"_monsterinsights_sitenote_note":"","_monsterinsights_sitenote_category":0,"footnotes":""},"class_list":["post-63","page","type-page","status-publish","hentry"],"aioseo_notices":[],"_links":{"self":[{"href":"https:\/\/www.e-business-unternehmensberatung.com\/blog\/wp-json\/wp\/v2\/pages\/63","targetHints":{"allow":["GET"]}}],"collection":[{"href":"https:\/\/www.e-business-unternehmensberatung.com\/blog\/wp-json\/wp\/v2\/pages"}],"about":[{"href":"https:\/\/www.e-business-unternehmensberatung.com\/blog\/wp-json\/wp\/v2\/types\/page"}],"author":[{"embeddable":true,"href":"https:\/\/www.e-business-unternehmensberatung.com\/blog\/wp-json\/wp\/v2\/users\/1"}],"replies":[{"embeddable":true,"href":"https:\/\/www.e-business-unternehmensberatung.com\/blog\/wp-json\/wp\/v2\/comments?post=63"}],"version-history":[{"count":0,"href":"https:\/\/www.e-business-unternehmensberatung.com\/blog\/wp-json\/wp\/v2\/pages\/63\/revisions"}],"up":[{"embeddable":true,"href":"https:\/\/www.e-business-unternehmensberatung.com\/blog\/wp-json\/wp\/v2\/pages\/23"}],"wp:attachment":[{"href":"https:\/\/www.e-business-unternehmensberatung.com\/blog\/wp-json\/wp\/v2\/media?parent=63"}],"curies":[{"name":"wp","href":"https:\/\/api.w.org\/{rel}","templated":true}]}}