{"id":65,"date":"2008-06-24T15:13:56","date_gmt":"2008-06-24T13:13:56","guid":{"rendered":"http:\/\/e-business-unternehmensberatung.com\/blog\/?page_id=65"},"modified":"2013-01-30T21:56:12","modified_gmt":"2013-01-30T19:56:12","slug":"unternehmensberatung-hannover","status":"publish","type":"page","link":"https:\/\/www.e-business-unternehmensberatung.com\/blog\/beratung-verzeichnis\/unternehmensberatungen\/unternehmensberatung-hannover\/","title":{"rendered":"Unternehmensberatung Hannover"},"content":{"rendered":"<h4>Consulting Informationen und Beratungsangebote der e-Business Unternehmensberatung und weiterer Unternehmensberater in Hannover<\/h4>\n<p><a href=\"https:\/\/www.e-business-unternehmensberatung.com\/blog\/wp-content\/uploads\/2008\/06\/Unternehmensberater-Hannover.png\"><img loading=\"lazy\" decoding=\"async\" class=\"alignright size-full wp-image-2932\" title=\"Unternehmensberater Hannover\" src=\"https:\/\/www.e-business-unternehmensberatung.com\/blog\/wp-content\/uploads\/2008\/06\/Unternehmensberater-Hannover.png\" alt=\"Unternehmensberater in Hannover\" width=\"77\" height=\"75\" \/><\/a>Sie suchen nach den erfolgreichsten Wegen und Strategien um im Internet neue Kunden zu gewinnen? Sie m\u00f6chten mit Ihren bestehenden Kunden bessere Ergebnisse realisieren und innovative Marketingstrategien optimal in Ihr Gesch\u00e4ftskonzept integrieren? Die e-Business Unternehmensberatung zeigt Ihnen diese Wege und f\u00fchrt Sie zielsicher zum Erfolg. Von der Webseite oder dem Shopsystem, der Suchmaschinenoptimierung und Suchmaschinen- Internetmarketing bis zu den sozialen Netzwerken. Die e-Business Unternehmensberatung zeigt Ihnen wie es geht. Hier sehen Sie mehr zu unseren <a title=\"Unternehmensberater in Hannover\" href=\"https:\/\/www.e-business-unternehmensberatung.com\/blog\/unsere-beratungsleistungen\/\">Beratungsleistungen<\/a>. Wir freuen uns auf Ihren Anruf!<\/p>\n<p>.<\/p>\n<div id=\"attachment_1540\" style=\"width: 310px\" class=\"wp-caption alignleft\"><a href=\"https:\/\/www.e-business-unternehmensberatung.com\/blog\/wp-content\/uploads\/2008\/06\/Hannover-Unternehmensberatungen.jpg\"><img loading=\"lazy\" decoding=\"async\" aria-describedby=\"caption-attachment-1540\" class=\"size-medium wp-image-1540\" title=\"Hannover Unternehmensberatungen\" src=\"https:\/\/www.e-business-unternehmensberatung.com\/blog\/wp-content\/uploads\/2008\/06\/Hannover-Unternehmensberatungen-300x225.jpg\" alt=\"Hannover Unternehmensberatungen\" width=\"300\" height=\"225\" srcset=\"https:\/\/www.e-business-unternehmensberatung.com\/blog\/wp-content\/uploads\/2008\/06\/Hannover-Unternehmensberatungen-300x225.jpg 300w, https:\/\/www.e-business-unternehmensberatung.com\/blog\/wp-content\/uploads\/2008\/06\/Hannover-Unternehmensberatungen.jpg 400w\" sizes=\"auto, (max-width: 300px) 100vw, 300px\" \/><\/a><p id=\"caption-attachment-1540\" class=\"wp-caption-text\">neues rathaus hannover \u00a9 O.M. Fotolia<\/p><\/div>\n<p>Hannover, die Landeshauptstadt von Niedersachsen. Mit ca. 520.000 Einwohnern bietet die Stadt an der Leine eine au\u00dferordentlich gute Infrastruktur. Als international bekannte und wichtigste Messestadt Deutschlands ist dies aber auch fast selbstverst\u00e4ndlich. So findet in Hannover j\u00e4hrlich die gr\u00f6\u00dfte Computermesse der Welt, die Cebit, statt. Aber auch andere Branchenhighlights wie die Hannover Messe, wo sich die Welt des Maschinenbau und der Hochtechnologie trifft, geh\u00f6ren zum Routineprogramm. Diese Qualit\u00e4ten haben Hannover auch zur EXPO Stadt gemacht und damit f\u00fcr ein ganz besonderes Ereignis hervorgehoben. So finden sich in Hannover zahlreiche Weltunternehmen mit ihrem Hauptsitz oder entsprechenden Niederlassungen. So zum Beispiel der gr\u00f6\u00dfte Touristikkonzern Europas, die TUI. Aber auch Finanzdienstleister wie der AWD oder Versicherer wie die Hannover R\u00fcck sind hier zu finden. Weltmarken wie Continental, VW Nutzfahrzeuge, Bahlsen, MTU oder ehemals VARTA, heute Johnson Controls, sind hier zu Hause. F\u00fcr Unternehmensberatungen ist Hannover ein sehr attraktiver Standort.<\/p>\n<p>Wenn Sie selbst Unternehmensberater in Hannover und Umgebung sind und als Netzwerkpartner der e-Business Unternehmensberatung eine eigene erfolgreiche Pr\u00e4sentationsseite \/ Verlinkung im Bereich Unternehmensberatung Hannover nutzen m\u00f6chten, lesen Sie bitte die Informationen auf unserer Seite <a title=\"Unternehmensberatung Partner  werden\" href=\"https:\/\/www.e-business-unternehmensberatung.com\/blog\/netzwerk-partner-werden\/\" target=\"_blank\">Netzwerkpartner werden<\/a>.<\/p>\n<p>Finden Sie hier weitere Ansprechpartner f\u00fcr ihre Region.<\/p>\n<p><a href=\"https:\/\/www.e-business-unternehmensberatung.com\/blog\/beratung-verzeichnis\/unternehmensberatungen\/unternehmensberatung-hannover\/internet-marketing-e-commerce-beratung-hannover\/\">e-Business Unternehmensberatung Hannover<\/a><\/p>\n<p><a title=\"Gr\u00fcndercoaching Marketingberatung Hannover\" href=\"https:\/\/www.e-business-unternehmensberatung.com\/blog\/beratung-verzeichnis\/unternehmensberatungen\/unternehmensberatung-hannover\/gruendercoaching-marketingberatung-hannover\/\">Gr\u00fcndercoaching Marketingberatung Hannover<\/a><\/p>\n<p><a href=\"https:\/\/www.e-business-unternehmensberatung.com\/blog\/beratung-verzeichnis\/unternehmensberatungen\/unternehmensberatung-hannover\/ihk-hannover\/\">IHK Hannover<\/a><\/p>\n","protected":false},"excerpt":{"rendered":"<p>Consulting Informationen und Beratungsangebote der e-Business Unternehmensberatung und weiterer Unternehmensberater in Hannover Sie suchen nach den erfolgreichsten Wegen und Strategien um im Internet neue Kunden zu gewinnen? Sie m\u00f6chten mit Ihren bestehenden Kunden bessere Ergebnisse realisieren und innovative Marketingstrategien optimal in Ihr Gesch\u00e4ftskonzept integrieren? Die e-Business Unternehmensberatung zeigt Ihnen diese Wege und f\u00fchrt Sie zielsicher [&hellip;]<\/p>\n","protected":false},"author":1,"featured_media":0,"parent":23,"menu_order":21,"comment_status":"open","ping_status":"open","template":"","meta":{"_monsterinsights_skip_tracking":false,"_monsterinsights_sitenote_active":false,"_monsterinsights_sitenote_note":"","_monsterinsights_sitenote_category":0,"footnotes":""},"class_list":["post-65","page","type-page","status-publish","hentry"],"aioseo_notices":[],"_links":{"self":[{"href":"https:\/\/www.e-business-unternehmensberatung.com\/blog\/wp-json\/wp\/v2\/pages\/65","targetHints":{"allow":["GET"]}}],"collection":[{"href":"https:\/\/www.e-business-unternehmensberatung.com\/blog\/wp-json\/wp\/v2\/pages"}],"about":[{"href":"https:\/\/www.e-business-unternehmensberatung.com\/blog\/wp-json\/wp\/v2\/types\/page"}],"author":[{"embeddable":true,"href":"https:\/\/www.e-business-unternehmensberatung.com\/blog\/wp-json\/wp\/v2\/users\/1"}],"replies":[{"embeddable":true,"href":"https:\/\/www.e-business-unternehmensberatung.com\/blog\/wp-json\/wp\/v2\/comments?post=65"}],"version-history":[{"count":0,"href":"https:\/\/www.e-business-unternehmensberatung.com\/blog\/wp-json\/wp\/v2\/pages\/65\/revisions"}],"up":[{"embeddable":true,"href":"https:\/\/www.e-business-unternehmensberatung.com\/blog\/wp-json\/wp\/v2\/pages\/23"}],"wp:attachment":[{"href":"https:\/\/www.e-business-unternehmensberatung.com\/blog\/wp-json\/wp\/v2\/media?parent=65"}],"curies":[{"name":"wp","href":"https:\/\/api.w.org\/{rel}","templated":true}]}}