{"id":67,"date":"2008-06-24T15:16:30","date_gmt":"2008-06-24T13:16:30","guid":{"rendered":"http:\/\/e-business-unternehmensberatung.com\/blog\/?page_id=67"},"modified":"2013-01-30T21:56:42","modified_gmt":"2013-01-30T19:56:42","slug":"unternehmensberatung-heidelberg","status":"publish","type":"page","link":"https:\/\/www.e-business-unternehmensberatung.com\/blog\/beratung-verzeichnis\/unternehmensberatungen\/unternehmensberatung-heidelberg\/","title":{"rendered":"Unternehmensberatung Heidelberg"},"content":{"rendered":"<h4>Consulting Informationen und Beratungsangebote der e-Business Unternehmensberatung und weiterer Unternehmensberater in Heidelberg<\/h4>\n<p><a href=\"https:\/\/www.e-business-unternehmensberatung.com\/blog\/wp-content\/uploads\/2008\/06\/Unternehmensberater-Heidelberg.png\"><img loading=\"lazy\" decoding=\"async\" class=\"alignright size-full wp-image-3641\" title=\"Unternehmensberater Heidelberg\" src=\"https:\/\/www.e-business-unternehmensberatung.com\/blog\/wp-content\/uploads\/2008\/06\/Unternehmensberater-Heidelberg.png\" alt=\"Unternehmensberater in Heidelberg\" width=\"77\" height=\"75\" \/><\/a>Sie suchen nach den erfolgreichsten Wegen und Strategien um im Internet neue Kunden zu gewinnen? Sie m\u00f6chten mit Ihren bestehenden Kunden bessere Ergebnisse realisieren und innovative Marketingstrategien optimal in Ihr Gesch\u00e4ftskonzept integrieren? Die e-Business Unternehmensberatung zeigt Ihnen diese Wege und f\u00fchrt Sie zielsicher zum Erfolg. Von der Webseite oder dem Shopsystem, der Suchmaschinenoptimierung und Suchmaschinen- Internetmarketing bis zu den sozialen Netzwerken. Die e-Business Unternehmensberatung zeigt Ihnen wie es geht. Hier sehen Sie mehr zu unseren <a title=\"Unternehmensberater in Heidelberg\" href=\"https:\/\/www.e-business-unternehmensberatung.com\/blog\/unsere-beratungsleistungen\/\">Beratungsleistungen<\/a>. Wir freuen uns auf Ihren Anruf!<\/p>\n<p>&nbsp;<\/p>\n<div id=\"attachment_1542\" style=\"width: 310px\" class=\"wp-caption alignleft\"><a href=\"https:\/\/www.e-business-unternehmensberatung.com\/blog\/wp-content\/uploads\/2008\/06\/Heidelberg-Unternehmensberatungen.jpg\"><img loading=\"lazy\" decoding=\"async\" aria-describedby=\"caption-attachment-1542\" class=\"size-medium wp-image-1542\" title=\"Heidelberg Unternehmensberatungen\" src=\"https:\/\/www.e-business-unternehmensberatung.com\/blog\/wp-content\/uploads\/2008\/06\/Heidelberg-Unternehmensberatungen-300x199.jpg\" alt=\"Heidelberg Unternehmensberatungen\" width=\"300\" height=\"199\" srcset=\"https:\/\/www.e-business-unternehmensberatung.com\/blog\/wp-content\/uploads\/2008\/06\/Heidelberg-Unternehmensberatungen-300x199.jpg 300w, https:\/\/www.e-business-unternehmensberatung.com\/blog\/wp-content\/uploads\/2008\/06\/Heidelberg-Unternehmensberatungen.jpg 425w\" sizes=\"auto, (max-width: 300px) 100vw, 300px\" \/><\/a><p id=\"caption-attachment-1542\" class=\"wp-caption-text\">Heidelberger Altstadt \u00a9 Jens Hilberger Fotolia<\/p><\/div>\n<p>Heidelberg, die f\u00fcnftgr\u00f6\u00dfte Stadt in Baden W\u00fcrttemberg. Im S\u00fcdwesten Deutschlands in der N\u00e4he der M\u00fcndung des Neckars in den Rhein belegen ist die etwa 145.000 Einwohner z\u00e4hlende Stadt Heidelberg die \u00e4ltestes Universit\u00e4tsstadt Deutschlands. Entsprechend ihrer landschaftlichen und kulturellen Sch\u00e4tze zieht es Wissenschaftler und Touristen aus aller Welt nach Heidelberg. Auch die in Heidelberg stationierten US amerikanischen Soldaten pr\u00e4gen einen Teil der Stadt und bieten den \u00f6rtlichen Unternehmen zus\u00e4tzliche Impulse. Gro\u00dfe Unternehmen wie Heidelberger Druckmaschinen, HeidelbergCement, Henkel-Teroson, ABB Stotz-Kontakt, Lamy und die weltbekannte Softwareschmiede SAP haben in der Region Heidelberg neben vielen anderen Unternehmen ihren Sitz. Unternehmensberater finden in Heidelberg eine attraktive Mischung aus mittest\u00e4ndischer Wirtschaft, Wissenschaft und Weltunternehmen.<\/p>\n<p>Wenn Sie selbst Unternehmensberater in Heidelberg und Umgebung sind und als Netzwerkpartner der e-Business Unternehmensberatung eine eigene erfolgreiche Pr\u00e4sentationsseite \/ Verlinkung im Bereich Unternehmensberatung Heidelberg nutzen m\u00f6chten, lesen Sie bitte die Informationen auf unserer Seite <a title=\"Unternehmensberatung Partner  werden\" href=\"https:\/\/www.e-business-unternehmensberatung.com\/blog\/netzwerk-partner-werden\/\" target=\"_blank\">Netzwerkpartner werden<\/a>.<\/p>\n<p>Finden Sie hier weitere Ansprechpartner f\u00fcr ihre Region.<\/p>\n<p><a href=\"https:\/\/www.e-business-unternehmensberatung.com\/blog\/beratung-verzeichnis\/unternehmensberatungen\/unternehmensberatung-heidelberg\/internet-marketing-unternehmensberatung-heidelberg\/\">e-Business Unternehmensberatung Heidelberg<\/a><\/p>\n<p><a href=\"https:\/\/www.e-business-unternehmensberatung.com\/blog\/beratung-verzeichnis\/unternehmensberatungen\/unternehmensberatung-heidelberg\/ihk-heidelberg\/\">IHK Heidelberg<\/a><\/p>\n<p><a href=\"https:\/\/www.e-business-unternehmensberatung.com\/blog\/beratung-verzeichnis\/unternehmensberatungen\/unternehmensberatung-heidelberg\/galileiconsult-ev-studentische-unternehmensberatung-heidelberg\/\">GalileiConsult e.V. studentische Unternehmensberatung Heidelberg<\/a><\/p>\n","protected":false},"excerpt":{"rendered":"<p>Consulting Informationen und Beratungsangebote der e-Business Unternehmensberatung und weiterer Unternehmensberater in Heidelberg Sie suchen nach den erfolgreichsten Wegen und Strategien um im Internet neue Kunden zu gewinnen? Sie m\u00f6chten mit Ihren bestehenden Kunden bessere Ergebnisse realisieren und innovative Marketingstrategien optimal in Ihr Gesch\u00e4ftskonzept integrieren? Die e-Business Unternehmensberatung zeigt Ihnen diese Wege und f\u00fchrt Sie zielsicher [&hellip;]<\/p>\n","protected":false},"author":1,"featured_media":0,"parent":23,"menu_order":22,"comment_status":"open","ping_status":"open","template":"","meta":{"_monsterinsights_skip_tracking":false,"_monsterinsights_sitenote_active":false,"_monsterinsights_sitenote_note":"","_monsterinsights_sitenote_category":0,"footnotes":""},"class_list":["post-67","page","type-page","status-publish","hentry"],"aioseo_notices":[],"_links":{"self":[{"href":"https:\/\/www.e-business-unternehmensberatung.com\/blog\/wp-json\/wp\/v2\/pages\/67","targetHints":{"allow":["GET"]}}],"collection":[{"href":"https:\/\/www.e-business-unternehmensberatung.com\/blog\/wp-json\/wp\/v2\/pages"}],"about":[{"href":"https:\/\/www.e-business-unternehmensberatung.com\/blog\/wp-json\/wp\/v2\/types\/page"}],"author":[{"embeddable":true,"href":"https:\/\/www.e-business-unternehmensberatung.com\/blog\/wp-json\/wp\/v2\/users\/1"}],"replies":[{"embeddable":true,"href":"https:\/\/www.e-business-unternehmensberatung.com\/blog\/wp-json\/wp\/v2\/comments?post=67"}],"version-history":[{"count":0,"href":"https:\/\/www.e-business-unternehmensberatung.com\/blog\/wp-json\/wp\/v2\/pages\/67\/revisions"}],"up":[{"embeddable":true,"href":"https:\/\/www.e-business-unternehmensberatung.com\/blog\/wp-json\/wp\/v2\/pages\/23"}],"wp:attachment":[{"href":"https:\/\/www.e-business-unternehmensberatung.com\/blog\/wp-json\/wp\/v2\/media?parent=67"}],"curies":[{"name":"wp","href":"https:\/\/api.w.org\/{rel}","templated":true}]}}