{"id":69,"date":"2008-06-24T15:20:02","date_gmt":"2008-06-24T13:20:02","guid":{"rendered":"http:\/\/e-business-unternehmensberatung.com\/blog\/?page_id=69"},"modified":"2011-11-10T17:18:04","modified_gmt":"2011-11-10T15:18:04","slug":"unternehmensberatung-karlsruhe","status":"publish","type":"page","link":"https:\/\/www.e-business-unternehmensberatung.com\/blog\/beratung-verzeichnis\/unternehmensberatungen\/unternehmensberatung-karlsruhe\/","title":{"rendered":"Unternehmensberatung Karlsruhe"},"content":{"rendered":"<h4>Consulting Informationen und Beratungsangebote der e-Business Unternehmensberatung und weiterer Unternehmensberater in Karlsruhe<\/h4>\n<p>.<\/p>\n<div id=\"attachment_1544\" style=\"width: 310px\" class=\"wp-caption alignleft\"><a href=\"https:\/\/www.e-business-unternehmensberatung.com\/blog\/wp-content\/uploads\/2008\/06\/Karlsruhe-Unternehmensberatungen.jpg\"><img loading=\"lazy\" decoding=\"async\" aria-describedby=\"caption-attachment-1544\" class=\"size-medium wp-image-1544\" title=\"Karlsruhe Unternehmensberatungen\" src=\"https:\/\/www.e-business-unternehmensberatung.com\/blog\/wp-content\/uploads\/2008\/06\/Karlsruhe-Unternehmensberatungen-300x200.jpg\" alt=\"Karlsruhe Unternehmensberatungen\" width=\"300\" height=\"200\" srcset=\"https:\/\/www.e-business-unternehmensberatung.com\/blog\/wp-content\/uploads\/2008\/06\/Karlsruhe-Unternehmensberatungen-300x200.jpg 300w, https:\/\/www.e-business-unternehmensberatung.com\/blog\/wp-content\/uploads\/2008\/06\/Karlsruhe-Unternehmensberatungen.jpg 424w\" sizes=\"auto, (max-width: 300px) 100vw, 300px\" \/><\/a><p id=\"caption-attachment-1544\" class=\"wp-caption-text\">schloss karlsruhe 4 \u00a9 Willi Wilhelm Fotolia<\/p><\/div>\n<p>Karlsruhe, die drittgr\u00f6\u00dfte Stadt in Baden W\u00fcrttemberg nach Stuttgart und Mannheim. Mit ca. 290.000 Einwohnern verf\u00fcgt Karlsruhe \u00fcber alle Attribute eines gehobenen Mittelzentrums. Besondere Bekannheit genie\u00dft Karlsruhe durch den Bundesgerichtshof und das Bundesverfassungsgericht, die hier ihre Heimat haben. Wenn in Karlsruhe die Richter sprechen h\u00f6rt Deutschland ganz genau zu. Aber auch einige Gro\u00dfunternehmen haben in Karlsruhe ihre Adresse. Dazu z\u00e4hlt z.B. die EnBW Energie Baden W\u00fcrttemberg einer der 4 gro\u00dfen Energieversorger Deutschlands oder MiRo Mineral\u00f6lraffinerie als gr\u00f6\u00dfte \u00d6lraffinierie Deutschlands. Aber auch vor ihrer Haust\u00fcr finden Sie mit hoher Wahrscheinlichkeit ein Unternehmen aus Karlsruhe. N\u00e4mlich die dm Drogeriemarkt-Kette. Zahlreiche andere Unternehmen sind im mittelst\u00e4ndisch gepr\u00e4gten Karlsruhe ebenfalls pr\u00e4sent und bieten damit Unternehmensberatungen ein attraktives Umfeld.<\/p>\n<p>Wenn Sie selbst Unternehmensberater in Karlsruhe und Umgebung sind und als Netzwerkpartner der e-Business Unternehmensberatung eine eigene erfolgreiche Pr\u00e4sentationsseite \/ Verlinkung im Bereich Unternehmensberatung Karlsruhe nutzen m\u00f6chten, lesen Sie bitte die Informationen auf unserer Seite <a title=\"Unternehmensberatung Partner  werden\" href=\"https:\/\/www.e-business-unternehmensberatung.com\/blog\/netzwerk-partner-werden\/\" target=\"_blank\">Netzwerkpartner werden<\/a>.<\/p>\n<p>Finden Sie hier weitere Ansprechpartner f\u00fcr ihre Region.<\/p>\n<p><a href=\"https:\/\/www.e-business-unternehmensberatung.com\/blog\/beratung-verzeichnis\/unternehmensberatungen\/unternehmensberatung-karlsruhe\/online-shop-optimierung-webdesign-karlsruhe\/\">e-Business Unternehmensberatung Karlsruhe<\/a><\/p>\n<p><a href=\"https:\/\/www.e-business-unternehmensberatung.com\/blog\/beratung-verzeichnis\/unternehmensberatungen\/unternehmensberatung-karlsruhe\/ihk-karlsruhe\/\">IHK Karlsruhe<\/a><\/p>\n","protected":false},"excerpt":{"rendered":"<p>Consulting Informationen und Beratungsangebote der e-Business Unternehmensberatung und weiterer Unternehmensberater in Karlsruhe . Karlsruhe, die drittgr\u00f6\u00dfte Stadt in Baden W\u00fcrttemberg nach Stuttgart und Mannheim. Mit ca. 290.000 Einwohnern verf\u00fcgt Karlsruhe \u00fcber alle Attribute eines gehobenen Mittelzentrums. Besondere Bekannheit genie\u00dft Karlsruhe durch den Bundesgerichtshof und das Bundesverfassungsgericht, die hier ihre Heimat haben. Wenn in Karlsruhe die [&hellip;]<\/p>\n","protected":false},"author":1,"featured_media":0,"parent":23,"menu_order":23,"comment_status":"open","ping_status":"open","template":"","meta":{"_monsterinsights_skip_tracking":false,"_monsterinsights_sitenote_active":false,"_monsterinsights_sitenote_note":"","_monsterinsights_sitenote_category":0,"footnotes":""},"class_list":["post-69","page","type-page","status-publish","hentry"],"aioseo_notices":[],"_links":{"self":[{"href":"https:\/\/www.e-business-unternehmensberatung.com\/blog\/wp-json\/wp\/v2\/pages\/69","targetHints":{"allow":["GET"]}}],"collection":[{"href":"https:\/\/www.e-business-unternehmensberatung.com\/blog\/wp-json\/wp\/v2\/pages"}],"about":[{"href":"https:\/\/www.e-business-unternehmensberatung.com\/blog\/wp-json\/wp\/v2\/types\/page"}],"author":[{"embeddable":true,"href":"https:\/\/www.e-business-unternehmensberatung.com\/blog\/wp-json\/wp\/v2\/users\/1"}],"replies":[{"embeddable":true,"href":"https:\/\/www.e-business-unternehmensberatung.com\/blog\/wp-json\/wp\/v2\/comments?post=69"}],"version-history":[{"count":0,"href":"https:\/\/www.e-business-unternehmensberatung.com\/blog\/wp-json\/wp\/v2\/pages\/69\/revisions"}],"up":[{"embeddable":true,"href":"https:\/\/www.e-business-unternehmensberatung.com\/blog\/wp-json\/wp\/v2\/pages\/23"}],"wp:attachment":[{"href":"https:\/\/www.e-business-unternehmensberatung.com\/blog\/wp-json\/wp\/v2\/media?parent=69"}],"curies":[{"name":"wp","href":"https:\/\/api.w.org\/{rel}","templated":true}]}}